{"id":869,"date":"2021-06-23T14:46:10","date_gmt":"2021-06-23T06:46:10","guid":{"rendered":"https:\/\/wanda-chemical.com\/?post_type=product&#038;p=869"},"modified":"2025-05-21T14:48:17","modified_gmt":"2025-05-21T06:48:17","slug":"for-lubricants","status":"publish","type":"product","link":"https:\/\/wanda-chemical.com\/pt\/produto\/for-lubricants\/","title":{"rendered":"para massas e lubrificantes"},"content":{"rendered":"<p data-v-2520dd35=\"\" data-caiyun-traget-id=\"'+i+'\"><strong>Folha de datas\uff1a<\/strong><\/p>\n<p data-v-2520dd35=\"\" data-caiyun-traget-id=\"'+i+'\"><img fetchpriority=\"high\" decoding=\"async\" class=\"alignnone wp-image-1414 size-large\" src=\"https:\/\/wanda-chemical.com\/wp-content\/uploads\/2021\/06\/ptfe3-1024x249.png\" alt=\"\" width=\"800\" height=\"195\" srcset=\"https:\/\/wanda-chemical.com\/wp-content\/uploads\/2021\/06\/ptfe3-1024x249.png 1024w, https:\/\/wanda-chemical.com\/wp-content\/uploads\/2021\/06\/ptfe3-300x73.png 300w, https:\/\/wanda-chemical.com\/wp-content\/uploads\/2021\/06\/ptfe3-768x187.png 768w, https:\/\/wanda-chemical.com\/wp-content\/uploads\/2021\/06\/ptfe3-600x146.png 600w, https:\/\/wanda-chemical.com\/wp-content\/uploads\/2021\/06\/ptfe3.png 1474w\" sizes=\"(max-width: 800px) 100vw, 800px\" \/><\/p>\n<p><strong>Armazenamento e precau\u00e7\u00f5es\uff1a <\/strong><\/p>\n<ul>\n<li>Deve ser conservado num local limpo e seco, na sua embalagem original fechada.<\/li>\n<li>Ler atentamente a ficha de dados de seguran\u00e7a do produto (MSDS) antes de o utilizar, que pode ser obtida junto do fornecedor.<\/li>\n<\/ul>","protected":false},"excerpt":{"rendered":"<p>A adi\u00e7\u00e3o de p\u00f3 de PTFE a lubrificantes e massas lubrificantes pode formular sistemas de lubrifica\u00e7\u00e3o utilizados, respetivamente, sob carga mais baixa a baixas rpm, sob carga m\u00e9dia a m\u00e9dias rpm e sob carga pesada a altas rpm. Para melhorar o desempenho de lubrifica\u00e7\u00e3o sob alta press\u00e3o, e tamb\u00e9m para aumentar a viscosidade dos \u00f3leos de base.<\/p>\n<p>Para Amostra, fornecida gratuitamente<\/p>\n<p>MOQ: 100kgs<\/p>","protected":false},"featured_media":1411,"comment_status":"open","ping_status":"closed","template":"","meta":[],"class_list":["post-869","product","type-product","status-publish","has-post-thumbnail","hentry","product_cat-ptfe-micro-powders"],"_links":{"self":[{"href":"https:\/\/wanda-chemical.com\/pt\/wp-json\/wp\/v2\/product\/869","targetHints":{"allow":["GET"]}}],"collection":[{"href":"https:\/\/wanda-chemical.com\/pt\/wp-json\/wp\/v2\/product"}],"about":[{"href":"https:\/\/wanda-chemical.com\/pt\/wp-json\/wp\/v2\/types\/product"}],"replies":[{"embeddable":true,"href":"https:\/\/wanda-chemical.com\/pt\/wp-json\/wp\/v2\/comments?post=869"}],"wp:featuredmedia":[{"embeddable":true,"href":"https:\/\/wanda-chemical.com\/pt\/wp-json\/wp\/v2\/media\/1411"}],"wp:attachment":[{"href":"https:\/\/wanda-chemical.com\/pt\/wp-json\/wp\/v2\/media?parent=869"}],"curies":[{"name":"wp","href":"https:\/\/api.w.org\/{rel}","templated":true}]}}