{"id":861,"date":"2021-06-22T18:10:08","date_gmt":"2021-06-22T10:10:08","guid":{"rendered":"https:\/\/wanda-chemical.com\/?post_type=product&#038;p=861"},"modified":"2021-07-01T14:54:32","modified_gmt":"2021-07-01T06:54:32","slug":"for-printing-inks","status":"publish","type":"product","link":"https:\/\/wanda-chemical.com\/pt\/produto\/for-printing-inks\/","title":{"rendered":"para tintas de impress\u00e3o"},"content":{"rendered":"<p><strong>Folha de datas\uff1a<\/strong><\/p>\n<p><img fetchpriority=\"high\" decoding=\"async\" class=\"alignnone size-full wp-image-970\" src=\"https:\/\/wanda-chemical.com\/wp-content\/uploads\/2021\/06\/product2.png\" alt=\"\" width=\"942\" height=\"283\" srcset=\"https:\/\/wanda-chemical.com\/wp-content\/uploads\/2021\/06\/product2.png 942w, https:\/\/wanda-chemical.com\/wp-content\/uploads\/2021\/06\/product2-300x90.png 300w, https:\/\/wanda-chemical.com\/wp-content\/uploads\/2021\/06\/product2-768x231.png 768w, https:\/\/wanda-chemical.com\/wp-content\/uploads\/2021\/06\/product2-600x180.png 600w\" sizes=\"(max-width: 942px) 100vw, 942px\" \/><\/p>\n<p>&nbsp;<\/p>\n<p><strong>Armazenamento e precau\u00e7\u00f5es\uff1a <\/strong><\/p>\n<ul>\n<li>Deve ser conservado num local limpo e seco, na sua embalagem original fechada.<\/li>\n<li>Ler atentamente a ficha de dados de seguran\u00e7a do produto (MSDS) antes de o utilizar, que pode ser obtida junto do fornecedor.<\/li>\n<\/ul>","protected":false},"excerpt":{"rendered":"<p>Os micro-p\u00f3s de PTFE s\u00e3o um aditivo e um modificador ideal para v\u00e1rios tipos de tintas de impress\u00e3o que permitem obter anti-ader\u00eancia, menor abras\u00e3o, melhor defini\u00e7\u00e3o e brilho das impress\u00f5es, durabilidade contra o desbotamento, boa resist\u00eancia \u00e0 \u00e1gua e \u00e0 tra\u00e7a, etc. A sua aplica\u00e7\u00e3o em tintas para hectografia\/gravura melhora o desempenho de deslizamento, a suavidade da superf\u00edcie, o brilho e a resist\u00eancia \u00e0 abras\u00e3o, o que facilita a impress\u00e3o a alta velocidade.<\/p>\n<p>Para Amostra, fornecida gratuitamente<\/p>\n<p>MOQ: 100kgs<\/p>","protected":false},"featured_media":860,"comment_status":"open","ping_status":"closed","template":"","meta":[],"class_list":["post-861","product","type-product","status-publish","has-post-thumbnail","hentry","product_cat-ptfe-micro-powders"],"_links":{"self":[{"href":"https:\/\/wanda-chemical.com\/pt\/wp-json\/wp\/v2\/product\/861","targetHints":{"allow":["GET"]}}],"collection":[{"href":"https:\/\/wanda-chemical.com\/pt\/wp-json\/wp\/v2\/product"}],"about":[{"href":"https:\/\/wanda-chemical.com\/pt\/wp-json\/wp\/v2\/types\/product"}],"replies":[{"embeddable":true,"href":"https:\/\/wanda-chemical.com\/pt\/wp-json\/wp\/v2\/comments?post=861"}],"wp:featuredmedia":[{"embeddable":true,"href":"https:\/\/wanda-chemical.com\/pt\/wp-json\/wp\/v2\/media\/860"}],"wp:attachment":[{"href":"https:\/\/wanda-chemical.com\/pt\/wp-json\/wp\/v2\/media?parent=861"}],"curies":[{"name":"wp","href":"https:\/\/api.w.org\/{rel}","templated":true}]}}