{"id":78,"date":"2021-03-06T15:55:43","date_gmt":"2021-03-06T07:55:43","guid":{"rendered":"https:\/\/wanda-chemical.com\/?post_type=product&#038;p=78"},"modified":"2026-03-09T18:13:31","modified_gmt":"2026-03-09T10:13:31","slug":"light-diffusion-agent","status":"publish","type":"product","link":"https:\/\/wanda-chemical.com\/pt\/produto\/light-diffusion-agent\/","title":{"rendered":"Agente de difus\u00e3o da luz"},"content":{"rendered":"<p>No mercado global de agentes difusores de luz, a Shin-Etsu, a Samsung e a Dow Corning s\u00e3o conhecidas pela sua qualidade excecional, embora a um pre\u00e7o superior. Agora, apresentamos uma alternativa inovadora: <b>Agente de difus\u00e3o da luz da Wanda<\/b>. Este produto oferece um valor inigual\u00e1vel, combinando uma qualidade superior com uma boa rela\u00e7\u00e3o custo-benef\u00edcio.<\/p>\n<p>Se existir um produto de elevado desempenho e custo, que seja n\u00e3o s\u00f3 econ\u00f3mico mas tamb\u00e9m de qualidade superior?<\/p>\n<p>Sim, o agente de difus\u00e3o de luz da Wanda pode ajud\u00e1-lo. Como l\u00edder e maior fabricante de agentes de difus\u00e3o de luz da China, a Wanda possui mais de 30 anos de experi\u00eancia. Historicamente, concentr\u00e1mo-nos no mercado nacional, estabelecendo fortes parcerias com empresas de renome como a Pak, a NVC e a Midea. Com volumes de exporta\u00e7\u00e3o crescentes em todo o mundo, estamos confiantes de que o agente difusor de luz da Wanda exceder\u00e1 as suas expectativas.<\/p>\n<p>Segue-se uma introdu\u00e7\u00e3o pormenorizada ao mesmo.<\/p>\n<p>&nbsp;<\/p>\n<p><strong>Descri\u00e7\u00e3o do produto:<\/strong><\/p>\n<p>O agente difusor de luz da Wanda \u00e9 um p\u00f3 de silicone branco e fino. Quando homogeneamente disperso numa matriz de resina, forma in\u00fameras esferas de vidro min\u00fasculas e transparentes. Estas esferas aproveitam a diferen\u00e7a de \u00edndice de refra\u00e7\u00e3o com o substrato para refratar e alterar eficazmente os caminhos da luz, conseguindo uma difus\u00e3o uniforme da luz e uma excelente transmiss\u00e3o de luz. Simultaneamente, cumpre com exatid\u00e3o os seus requisitos rigorosos em termos de nebulosidade e transmit\u00e2ncia.<\/p>\n<p>&nbsp;<\/p>\n<p><strong>Aplica\u00e7\u00e3o:\u00a0<\/strong><\/p>\n<ul>\n<li><b>Ilumina\u00e7\u00e3o LED:<\/b> Abajures LED, coberturas de luz LED, placas difusoras de luz<\/li>\n<li><b>Tecnologia de ecr\u00e3:<\/b> Folhas difusoras de LCD, ecr\u00e3s de TV, grelhas de tubos digitais<\/li>\n<li><b>Sinal\u00e9tica publicit\u00e1ria:<\/b> Caixas de luz publicit\u00e1rias, pain\u00e9is publicit\u00e1rios, caracteres luminosos<\/li>\n<li><b>Produtos de pl\u00e1stico:<\/b> PC, PMMA, PS, ABS, PVC e outros materiais<\/li>\n<li><b>Outras aplica\u00e7\u00f5es:<\/b> Frascos para cosm\u00e9ticos, masterbatches, aditivos para tintas ou pinturas, anti-riscos e agentes de fosqueamento para pl\u00e1sticos.<\/li>\n<\/ul>\n<p>&nbsp;<\/p>\n<p><strong>Carater\u00edsticas:<\/strong><\/p>\n<ul>\n<li><b>Excelentes propriedades de difus\u00e3o da luz:<\/b> Assegura uma distribui\u00e7\u00e3o uniforme da luz e elimina o encandeamento.<\/li>\n<li><b>Alta resist\u00eancia ao impacto:<\/b> Aumenta a durabilidade do material.<\/li>\n<li><b>Equil\u00edbrio \u00f3timo de nebulosidade e transmit\u00e2ncia:<\/b> Consegue uma difus\u00e3o eficaz, mantendo uma elevada transpar\u00eancia da luz.<\/li>\n<li><b>Resist\u00eancia superior a altas temperaturas:<\/b> Adequado para v\u00e1rios ambientes operacionais exigentes.<\/li>\n<li><b>Qualidade de cor est\u00e1vel:<\/b> Garante uma apar\u00eancia consistente durante a utiliza\u00e7\u00e3o a longo prazo.<\/li>\n<li><b>Conformidade com a FDA:<\/b> Pode ser utilizado em materiais de embalagem de pel\u00edcula de poli\u00e9ster, melhorando o seu desempenho anti-aderente.<\/li>\n<\/ul>\n<p>&nbsp;<\/p>\n<p><strong>O mais vendido em compara\u00e7\u00e3o com uma marca famosa:<\/strong><\/p>\n<p><img fetchpriority=\"high\" decoding=\"async\" class=\"alignnone wp-image-81 size-full\" src=\"https:\/\/wanda-chemical.com\/wp-content\/uploads\/2021\/03\/\u548c\u4e09\u661f\u4fe1\u8d8a\u5bf9\u6bd4.png\" alt=\"\" width=\"664\" height=\"240\" srcset=\"https:\/\/wanda-chemical.com\/wp-content\/uploads\/2021\/03\/\u548c\u4e09\u661f\u4fe1\u8d8a\u5bf9\u6bd4.png 664w, https:\/\/wanda-chemical.com\/wp-content\/uploads\/2021\/03\/\u548c\u4e09\u661f\u4fe1\u8d8a\u5bf9\u6bd4-300x108.png 300w, https:\/\/wanda-chemical.com\/wp-content\/uploads\/2021\/03\/\u548c\u4e09\u661f\u4fe1\u8d8a\u5bf9\u6bd4-600x217.png 600w\" sizes=\"(max-width: 664px) 100vw, 664px\" \/><\/p>\n<p>&nbsp;<\/p>\n<p><b>A vantagem de Wanda: superando marcas de renome\u3011<\/b> O agente difusor de luz da Wanda rivaliza e at\u00e9 ultrapassa marcas internacionais bem conhecidas, tanto em termos de qualidade como de rela\u00e7\u00e3o custo-efic\u00e1cia. Estamos particularmente orgulhosos do \"acabamento impec\u00e1vel\" que o nosso produto proporciona.<\/p>\n<p>&nbsp;<\/p>\n<hr \/>\n<p><b>Experimente agora:<\/b><\/p>\n<p>Compreendemos a sua dupla procura de qualidade do produto e efici\u00eancia de custos. Se estiver interessado no agente de difus\u00e3o de luz da Wanda, n\u00e3o hesite em contactar-nos para obter pre\u00e7os detalhados e solicitar uma amostra gr\u00e1tis para teste. Acreditamos que Wanda ser\u00e1 a sua solu\u00e7\u00e3o ideal de difus\u00e3o de luz!<\/p>","protected":false},"excerpt":{"rendered":"<p>Agente de difus\u00e3o de luz tamb\u00e9m chamado de aditivo de difus\u00e3o de luz em p\u00f3 de resina de silicone e base de silicone, \u00e9 usado principalmente para PC, PMMA, PS, ABS, PVC, abajur de LED, cobertura de luz LED, placa de difus\u00e3o de luz, filme de difus\u00e3o de luz, LCD, folha difusora, tela de TV, treli\u00e7a de tubo digital, caixa de luz de publicidade e placa, caracteres emissores de luz, frascos de cosm\u00e9ticos, masterbatches, pintura ou aditivos de tinta, anti-riscos e agente de fosqueamento para pl\u00e1stico, etc.<\/p>\n<p>&nbsp;<\/p>","protected":false},"featured_media":129,"comment_status":"open","ping_status":"closed","template":"","meta":[],"class_list":["post-78","product","type-product","status-publish","has-post-thumbnail","hentry","product_cat-light-diffusion-agent"],"_links":{"self":[{"href":"https:\/\/wanda-chemical.com\/pt\/wp-json\/wp\/v2\/product\/78","targetHints":{"allow":["GET"]}}],"collection":[{"href":"https:\/\/wanda-chemical.com\/pt\/wp-json\/wp\/v2\/product"}],"about":[{"href":"https:\/\/wanda-chemical.com\/pt\/wp-json\/wp\/v2\/types\/product"}],"replies":[{"embeddable":true,"href":"https:\/\/wanda-chemical.com\/pt\/wp-json\/wp\/v2\/comments?post=78"}],"wp:featuredmedia":[{"embeddable":true,"href":"https:\/\/wanda-chemical.com\/pt\/wp-json\/wp\/v2\/media\/129"}],"wp:attachment":[{"href":"https:\/\/wanda-chemical.com\/pt\/wp-json\/wp\/v2\/media?parent=78"}],"curies":[{"name":"wp","href":"https:\/\/api.w.org\/{rel}","templated":true}]}}