{"id":1600,"date":"2025-05-21T15:14:24","date_gmt":"2025-05-21T07:14:24","guid":{"rendered":"https:\/\/wanda-chemical.com\/?post_type=product&#038;p=1600"},"modified":"2025-05-21T15:14:24","modified_gmt":"2025-05-21T07:14:24","slug":"enhance-cosmetic-personal-care-products-with-polymethylsilsesquioxane-pmsq","status":"publish","type":"product","link":"https:\/\/wanda-chemical.com\/pt\/produto\/enhance-cosmetic-personal-care-products-with-polymethylsilsesquioxane-pmsq\/","title":{"rendered":"Melhorar os produtos cosm\u00e9ticos e de cuidados pessoais com Polimetilsilsesquioxano (PMSQ)"},"content":{"rendered":"<p>Resina de silicone em p\u00f3 de qualidade superior para formula\u00e7\u00f5es sem falhas<\/p>\n<figure id=\"attachment_1452\" aria-describedby=\"caption-attachment-1452\" style=\"width: 800px\" class=\"wp-caption aligncenter\"><img fetchpriority=\"high\" decoding=\"async\" class=\"wp-image-1452 size-large\" src=\"https:\/\/wanda-chemical.com\/wp-content\/uploads\/2023\/07\/6-1024x680.jpeg\" alt=\"\" width=\"800\" height=\"531\" srcset=\"https:\/\/wanda-chemical.com\/wp-content\/uploads\/2023\/07\/6-1024x680.jpeg 1024w, https:\/\/wanda-chemical.com\/wp-content\/uploads\/2023\/07\/6-300x199.jpeg 300w, https:\/\/wanda-chemical.com\/wp-content\/uploads\/2023\/07\/6-768x510.jpeg 768w, https:\/\/wanda-chemical.com\/wp-content\/uploads\/2023\/07\/6-1536x1020.jpeg 1536w, https:\/\/wanda-chemical.com\/wp-content\/uploads\/2023\/07\/6-2048x1361.jpeg 2048w, https:\/\/wanda-chemical.com\/wp-content\/uploads\/2023\/07\/6-600x399.jpeg 600w\" sizes=\"(max-width: 800px) 100vw, 800px\" \/><figcaption id=\"caption-attachment-1452\" class=\"wp-caption-text\">P\u00f3 branco PMSQ com efeito de difus\u00e3o da luz<\/figcaption><\/figure>\n<div class=\"mceTemp\"><\/div>\n<p>&nbsp;<\/p>\n<p>Como uma f\u00e1brica de polimetilsilsesquioxano de confian\u00e7a, fornecemos solu\u00e7\u00f5es transformadoras para marcas de cosm\u00e9ticos e de cuidados pessoais. O nosso PMSQ de alta pureza, um p\u00f3 de resina de silicone vers\u00e1til, eleva as experi\u00eancias sensoriais e o desempenho \u00f3tico. Fa\u00e7a uma parceria connosco para obter polimetilsilsesquioxano a granel adaptado a soros anti-envelhecimento, bases mate, protectores solares e produtos avan\u00e7ados para o cuidado do cabelo.<\/p>\n<p>&nbsp;<\/p>\n<h2><\/h2>\n<h2><strong>Porqu\u00ea o polimetilsilsesquioxano (PMSQ)?<\/strong><\/h2>\n<h3>Ingrediente Cosm\u00e9tico Multifuncional<\/h3>\n<p>Derivado do metiltrimetoxisilano atrav\u00e9s de hidr\u00f3lise e condensa\u00e7\u00e3o, a estrutura esf\u00e9rica de silicone em p\u00f3 do PMSQ proporciona..:<\/p>\n<ul>\n<li>\u00d3tica de focagem suave para esbater r\u00eddulas, rugas e poros<\/li>\n<li>Acabamento mate com absor\u00e7\u00e3o de sebo superior (60-90 g\/100g)<\/li>\n<li>\u00cdndice de refra\u00e7\u00e3o de difus\u00e3o da luz (~1,42-1,45)<\/li>\n<li>Textura sedosa e n\u00e3o oleosa refor\u00e7ada por part\u00edculas esf\u00e9ricas (3-8 \u00b5m)<\/li>\n<li>Melhoria da espalhabilidade e estabilidade em lo\u00e7\u00f5es, protectores solares e p\u00f3s<\/li>\n<\/ul>\n<p>&nbsp;<\/p>\n<h2><\/h2>\n<h2>Benef\u00edcios para os formuladores com base cient\u00edfica<\/h2>\n<h3>Principais aplica\u00e7\u00f5es<\/h3>\n<table>\n<tbody>\n<tr>\n<td>Categoria<\/td>\n<td>Casos de utiliza\u00e7\u00e3o<\/td>\n<td>Principais benef\u00edcios<\/td>\n<\/tr>\n<tr>\n<td>Cuidados com a pele<\/td>\n<td>S\u00e9runs, Prim\u00e1rios, Hidratantes<\/td>\n<td>Desfoca as imperfei\u00e7\u00f5es, controla a oleosidade<\/td>\n<\/tr>\n<tr>\n<td>Cosm\u00e9ticos de cor<\/td>\n<td>Bases, P\u00f3s, Corretores<\/td>\n<td>Acabamento mate sem peso<\/td>\n<\/tr>\n<tr>\n<td>Protectores solares<\/td>\n<td>Formula\u00e7\u00f5es de prote\u00e7\u00e3o UV<\/td>\n<td>Aumenta a efic\u00e1cia do FPS, reduz a oleosidade<\/td>\n<\/tr>\n<tr>\n<td>Cuidados com o cabelo<\/td>\n<td>Produtos para penteados, champ\u00f4s secos<\/td>\n<td>Toque sedoso n\u00e3o oleoso<\/td>\n<\/tr>\n<\/tbody>\n<\/table>\n<p><em><i>(Sugest\u00e3o de barra lateral: \"Sabia que? A forma esf\u00e9rica do PMSQ minimiza a aglomera\u00e7\u00e3o para uma aplica\u00e7\u00e3o mais suave.\")<\/i><\/em><\/p>\n<p>&nbsp;<\/p>\n<h2><img decoding=\"async\" class=\"aligncenter wp-image-1499 size-full\" src=\"https:\/\/wanda-chemical.com\/wp-content\/uploads\/2023\/12\/2.webp\" alt=\"\" width=\"800\" height=\"800\" srcset=\"https:\/\/wanda-chemical.com\/wp-content\/uploads\/2023\/12\/2.webp 800w, https:\/\/wanda-chemical.com\/wp-content\/uploads\/2023\/12\/2-300x300.webp 300w, https:\/\/wanda-chemical.com\/wp-content\/uploads\/2023\/12\/2-150x150.webp 150w, https:\/\/wanda-chemical.com\/wp-content\/uploads\/2023\/12\/2-768x768.webp 768w, https:\/\/wanda-chemical.com\/wp-content\/uploads\/2023\/12\/2-600x600.webp 600w, https:\/\/wanda-chemical.com\/wp-content\/uploads\/2023\/12\/2-100x100.webp 100w\" sizes=\"(max-width: 800px) 100vw, 800px\" \/><\/h2>\n<h2>Especifica\u00e7\u00f5es t\u00e9cnicas<\/h2>\n<table>\n<tbody>\n<tr>\n<td>Im\u00f3veis<\/td>\n<td>Valor<\/td>\n<td>Vantagem da formula\u00e7\u00e3o<\/td>\n<\/tr>\n<tr>\n<td>Nome INCI<\/td>\n<td>Polimetilsilsesquioxano<\/td>\n<td>Conformidade reconhecida mundialmente<\/td>\n<\/tr>\n<tr>\n<td>Apar\u00eancia<\/td>\n<td>P\u00f3 branco de fluxo livre<\/td>\n<td>F\u00e1cil mistura em fases oleosas\/anidras<\/td>\n<\/tr>\n<tr>\n<td>Tamanho das part\u00edculas<\/td>\n<td>3-8 \u00b5m<\/td>\n<td>Equil\u00edbrio t\u00e1til e \u00f3tico \u00f3timo<\/td>\n<\/tr>\n<tr>\n<td>Absor\u00e7\u00e3o de \u00f3leo<\/td>\n<td>60-90 g\/100g<\/td>\n<td>Controlo do brilho de longa dura\u00e7\u00e3o<\/td>\n<\/tr>\n<tr>\n<td>Densidade a granel<\/td>\n<td>0,20-0,40 g\/cm\u00b3<\/td>\n<td>Textura consistente do produto<\/td>\n<\/tr>\n<\/tbody>\n<\/table>\n<p>&nbsp;<\/p>\n<h2><\/h2>\n<h2>Diretrizes de utiliza\u00e7\u00e3o<\/h2>\n<ul>\n<li>Dosagem:\n<ul>\n<li>1-5%: Melhoria do acabamento mate<\/li>\n<li>5-10%: Desfocagem de rugas\/poros<\/li>\n<li>At\u00e9 20%: P\u00f3s de alto desempenho<\/li>\n<\/ul>\n<\/li>\n<li>Compatibilidade: Funciona na perfei\u00e7\u00e3o com silicones, \u00e9steres e filtros UV org\u00e2nicos.<\/li>\n<li>Seguran\u00e7a: Part\u00edculas n\u00e3o irritantes e n\u00e3o penetrantes, adequadas para peles sens\u00edveis.<\/li>\n<\/ul>\n<h2><img decoding=\"async\" class=\"aligncenter wp-image-1456 size-full\" src=\"https:\/\/wanda-chemical.com\/wp-content\/uploads\/2023\/07\/8.png\" alt=\"\" width=\"670\" height=\"457\" srcset=\"https:\/\/wanda-chemical.com\/wp-content\/uploads\/2023\/07\/8.png 670w, https:\/\/wanda-chemical.com\/wp-content\/uploads\/2023\/07\/8-300x205.png 300w, https:\/\/wanda-chemical.com\/wp-content\/uploads\/2023\/07\/8-600x409.png 600w\" sizes=\"(max-width: 670px) 100vw, 670px\" \/><\/h2>\n<h2>O que dizem os clientes<\/h2>\n<p><em><i>\"O PMSQ revolucionou a nossa linha de bases mate. O toque sedoso e o efeito de esbatimento dos poros excederam as expectativas.\"<\/i><\/em><br \/>\n- Formulador principal, marca de cosm\u00e9ticos de prest\u00edgio<\/p>\n<p><em><i>\"Obteve resultados excepcionais de soft-focus em soros anti-envelhecimento com PMSQ. O apoio t\u00e9cnico foi excelente.\"<\/i><\/em><br \/>\n- Diretor de I&amp;D, Boutique Skincare Lab<\/p>\n<p>&nbsp;<\/p>\n<h2><\/h2>\n<h2>Porqu\u00ea escolher o nosso PMSQ?<\/h2>\n<ul>\n<li>Alta pureza: Consist\u00eancia de polimetilsilsesquioxano &gt;99%<\/li>\n<li>Qu\u00edmica Respons\u00e1vel: Baixa persist\u00eancia ambiental em compara\u00e7\u00e3o com os pol\u00edmeros tradicionais<\/li>\n<li>Suporte especializado: Tire partido da nossa experi\u00eancia em silicone e agentes de difus\u00e3o de luz<\/li>\n<\/ul>\n<p>&nbsp;<\/p>\n<p>&nbsp;<\/p>\n<p>Pronto para inovar?<br \/>\nMelhore a sua linha de produtos cosm\u00e9ticos e de cuidados pessoais com o nosso p\u00f3 de polimetilsilsesquioxano de qualidade superior.<br \/>\n\ud83d\udce9 Contacte-nos hoje para:<\/p>\n<ul>\n<li>Amostras gr\u00e1tis de PMSQ<\/li>\n<li>Orienta\u00e7\u00e3o de formula\u00e7\u00e3o personalizada<\/li>\n<li>Consultas para encomendas em massa<\/li>\n<\/ul>\n<p>&nbsp;<\/p>","protected":false},"excerpt":{"rendered":"<h2>Porqu\u00ea escolher o nosso PMSQ?<\/h2>\n<ul>\n<li>Alta pureza: Consist\u00eancia de polimetilsilsesquioxano &gt;99%<\/li>\n<li>Qu\u00edmica Respons\u00e1vel: Baixa persist\u00eancia ambiental em compara\u00e7\u00e3o com os pol\u00edmeros tradicionais<\/li>\n<li>Suporte especializado: Tire partido da nossa experi\u00eancia em silicone e agentes de difus\u00e3o de luz<\/li>\n<\/ul>\n<p>&nbsp;<\/p>\n<p class=\"p1\"><strong>Pelo pre\u00e7o<span class=\"s1\">,<\/span><\/strong>\u00a0contacte-nos<span class=\"s1\">,<\/span>\u00a0detalhes da cota\u00e7\u00e3o deste p\u00f3 de resina de silicone ir\u00e1 enviar-lhe para refer\u00eancia.<\/p>\n<p class=\"p1\"><strong>Para amostra<\/strong><span class=\"s1\">,<\/span>\u00a0fornecido gratuitamente<\/p>\n<p class=\"p1\"><strong>MOQ:<\/strong> 120 kg<\/p>\n<p class=\"p1\"><strong>C\u00f3digo H.S:<\/strong>\u00a039100090<\/p>\n<p class=\"p1\"><strong>Termo de troca:<\/strong>\u00a0EXW\/FOB\/CFR\/CIF est\u00e3o dispon\u00edveis<\/p>","protected":false},"featured_media":1456,"comment_status":"open","ping_status":"closed","template":"","meta":[],"class_list":["post-1600","product","type-product","status-publish","has-post-thumbnail","hentry","product_cat-silicone-resin-powder"],"_links":{"self":[{"href":"https:\/\/wanda-chemical.com\/pt\/wp-json\/wp\/v2\/product\/1600","targetHints":{"allow":["GET"]}}],"collection":[{"href":"https:\/\/wanda-chemical.com\/pt\/wp-json\/wp\/v2\/product"}],"about":[{"href":"https:\/\/wanda-chemical.com\/pt\/wp-json\/wp\/v2\/types\/product"}],"replies":[{"embeddable":true,"href":"https:\/\/wanda-chemical.com\/pt\/wp-json\/wp\/v2\/comments?post=1600"}],"wp:featuredmedia":[{"embeddable":true,"href":"https:\/\/wanda-chemical.com\/pt\/wp-json\/wp\/v2\/media\/1456"}],"wp:attachment":[{"href":"https:\/\/wanda-chemical.com\/pt\/wp-json\/wp\/v2\/media?parent=1600"}],"curies":[{"name":"wp","href":"https:\/\/api.w.org\/{rel}","templated":true}]}}