{"id":147,"date":"2021-03-15T18:10:03","date_gmt":"2021-03-15T10:10:03","guid":{"rendered":"https:\/\/wanda-chemical.com\/?post_type=product&#038;p=147"},"modified":"2023-07-03T14:48:28","modified_gmt":"2023-07-03T06:48:28","slug":"for-cosmetics-application","status":"publish","type":"product","link":"https:\/\/wanda-chemical.com\/pt\/produto\/for-cosmetics-application\/","title":{"rendered":"para aplica\u00e7\u00e3o em cosm\u00e9ticos"},"content":{"rendered":"<p><span style=\"color: #008000;\"><strong><span class=\"text-dst\">Outros nomes: <\/span><\/strong><\/span>Resina de silicone esf\u00e9rica em p\u00f3, resina de silicone microesf\u00e9rica em p\u00f3, resina de silicone em p\u00f3, polimetilsesquioxano, PMSQ em p\u00f3, dimetilsiloxano<\/p>\n<p>&nbsp;<\/p>\n<div class=\"page\" title=\"P\u00e1gina 1\">\n<div class=\"layoutArea\">\n<div class=\"column\">\n<p><span style=\"color: #008000;\"><strong><span class=\"text-dst\">Aplica\u00e7\u00e3o:<\/span><\/strong><\/span><\/p>\n<\/div>\n<\/div>\n<div class=\"section\">\n<div class=\"layoutArea\">\n<div class=\"column\">\n<ul>\n<li>Produtos de prote\u00e7\u00e3o solar: protetor solar, emuls\u00e3o de prote\u00e7\u00e3o<\/li>\n<li>Cosm\u00e9ticos de cor: batons, bases, sombras para os olhos, p\u00f3 compacto, p\u00f3 solto<\/li>\n<li>Produtos de cuidado da pele: creme de noite, creme anti-envelhecimento e antirrugas, creme BB<\/li>\n<li>Cuidados pessoais: lo\u00e7\u00f5es para o corpo<\/li>\n<\/ul>\n<\/div>\n<\/div>\n<\/div>\n<\/div>\n<p>&nbsp;<\/p>\n<p><span style=\"color: #008000;\"><strong><span class=\"text-dst\">Que tal a sua vantagem para os cosm\u00e9ticos?\u00a0<\/span><\/strong><\/span><\/p>\n<p><span class=\"text-dst\">1.)<\/span>Absorvente de \u00f3leo n\u00e3o polar e f\u00e1cil de dispersar tanto em \u00e1gua como em \u00f3leo<\/p>\n<p>2.) A estrutura esf\u00e9rica confere aos cosm\u00e9ticos uma boa suavidade e um melhor toque sedoso, tornando-os mais f\u00e1ceis de espalhar.<\/p>\n<p>3.) Pode ser utilizado em p\u00f3 prensado para melhorar a sua resist\u00eancia \u00e0 fratura.<\/p>\n<p>4.) As propriedades org\u00e2nicas podem melhorar a ader\u00eancia do produto \u00e0 pele e evitar eficazmente a perda de maquilhagem.<\/p>\n<p>5.) A carater\u00edstica de um \u00edndice de refra\u00e7\u00e3o elevado provoca a dispers\u00e3o da luz incidente, enfraquece o contraste entre a luz facial e a sombra e produz o efeito de \"desfocagem \u00f3tica\" ou \"focagem suave\".<\/p>\n<p>6.)Preencher as rugas finas e tornar a pele mais suave e lubrificada<\/p>\n<p>&nbsp;<\/p>\n<p><span style=\"color: #008000;\"><strong><span class=\"text-dst\">Dicas quentes:<\/span><\/strong><\/span><\/p>\n<p>O r\u00e1cio de mistura geral deste tipo de borracha de silicone \u00e9 de 0,5-0,8%. Os clientes podem ajust\u00e1-lo de forma flex\u00edvel de acordo com o material da matriz, a utiliza\u00e7\u00e3o efectiva, a espessura do material, o tratamento de superf\u00edcie e outras necessidades.<\/p>","protected":false},"excerpt":{"rendered":"<p>O p\u00f3 de resina de silicone pode ser utilizado em cosm\u00e9ticos. Pode melhorar a sensa\u00e7\u00e3o, a resist\u00eancia ao suor e a capacidade de mascarar os cosm\u00e9ticos, tais como bases e produtos de cuidados da pele.<\/p>\n<p class=\"p1\"><strong>Pelo pre\u00e7o<span class=\"s1\">,<\/span><\/strong>\u00a0contacte-nos<span class=\"s1\">,<\/span> detalhes da cota\u00e7\u00e3o deste p\u00f3 de resina de silicone ir\u00e1 enviar-lhe para refer\u00eancia.<\/p>\n<p class=\"p1\"><strong>Para amostra<\/strong><span class=\"s1\">,<\/span>\u00a0fornecido gratuitamente<\/p>\n<p class=\"p1\"><strong>MOQ:<\/strong>\u00a0100 kg<\/p>\n<p class=\"p1\"><strong>C\u00f3digo H.S:<\/strong>\u00a039100090<\/p>\n<p class=\"p1\"><strong>Termo de troca:<\/strong>\u00a0EXW\/FOB\/CFR\/CIF est\u00e3o dispon\u00edveis<\/p>","protected":false},"featured_media":148,"comment_status":"open","ping_status":"closed","template":"","meta":[],"class_list":["post-147","product","type-product","status-publish","has-post-thumbnail","hentry","product_cat-silicone-resin-powder"],"_links":{"self":[{"href":"https:\/\/wanda-chemical.com\/pt\/wp-json\/wp\/v2\/product\/147","targetHints":{"allow":["GET"]}}],"collection":[{"href":"https:\/\/wanda-chemical.com\/pt\/wp-json\/wp\/v2\/product"}],"about":[{"href":"https:\/\/wanda-chemical.com\/pt\/wp-json\/wp\/v2\/types\/product"}],"replies":[{"embeddable":true,"href":"https:\/\/wanda-chemical.com\/pt\/wp-json\/wp\/v2\/comments?post=147"}],"wp:featuredmedia":[{"embeddable":true,"href":"https:\/\/wanda-chemical.com\/pt\/wp-json\/wp\/v2\/media\/148"}],"wp:attachment":[{"href":"https:\/\/wanda-chemical.com\/pt\/wp-json\/wp\/v2\/media?parent=147"}],"curies":[{"name":"wp","href":"https:\/\/api.w.org\/{rel}","templated":true}]}}