{"id":1422,"date":"2023-06-09T09:50:54","date_gmt":"2023-06-09T01:50:54","guid":{"rendered":"https:\/\/wanda-chemical.com\/?post_type=product&#038;p=1422"},"modified":"2023-06-09T10:01:46","modified_gmt":"2023-06-09T02:01:46","slug":"anti-dripping-agent-%e5%a4%8d%e5%88%b6","status":"publish","type":"product","link":"https:\/\/wanda-chemical.com\/pt\/produto\/anti-dripping-agent-%e5%a4%8d%e5%88%b6\/","title":{"rendered":"Agente anti-gotejamento WD-9570"},"content":{"rendered":"<p><strong><b>Aplica\u00e7\u00e3o:<\/b><\/strong><\/p>\n<p>Adequado para termopl\u00e1sticos, tais como PC, PS, ABS, liga PC\/ABS que requerem o cumprimento da norma UL94 V0.<\/p>\n<p>Evita o gotejamento de pl\u00e1sticos quando s\u00e3o queimados<\/p>\n<p>&nbsp;<\/p>\n<p><strong><b>Propriedades f\u00edsicas: <\/b><\/strong><\/p>\n<table>\n<tbody>\n<tr>\n<td width=\"170\">\n<p style=\"text-align: center;\"><strong><b>D<\/b><\/strong><strong><b>ata<\/b><\/strong><\/p>\n<\/td>\n<td width=\"224\">\n<p style=\"text-align: center;\"><strong><b>WD-<\/b><\/strong><strong><b>9<\/b><\/strong><strong><b>570<\/b><\/strong><\/p>\n<\/td>\n<\/tr>\n<tr>\n<td width=\"170\">\n<p style=\"text-align: center;\"><strong><b>A granel<\/b><\/strong>\u00a0<strong><b>densidade<\/b><\/strong><\/p>\n<\/td>\n<td width=\"224\">\n<p style=\"text-align: center;\"><strong><b>~400<\/b><\/strong><strong><b>g<\/b><\/strong><strong><b>\/<\/b><\/strong><strong><b>L<\/b><\/strong><\/p>\n<\/td>\n<\/tr>\n<tr>\n<td width=\"170\">\n<p style=\"text-align: center;\"><strong><b>A<\/b><\/strong><strong><b>apar\u00eancia<\/b><\/strong><\/p>\n<\/td>\n<td width=\"224\">\n<p style=\"text-align: center;\"><strong><b>W<\/b><\/strong><strong><b>h<\/b><\/strong><strong><b>ite<\/b><\/strong>\u00a0<strong><b>p\u00f3<\/b><\/strong><\/p>\n<\/td>\n<\/tr>\n<tr>\n<td width=\"170\">\n<p style=\"text-align: center;\"><strong><b>PTFE<\/b><\/strong>\u00a0<strong><b>conte\u00fado<\/b><\/strong><\/p>\n<\/td>\n<td width=\"224\">\n<p style=\"text-align: center;\"><strong><b>70%<\/b><\/strong><\/p>\n<\/td>\n<\/tr>\n<\/tbody>\n<\/table>\n<p>&nbsp;<\/p>\n<p><strong><b>Taxa de dosagem t\u00edpica:<\/b><\/strong><\/p>\n<table>\n<tbody>\n<tr>\n<td width=\"255\">\n<p style=\"text-align: center;\"><strong><b>M<\/b><\/strong><strong><b>a<\/b><\/strong><strong><b>terial<\/b><\/strong><\/p>\n<\/td>\n<td width=\"253\">\n<p style=\"text-align: center;\"><strong><b>Dos<\/b><\/strong><strong><b>idade<\/b><\/strong>\u00a0<strong><b>R\u00e1cio<\/b><\/strong><\/p>\n<\/td>\n<\/tr>\n<tr>\n<td width=\"255\">\n<p style=\"text-align: center;\"><strong><b>PC\/ABS<\/b><\/strong><\/p>\n<\/td>\n<td width=\"253\">\n<p style=\"text-align: center;\">0.20% &#8211; 0.30%<\/p>\n<\/td>\n<\/tr>\n<tr>\n<td width=\"255\">\n<p style=\"text-align: center;\"><strong><b>P<\/b><\/strong><strong><b>C<\/b><\/strong><\/p>\n<\/td>\n<td width=\"253\">\n<p style=\"text-align: center;\">0.15% -0.20%<\/p>\n<\/td>\n<\/tr>\n<tr>\n<td width=\"255\">\n<p style=\"text-align: center;\"><strong><b>A<\/b><\/strong><strong><b>BS<\/b><\/strong><\/p>\n<\/td>\n<td width=\"253\">\n<p style=\"text-align: center;\">0.15%- 0.30%<\/p>\n<\/td>\n<\/tr>\n<\/tbody>\n<\/table>\n<p>&nbsp;<\/p>\n<p><strong><b>S<\/b><\/strong><strong><b>h<\/b><\/strong><strong><b>elfo L<\/b><\/strong><strong><b>i<\/b><\/strong><strong><b>fe: <\/b><\/strong><\/p>\n<p>Quando armazenado a uma temperatura igual ou inferior a 25\u00b0C nas embalagens originais n\u00e3o abertas, o prazo de validade \u00e9 de 3 anos a partir da data de produ\u00e7\u00e3o.<\/p>\n<p>&nbsp;<\/p>\n<p><strong><b>Armazenamento e precau\u00e7\u00f5es\uff1a<\/b><\/strong><\/p>\n<p>*Deve ser conservado num local limpo e seco, na sua embalagem original fechada.<\/p>\n<p>*Ler atentamente a ficha de dados de seguran\u00e7a do produto (MSDS) antes de o utilizar, que pode ser obtida junto do fornecedor.<\/p>","protected":false},"excerpt":{"rendered":"<p>O WD-9570 foi desenvolvido como um aditivo anti-gotejamento para pl\u00e1stico que \u00e9 composto por p\u00f3 de PTFE de elevado peso molecular.<\/p>\n<p>Pode aumentar a viscosidade da fus\u00e3o devido ao PTFE de elevado peso molecular que \u00e9 fibrilado por press\u00e3o sobre as part\u00edculas.    Normalmente utilizado em combina\u00e7\u00e3o com retardadores de chama.<\/p>\n<p>O WD-9570 est\u00e1 em conformidade com os requisitos da norma UL 94.<\/p>","protected":false},"featured_media":875,"comment_status":"open","ping_status":"closed","template":"","meta":[],"class_list":["post-1422","product","type-product","status-publish","has-post-thumbnail","hentry","product_cat-antidripping-agent","product_tag-antidripping-agent"],"_links":{"self":[{"href":"https:\/\/wanda-chemical.com\/pt\/wp-json\/wp\/v2\/product\/1422","targetHints":{"allow":["GET"]}}],"collection":[{"href":"https:\/\/wanda-chemical.com\/pt\/wp-json\/wp\/v2\/product"}],"about":[{"href":"https:\/\/wanda-chemical.com\/pt\/wp-json\/wp\/v2\/types\/product"}],"replies":[{"embeddable":true,"href":"https:\/\/wanda-chemical.com\/pt\/wp-json\/wp\/v2\/comments?post=1422"}],"wp:featuredmedia":[{"embeddable":true,"href":"https:\/\/wanda-chemical.com\/pt\/wp-json\/wp\/v2\/media\/875"}],"wp:attachment":[{"href":"https:\/\/wanda-chemical.com\/pt\/wp-json\/wp\/v2\/media?parent=1422"}],"curies":[{"name":"wp","href":"https:\/\/api.w.org\/{rel}","templated":true}]}}