{"id":142,"date":"2021-03-15T16:22:56","date_gmt":"2021-03-15T08:22:56","guid":{"rendered":"https:\/\/wanda-chemical.com\/?post_type=product&#038;p=142"},"modified":"2023-07-03T14:50:06","modified_gmt":"2023-07-03T06:50:06","slug":"for-paint-coating-ink-applications","status":"publish","type":"product","link":"https:\/\/wanda-chemical.com\/pt\/produto\/for-paint-coating-ink-applications\/","title":{"rendered":"para aplica\u00e7\u00f5es de tintas\/ revestimentos\/ tintas de impress\u00e3o"},"content":{"rendered":"<p><span class=\"text-dst\">O p\u00f3 de resina de silicone \u00e9 uma esp\u00e9cie de p\u00f3 esf\u00e9rico multifuncional de resina de silicone micronizada, insol\u00favel em \u00e1gua, n\u00e3o inflam\u00e1vel e com excelente resist\u00eancia ao calor, pelo que, quando utilizado em tintas e revestimentos, pode melhorar a sensa\u00e7\u00e3o mate, a suavidade e a hidrofobicidade da superf\u00edcie. <\/span><span class=\"text-dst hl\">\u00c9 adequado para revestimentos e aditivos de tinta com elevada resist\u00eancia ao calor e resist\u00eancia a solventes e pode ser utilizado para tintas de madeira de alta qualidade.<\/span><\/p>\n<div class=\"page\" title=\"P\u00e1gina 1\">\n<div class=\"section\">\n<div class=\"layoutArea\">\n<div class=\"column\">\n<p>Entretanto, pode ser utilizado como aditivo dispersante e anti-flocula\u00e7\u00e3o de pigmentos, melhorar o controlo da eletrifica\u00e7\u00e3o e a fluidez dos toners e melhorar a processabilidade de todos os tipos de detergentes e produtos de cera.<\/p>\n<p>A adi\u00e7\u00e3o geral \u00e9 de 0,5-2,0%. Os clientes podem ajust\u00e1-lo de forma flex\u00edvel de acordo com o material da matriz, a utiliza\u00e7\u00e3o efectiva, a espessura do material, o tratamento de superf\u00edcie e outras necessidades.<\/p>\n<\/div>\n<\/div>\n<\/div>\n<\/div>","protected":false},"excerpt":{"rendered":"<p>O p\u00f3 de resina de silicone utilizado em tintas, revestimentos, tintas de impress\u00e3o, pode melhorar a dispersibilidade de pigmentos e p\u00f3s na f\u00f3rmula e melhorar efetivamente a lubrifica\u00e7\u00e3o e a sensa\u00e7\u00e3o dos produtos.<\/p>\n<p class=\"p1\">Podemos personalizar o \u00edndice de refra\u00e7\u00e3o<span class=\"s1\">,<\/span> neblina<span class=\"s1\">,<\/span> transmit\u00e2ncia de acordo com as suas necessidades.<\/p>\n<p class=\"p1\"><strong>Pelo pre\u00e7o<span class=\"s1\">,<\/span><\/strong> contacte-nos<span class=\"s1\">,<\/span> detalhes da cota\u00e7\u00e3o deste p\u00f3 de resina de silicone ir\u00e1 enviar-lhe para refer\u00eancia.<\/p>\n<p class=\"p1\"><strong>Para amostra<\/strong><span class=\"s1\">,<\/span> fornecido gratuitamente<\/p>\n<p class=\"p1\"><strong>MOQ:<\/strong> 100 kg<\/p>\n<p class=\"p1\"><strong>C\u00f3digo H.S:<\/strong> 39100090<\/p>\n<p class=\"p1\"><strong>Termo de troca:<\/strong> EXW\/FOB\/CFR\/CIF est\u00e3o dispon\u00edveis<\/p>","protected":false},"featured_media":143,"comment_status":"open","ping_status":"closed","template":"","meta":[],"class_list":["post-142","product","type-product","status-publish","has-post-thumbnail","hentry","product_cat-silicone-resin-powder"],"_links":{"self":[{"href":"https:\/\/wanda-chemical.com\/pt\/wp-json\/wp\/v2\/product\/142","targetHints":{"allow":["GET"]}}],"collection":[{"href":"https:\/\/wanda-chemical.com\/pt\/wp-json\/wp\/v2\/product"}],"about":[{"href":"https:\/\/wanda-chemical.com\/pt\/wp-json\/wp\/v2\/types\/product"}],"replies":[{"embeddable":true,"href":"https:\/\/wanda-chemical.com\/pt\/wp-json\/wp\/v2\/comments?post=142"}],"wp:featuredmedia":[{"embeddable":true,"href":"https:\/\/wanda-chemical.com\/pt\/wp-json\/wp\/v2\/media\/143"}],"wp:attachment":[{"href":"https:\/\/wanda-chemical.com\/pt\/wp-json\/wp\/v2\/media?parent=142"}],"curies":[{"name":"wp","href":"https:\/\/api.w.org\/{rel}","templated":true}]}}