{"id":136,"date":"2021-03-15T15:21:51","date_gmt":"2021-03-15T07:21:51","guid":{"rendered":"https:\/\/wanda-chemical.com\/?post_type=product&#038;p=136"},"modified":"2026-04-09T07:21:40","modified_gmt":"2026-04-08T23:21:40","slug":"for-lda-masterbatch-application","status":"publish","type":"product","link":"https:\/\/wanda-chemical.com\/pt\/produto\/for-lda-masterbatch-application\/","title":{"rendered":"para aplica\u00e7\u00e3o de LDA Masterbatch"},"content":{"rendered":"<div class=\"textpanel\">\n<div class=\"textpanel-container clearfix\">\n<div class=\"textpanel-target\">\n<div class=\"textpanel-target-textblock\">\n<p><span class=\"text-dst\">A l\u00e2mpada LED \u00e9 uma tend\u00eancia de desenvolvimento futuro, mas a luz LED ainda \u00e9 muito forte, a luz \u00e9 muito deslumbrante. <\/span><span class=\"text-dst\">Como suavizar a luz das l\u00e2mpadas LED, e a perda de energia luminosa \u00e9 muito pequena, este \u00e9 o problema a ser resolvido pelo difusor de luz e pelo masterbatch de difus\u00e3o de luz.<\/span><\/p>\n<p><span class=\"text-dst\">Os valores de PC e PMMA s\u00e3o altamente transparentes, e a perda de energia luminosa \u00e9 muito pequena quando a luz passa atrav\u00e9s deles, pelo que s\u00e3o frequentemente selecionados como substratos para abajures e outros materiais \u00f3pticos.<\/span><\/p>\n<p><span class=\"text-dst\">O abajur tradicional consiste em adicionar um difusor de luz inorg\u00e2nico ao PC e PMMA, como sulfato de b\u00e1rio, di\u00f3xido de sil\u00edcio, etc. <\/span><span class=\"text-dst\">Quando estas nanopart\u00edculas inorg\u00e2nicas s\u00e3o adicionadas, a luz ser\u00e1 refractada atrav\u00e9s da superf\u00edcie de part\u00edculas min\u00fasculas por v\u00e1rias vezes para conseguir a difus\u00e3o da luz, que \u00e9 o efeito da fosforesc\u00eancia. <\/span><span class=\"text-dst\">No entanto, como a luz n\u00e3o consegue atravessar estas nanopart\u00edculas inorg\u00e2nicas, h\u00e1 uma grande perda de energia luminosa. <\/span><span class=\"text-dst\">Por outras palavras, embora o aditivo inorg\u00e2nico possa alterar a suavidade, n\u00e3o consegue obter um efeito de brilho.<\/span><\/p>\n<p><span class=\"text-dst\">Atualmente, o nosso agente de difus\u00e3o de luz org\u00e2nica Wanda pode passar atrav\u00e9s da pr\u00f3pria luz, por isso pode resolver o problema de fosforesc\u00eancia e transmiss\u00e3o de luz. <\/span><span class=\"text-dst\">Este tipo de difusor de luz utiliza a diferen\u00e7a de \u00edndice de refra\u00e7\u00e3o entre o substrato e as p\u00e9rolas, dispersando as min\u00fasculas nano p\u00e9rolas uniformemente na resina, a luz que entra passa atrav\u00e9s da esfera de p\u00e9rolas, refrata-se no corpo v\u00edtreo e depois penetra, de modo a que a fonte de luz pontual se torne uma fonte de luz superficial, expandindo assim a superf\u00edcie luminosa e suavizando a luz. Finalmente, a luz \u00e9 refractada v\u00e1rias vezes para obter um efeito de fosforesc\u00eancia suave.\u00a0<\/span><span class=\"text-dst\">A pr\u00f3pria p\u00e9rola transmite luz, pelo que a perda de energia luminosa \u00e9 muito pequena.\u00a0<\/span><span class=\"text-dst\">Por conseguinte, este difusor de luz org\u00e2nico pode alcan\u00e7ar o efeito de fosforesc\u00eancia e transmiss\u00e3o de luz.<\/span><\/p>\n<p><span class=\"text-dst hl\">Como sabemos, o m\u00e9todo de processamento tradicional consiste apenas na adi\u00e7\u00e3o direta de um difusor \u00f3tico, que \u00e9 dispendioso e dif\u00edcil de resolver o problema da dispers\u00e3o, resultando numa transmiss\u00e3o de luz desigual da placa de circuito impresso.<\/span><\/p>\n<\/div>\n<\/div>\n<\/div>\n<div class=\"textpanel-tool tool-voice\" data-type=\"target\" data-tips=\"\u53d1\u97f3\" data-limit=\"500\"><\/div>\n<div class=\"textpanel-container clearfix\">\n<div class=\"textpanel-target\">\n<div class=\"textpanel-tool tool-copy\" data-tips=\"\u590d\u5236\">Por isso, nasceu o LDA Masterbatch, que<span class=\"text-dst\"> tem um excelente efeito de dispers\u00e3o e resolve eficazmente o problema do nivelamento da luz e \u00e9 extremamente eficaz para aumentar a dispers\u00e3o e a transmiss\u00e3o da luz.<\/span><\/div>\n<\/div>\n<\/div>\n<\/div>","protected":false},"excerpt":{"rendered":"<p>O masterbatch LDA \u00e9 um aditivo de difus\u00e3o de luz LED\/LCD altamente eficiente. Aplica-se principalmente a resinas transparentes de PC, PVC, PC, PMMA e PET.<\/p>\n<p class=\"p2\">O nosso agente de difus\u00e3o de luz deste tipo \u00e9 um dos tr\u00eas principais produtos em todas as nossas aplica\u00e7\u00f5es<span class=\"s1\">Estamos t\u00e3o confiantes de que ficar\u00e1 muito satisfeito com a sua<\/span> qualidade excecional e pre\u00e7o atrativo.<\/p>\n<p class=\"p2\">Podemos personalizar o \u00edndice de refra\u00e7\u00e3o<span class=\"s1\">,<\/span> neblina<span class=\"s1\">,<\/span> transmit\u00e2ncia de acordo com as suas necessidades.<\/p>\n<p class=\"p2\"><strong>Pelo pre\u00e7o<span class=\"s1\">,<\/span> <\/strong>contacte-nos<span class=\"s1\">,<\/span> A cota\u00e7\u00e3o detalhada deste agente de difus\u00e3o de luz ser-lhe-\u00e1 enviada para refer\u00eancia.<\/p>\n<p class=\"p2\"><strong>Para amostra<\/strong><span class=\"s1\">,<\/span> fornecido gratuitamente<\/p>\n<p class=\"p2\"><strong>MOQ:<\/strong> 100 kg<\/p>\n<p class=\"p2\"><strong>C\u00f3digo H.S:<\/strong> 39100090<\/p>\n<p class=\"p2\"><strong>Termo de troca:<\/strong> EXW\/FOB\/CFR\/CIF est\u00e3o dispon\u00edveis<\/p>","protected":false},"featured_media":137,"comment_status":"open","ping_status":"closed","template":"","meta":[],"class_list":["post-136","product","type-product","status-publish","has-post-thumbnail","hentry","product_cat-light-diffusion-agent"],"_links":{"self":[{"href":"https:\/\/wanda-chemical.com\/pt\/wp-json\/wp\/v2\/product\/136","targetHints":{"allow":["GET"]}}],"collection":[{"href":"https:\/\/wanda-chemical.com\/pt\/wp-json\/wp\/v2\/product"}],"about":[{"href":"https:\/\/wanda-chemical.com\/pt\/wp-json\/wp\/v2\/types\/product"}],"replies":[{"embeddable":true,"href":"https:\/\/wanda-chemical.com\/pt\/wp-json\/wp\/v2\/comments?post=136"}],"wp:featuredmedia":[{"embeddable":true,"href":"https:\/\/wanda-chemical.com\/pt\/wp-json\/wp\/v2\/media\/137"}],"wp:attachment":[{"href":"https:\/\/wanda-chemical.com\/pt\/wp-json\/wp\/v2\/media?parent=136"}],"curies":[{"name":"wp","href":"https:\/\/api.w.org\/{rel}","templated":true}]}}