{"id":130,"date":"2021-03-13T18:21:19","date_gmt":"2021-03-13T10:21:19","guid":{"rendered":"https:\/\/wanda-chemical.com\/?post_type=product&#038;p=130"},"modified":"2026-04-08T02:38:48","modified_gmt":"2026-04-07T18:38:48","slug":"for-pp-ps-pmma-pvc-pc-diffuser-application","status":"publish","type":"product","link":"https:\/\/wanda-chemical.com\/pt\/produto\/for-pp-ps-pmma-pvc-pc-diffuser-application\/","title":{"rendered":"Agente de difus\u00e3o de luz para aplica\u00e7\u00e3o em difusores PP\/PS\/PMMA\/PVC\/PC"},"content":{"rendered":"<p>O agente de difus\u00e3o de luz Wanda pode ser adicionado diretamente ao difusor PP, PS, PMMA, PVC e PC. Uma vez que<span class=\"text-dst hl\"> \u00e9 um tipo de p\u00f3 esf\u00e9rico resistente a altas temperaturas, que \u00e9 desenvolvido por reticula\u00e7\u00e3o e enxerto de grupos funcionais com base em metacrilato e estireno por tecnologia de polimeriza\u00e7\u00e3o de pol\u00edmeros. O agente de difus\u00e3o de luz da Wanda apresenta uma variedade de propriedades. Pode ser misturado com material PP\/PS\/PMMA\/PVC\/PC por moldagem por inje\u00e7\u00e3o ou moldagem por extrus\u00e3o para dar diferentes efeitos de difus\u00e3o de luz de refra\u00e7\u00e3o, e o efeito de difus\u00e3o \u00e9 grande. <\/span><span class=\"text-dst\">V\u00e1rios perfis com elevada transmiss\u00e3o de luz (90-93%), tais como placa de difus\u00e3o, tubo de l\u00e2mpada, abajur esf\u00e9rico, etc., que t\u00eam um bom equil\u00edbrio entre a transmiss\u00e3o de luz e a difusividade, boa dispersibilidade e estabilidade e o nosso agente de difus\u00e3o de luz pode fornecer uma variedade de op\u00e7\u00f5es de tamanho de part\u00edcula.<\/span><\/p>\n<p><span class=\"text-dst\">Al\u00e9m disso, pode ser utilizado em pl\u00e1sticos \u00f3pticos e produtos industriais e tem fun\u00e7\u00f5es \u00f3pticas superiores \u00e0s dos produtos concorrentes. <\/span><span class=\"text-dst\">Em compara\u00e7\u00e3o com os mesmos produtos funcionais de outras marcas, uma pequena quantidade de utiliza\u00e7\u00e3o pode alcan\u00e7ar o mesmo efeito e poupar custos.<\/span><\/p>","protected":false},"excerpt":{"rendered":"<p class=\"p1\">PP\/PS\/PMMA\/PVC\/PC agente de difus\u00e3o de luz para aplica\u00e7\u00e3o de difusor \u00e9 o nosso produto inicial em todas as aplica\u00e7\u00f5es, a principal raz\u00e3o \u00e9 que o seu <span class=\"text-dst\">a qualidade superior pode ser comparada a uma marca famosa como <\/span>Shinetsu<span class=\"s1\">,<\/span> Samsung<span class=\"s1\">, <\/span><span class=\"text-dst\">e \u00e9 <\/span>uma pequena quantidade de utiliza\u00e7\u00e3o pode obter o mesmo efeito e poupar custos.<\/p>\n<p class=\"p1\">Tamb\u00e9m podemos personalizar o \u00edndice de refra\u00e7\u00e3o<span class=\"s1\">,<\/span> neblina<span class=\"s1\">,<\/span> transmit\u00e2ncia, r\u00e1cio de mistura de acordo com os seus requisitos.<\/p>\n<p class=\"p1\"><strong>Pelo pre\u00e7o<span class=\"s1\">,<\/span><\/strong> contacte-nos<span class=\"s1\">,<\/span> A cota\u00e7\u00e3o detalhada deste agente de difus\u00e3o de luz ser-lhe-\u00e1 enviada para refer\u00eancia.<\/p>\n<p class=\"p1\"><strong>Para amostra<span class=\"s1\">,<\/span> <\/strong>fornecido gratuitamente<\/p>\n<p class=\"p1\"><strong>MOQ:<\/strong> 100 kg<\/p>\n<p class=\"p1\"><strong>C\u00f3digo H.S:<\/strong> 39100090<\/p>\n<p class=\"p1\"><strong>Termo de troca:<\/strong> EXW\/FOB\/CFR\/CIF est\u00e3o dispon\u00edveis<\/p>","protected":false},"featured_media":131,"comment_status":"open","ping_status":"closed","template":"","meta":[],"class_list":["post-130","product","type-product","status-publish","has-post-thumbnail","hentry","product_cat-light-diffusion-agent"],"_links":{"self":[{"href":"https:\/\/wanda-chemical.com\/pt\/wp-json\/wp\/v2\/product\/130","targetHints":{"allow":["GET"]}}],"collection":[{"href":"https:\/\/wanda-chemical.com\/pt\/wp-json\/wp\/v2\/product"}],"about":[{"href":"https:\/\/wanda-chemical.com\/pt\/wp-json\/wp\/v2\/types\/product"}],"replies":[{"embeddable":true,"href":"https:\/\/wanda-chemical.com\/pt\/wp-json\/wp\/v2\/comments?post=130"}],"wp:featuredmedia":[{"embeddable":true,"href":"https:\/\/wanda-chemical.com\/pt\/wp-json\/wp\/v2\/media\/131"}],"wp:attachment":[{"href":"https:\/\/wanda-chemical.com\/pt\/wp-json\/wp\/v2\/media?parent=130"}],"curies":[{"name":"wp","href":"https:\/\/api.w.org\/{rel}","templated":true}]}}