{"id":121,"date":"2021-03-06T17:52:15","date_gmt":"2021-03-06T09:52:15","guid":{"rendered":"https:\/\/wanda-chemical.com\/?post_type=product&#038;p=121"},"modified":"2021-06-26T15:12:43","modified_gmt":"2021-06-26T07:12:43","slug":"for-led-lampshadeled-tube-application","status":"publish","type":"product","link":"https:\/\/wanda-chemical.com\/pt\/produto\/for-led-lampshadeled-tube-application\/","title":{"rendered":"para aplica\u00e7\u00e3o em abajures e tubos LED"},"content":{"rendered":"<p class=\"p1\">Uma das principais aplica\u00e7\u00f5es dos agentes de difus\u00e3o da luz \u00e9 a utiliza\u00e7\u00e3o em abajures\/coberturas de LED e tubos de LED. Porque \u00e9 que ser\u00e1 cada vez mais utilizado na ind\u00fastria de LED<span class=\"s1\">?<\/span><\/p>\n<p class=\"p1\">Como todos sabem, a luz LED \u00e9 um dos m\u00e9todos de poupan\u00e7a de energia e de prote\u00e7\u00e3o ambiental<span class=\"s1\">,<\/span> e \u00e9 tamb\u00e9m uma das tend\u00eancias de desenvolvimento futuro. A energia da luz LED \u00e9 muito forte<span class=\"s1\">,<\/span> mas a luz \u00e9 muito dura. ent\u00e3o como \u00e9 que a luz se pode tornar mais suave e a perda de luz foi pequena<span class=\"s1\">?<\/span> tem de ser resolvido.<\/p>\n<p class=\"p1\"><span style=\"color: #008000;\"><b>Assim<\/b><span class=\"s1\">,<\/span><b> como resolver um problema t\u00e3o brilhante de luz LED<\/b><span class=\"s1\">?<\/span><\/span><\/p>\n<p class=\"p1\">Atualmente, a investiga\u00e7\u00e3o come\u00e7ou a partir do abajur<span class=\"s1\">,<\/span> que est\u00e1 a utilizar materiais micronizados preenchidos com PS<span class=\"s1\">,<\/span> PC, ou PMMA<span class=\"s1\">,<\/span> cobrindo a parte superior da l\u00e2mpada LED. Pode resolver os defeitos de encandeamento da luz LED<span class=\"s1\">,<\/span> que os gr\u00e2nulos de micropart\u00edculas se designam simplesmente por <span style=\"color: #008000;\"><b>agente de difus\u00e3o da luz<\/b>.<\/span><\/p>\n<p class=\"p1\">\u00c9 uma micropart\u00edcula de resina de silicone org\u00e2nico <span class=\"s1\">(<\/span>que cont\u00e9m uma part\u00edcula esf\u00e9rica de resina com um certo n\u00famero de buracos na superf\u00edcie<span class=\"s1\">)<\/span> uma pel\u00edcula de difus\u00e3o da luz pode equilibrar a difusividade da luz e a transmit\u00e2ncia total, mesmo quando a luz dispersa \u00e9 observada numa determinada posi\u00e7\u00e3o. \u00e9 um excelente aditivo para melhorar o desempenho dos pl\u00e1sticos<span class=\"s1\">,<\/span> borrachas<span class=\"s1\">,<\/span> revestimentos, etc. Pode ser amplamente utilizado na retroilumina\u00e7\u00e3o de LCD<span class=\"s1\">,<\/span> ecr\u00e3 do tipo transmiss\u00e3o<span class=\"s1\">,<\/span> aparelhos de ilumina\u00e7\u00e3o<span class=\"s1\">,<\/span> declara\u00e7\u00e3o de ilumina\u00e7\u00e3o, etc.<\/p>\n<p><strong><span style=\"color: #008000;\">Qual \u00e9 a vantagem do agente de difus\u00e3o de luz\/p\u00f3 de resina de silicone da Wanda?<\/span><\/strong><\/p>\n<p class=\"gmail-MsoListParagraph\">1.     Qualidade e cor est\u00e1veis<\/p>\n<p class=\"gmail-MsoListParagraph\">2.     Bom equil\u00edbrio entre nebulosidade e transmit\u00e2ncia, resist\u00eancia ao calor<\/p>\n<p class=\"gmail-MsoListParagraph\">3.     A produ\u00e7\u00e3o anual \u00e9 de 50.000.000 toneladas\/ano<\/p>\n<p class=\"gmail-MsoListParagraph\">4.     Certifica\u00e7\u00e3o ISO<\/p>\n<p class=\"gmail-MsoListParagraph\">5.     Fornecimento de amostras gratuitas<\/p>","protected":false},"excerpt":{"rendered":"<p class=\"p1\">Este tipo de agente de difus\u00e3o de luz \u00e9 o nosso mais vendido em todas as aplica\u00e7\u00f5es<span class=\"s1\">,<\/span> o que significa que \u00e9 de excelente qualidade e, ao mesmo tempo, tem um pre\u00e7o atrativo.<\/p>\n<p class=\"p1\">Podemos personalizar o \u00edndice de refra\u00e7\u00e3o<span class=\"s1\">,<\/span> neblina<span class=\"s1\">,<\/span> transmit\u00e2ncia de acordo com as suas necessidades.<\/p>\n<p class=\"p1\">Pelo pre\u00e7o<span class=\"s1\">,<\/span> contacte-nos<span class=\"s1\">,<\/span> A cota\u00e7\u00e3o detalhada deste agente de difus\u00e3o de luz ser-lhe-\u00e1 enviada para refer\u00eancia.<\/p>\n<p class=\"p1\">Para amostra<span class=\"s1\">,<\/span> fornecido gratuitamente<\/p>\n<p class=\"p1\">MOQ: 100kgs<\/p>\n<p class=\"p1\">C\u00f3digo H.S: 39100090<\/p>\n<p class=\"p1\">Condi\u00e7\u00f5es comerciais: EXW\/FOB\/CFR\/CIF est\u00e3o dispon\u00edveis<\/p>","protected":false},"featured_media":123,"comment_status":"open","ping_status":"closed","template":"","meta":[],"class_list":["post-121","product","type-product","status-publish","has-post-thumbnail","hentry","product_cat-light-diffusion-agent"],"_links":{"self":[{"href":"https:\/\/wanda-chemical.com\/pt\/wp-json\/wp\/v2\/product\/121","targetHints":{"allow":["GET"]}}],"collection":[{"href":"https:\/\/wanda-chemical.com\/pt\/wp-json\/wp\/v2\/product"}],"about":[{"href":"https:\/\/wanda-chemical.com\/pt\/wp-json\/wp\/v2\/types\/product"}],"replies":[{"embeddable":true,"href":"https:\/\/wanda-chemical.com\/pt\/wp-json\/wp\/v2\/comments?post=121"}],"wp:featuredmedia":[{"embeddable":true,"href":"https:\/\/wanda-chemical.com\/pt\/wp-json\/wp\/v2\/media\/123"}],"wp:attachment":[{"href":"https:\/\/wanda-chemical.com\/pt\/wp-json\/wp\/v2\/media?parent=121"}],"curies":[{"name":"wp","href":"https:\/\/api.w.org\/{rel}","templated":true}]}}