{"id":1152,"date":"2021-11-20T18:02:25","date_gmt":"2021-11-20T10:02:25","guid":{"rendered":"https:\/\/wanda-chemical.com\/?post_type=product&#038;p=1152"},"modified":"2021-11-20T18:14:54","modified_gmt":"2021-11-20T10:14:54","slug":"silicone-elastomer-gel","status":"publish","type":"product","link":"https:\/\/wanda-chemical.com\/pt\/produto\/silicone-elastomer-gel\/","title":{"rendered":"Gel de elast\u00f3mero de silicone"},"content":{"rendered":"<div class=\"page\" title=\"P\u00e1gina 1\">\n<div class=\"layoutArea\">\n<div class=\"column\">\n<p><strong><b>A<\/b><\/strong><strong><b>p<\/b><\/strong><strong><b>plica\u00e7\u00e3o:<\/b><\/strong><\/p>\n<\/div>\n<ul>\n<li>\u00c1gua em \u00f3leo<\/li>\n<li>Formula\u00e7\u00f5es de silicone com \u00e1gua<\/li>\n<li>Fluidos de silicone nos cuidados da pele<\/li>\n<li>Cosm\u00e9tica de cor, cuidados capilares<\/li>\n<li>Antitranspirantes e desodorizantes<\/li>\n<\/ul>\n<\/div>\n<p>&nbsp;<\/p>\n<p><strong><b>F<\/b><\/strong><strong><b>e<\/b><\/strong><strong><b>aturas:<\/b><\/strong><\/p>\n<p>\u2460 Elast\u00f3mero de silicone reticulado de elevado peso molecular em ciclopentasiloxano.<\/p>\n<p>Pode absorver o sebo para melhorar o efeito mate<\/p>\n<p>Actua como espessante para formula\u00e7\u00f5es de \u00e1gua-em-\u00f3leo e \u00e1gua-em-silicone e fluidos de silicone<\/p>\n<p>\u2463 Reduzir a pegajosidade da formula\u00e7\u00e3o<\/p>\n<p>\u2464 Disfar\u00e7a as r\u00eddulas e as rugas gra\u00e7as \u00e0s pequenas part\u00edculas de elast\u00f3mero de silicone e \u00e0 sua capacidade de espalhamento<\/p>\n<p>\u2465 F\u00e1cil de formular com processo a frio e boa compatibilidade org\u00e2nica<\/p>\n<p>Proporciona uma sensa\u00e7\u00e3o de pele leve, sedosa e n\u00e3o oleosa<\/p>\n<p>\u2467 Pode ser personalizado de acordo com as necessidades do cliente para a sensa\u00e7\u00e3o da pele<\/p>\n<\/div>\n<p>&nbsp;<\/p>\n<div class=\"page\" title=\"P\u00e1gina 1\">\n<p><strong><b>H<\/b><\/strong><strong><b>o<\/b><\/strong><strong><b>w para utilizar<\/b><\/strong><strong><b>: <\/b><\/strong><\/p>\n<p><strong><b>\u00a0<\/b><\/strong>Dispersar a fase de \u00f3leo na mistura de elast\u00f3mero de silicone WD-1040 utilizando uma mistura simples. N\u00e3o h\u00e1 necessidade de p\u00f3s-cisalhamento. Pode ser adicionado \u00e0 fase de \u00f3leo ou \u00e0 fase de silicone numa formula\u00e7\u00e3o de emuls\u00e3o. Recomenda-se homogeneizar bem a fase oleosa antes da emulsifica\u00e7\u00e3o ou adicionar lentamente a fase oleosa ou de silicone de uma emuls\u00e3o ao elast\u00f3mero.<\/p>\n<p>&nbsp;<\/p>\n<p>Para facilitar a utiliza\u00e7\u00e3o, a sua viscosidade pode ser reduzida atrav\u00e9s da mistura com dimeticona, ciclometicona, \u00f3leo de fenil silicone, \u00e9steres de \u00e1cidos gordos, hidrocarbonetos, etc.<\/p>\n<p>&nbsp;<\/p>\n<p>\u2778A formula\u00e7\u00e3o pode ser espessada por processo a frio, e sua opera\u00e7\u00e3o deve ser feita em temperatura abaixo de 60\u00b0C.<\/p>\n<p>A alavanca de utiliza\u00e7\u00e3o t\u00edpica do WD-1040 \u00e9 de 1% a 20% (w\/w), ou seja, depende da formula\u00e7\u00e3o final.<\/p>\n<p>&nbsp;<\/p>\n<\/div>","protected":false},"excerpt":{"rendered":"<p>O gel de elast\u00f3mero de silicone \u00e9 uma mistura de elast\u00f3mero de silicone reticulado de elevado peso molecular em ciclopentasiloxano. Possui pequenas part\u00edculas esf\u00e9ricas de elast\u00f3mero de silicone, elevada capacidade de expans\u00e3o e boa espalhabilidade, oferece uma sensa\u00e7\u00e3o de pele leve, sedosa e n\u00e3o oleosa, bem como ajuda a disfar\u00e7ar as r\u00eddulas e as rugas. Tem a capacidade de aumentar a viscosidade da fase oleosa da formula\u00e7\u00e3o e melhorar a est\u00e9tica da sua formula\u00e7\u00e3o.<\/p>","protected":false},"featured_media":1153,"comment_status":"open","ping_status":"closed","template":"","meta":[],"class_list":["post-1152","product","type-product","status-publish","has-post-thumbnail","hentry","product_cat-silicone-elastomer-gel"],"_links":{"self":[{"href":"https:\/\/wanda-chemical.com\/pt\/wp-json\/wp\/v2\/product\/1152","targetHints":{"allow":["GET"]}}],"collection":[{"href":"https:\/\/wanda-chemical.com\/pt\/wp-json\/wp\/v2\/product"}],"about":[{"href":"https:\/\/wanda-chemical.com\/pt\/wp-json\/wp\/v2\/types\/product"}],"replies":[{"embeddable":true,"href":"https:\/\/wanda-chemical.com\/pt\/wp-json\/wp\/v2\/comments?post=1152"}],"wp:featuredmedia":[{"embeddable":true,"href":"https:\/\/wanda-chemical.com\/pt\/wp-json\/wp\/v2\/media\/1153"}],"wp:attachment":[{"href":"https:\/\/wanda-chemical.com\/pt\/wp-json\/wp\/v2\/media?parent=1152"}],"curies":[{"name":"wp","href":"https:\/\/api.w.org\/{rel}","templated":true}]}}