{"id":1104,"date":"2021-09-02T11:46:07","date_gmt":"2021-09-02T03:46:07","guid":{"rendered":"https:\/\/wanda-chemical.com\/?post_type=product&#038;p=1104"},"modified":"2023-06-09T10:02:51","modified_gmt":"2023-06-09T02:02:51","slug":"anti-dripping-agent","status":"publish","type":"product","link":"https:\/\/wanda-chemical.com\/pt\/produto\/anti-dripping-agent\/","title":{"rendered":"Agente anti-gotejamento WD-9500N"},"content":{"rendered":"<p><strong><b>Aplica\u00e7\u00e3o:<\/b><\/strong><\/p>\n<p>Adequado para termopl\u00e1sticos, tais como PC, ABS, PC\/ABS, ou ligas de pl\u00e1stico que necessitem de cumprir a norma UL94 V0. Evita o gotejamento de pl\u00e1sticos quando estes s\u00e3o queimados.<\/p>\n<p>&nbsp;<\/p>\n<p><strong><b>Propriedades f\u00edsicas: <\/b><\/strong><\/p>\n<table>\n<tbody>\n<tr>\n<td width=\"170\">\n<p style=\"text-align: center;\"><strong><b>D<\/b><\/strong><strong><b>ata<\/b><\/strong><\/p>\n<\/td>\n<td width=\"224\">\n<p style=\"text-align: center;\"><strong><b>WD-<\/b><\/strong><strong><b>9<\/b><\/strong><strong><b>500<\/b><\/strong><strong><b>N<\/b><\/strong><\/p>\n<\/td>\n<\/tr>\n<tr>\n<td width=\"170\">\n<p style=\"text-align: center;\"><strong><b>A granel<\/b><\/strong>\u00a0<strong><b>densidade<\/b><\/strong><\/p>\n<\/td>\n<td width=\"224\">\n<p style=\"text-align: center;\"><strong><b>~<\/b><\/strong><strong><b>350<\/b><\/strong><strong><b>g<\/b><\/strong><strong><b>\/<\/b><\/strong><strong><b>L<\/b><\/strong><\/p>\n<\/td>\n<\/tr>\n<tr>\n<td width=\"170\">\n<p style=\"text-align: center;\"><strong><b>A<\/b><\/strong><strong><b>apar\u00eancia<\/b><\/strong><\/p>\n<\/td>\n<td width=\"224\">\n<p style=\"text-align: center;\"><strong><b>W<\/b><\/strong><strong><b>h<\/b><\/strong><strong><b>ite<\/b><\/strong>\u00a0<strong><b>p\u00f3<\/b><\/strong><\/p>\n<\/td>\n<\/tr>\n<tr>\n<td width=\"170\">\n<p style=\"text-align: center;\"><strong><b>PTFE<\/b><\/strong>\u00a0<strong><b>conte\u00fado<\/b><\/strong><\/p>\n<\/td>\n<td width=\"224\">\n<p style=\"text-align: center;\"><strong><b>50%<\/b><\/strong><\/p>\n<\/td>\n<\/tr>\n<\/tbody>\n<\/table>\n<p>&nbsp;<\/p>\n<p><strong><b>Taxa de dosagem t\u00edpica:<\/b><\/strong><\/p>\n<table>\n<tbody>\n<tr>\n<td width=\"255\">\n<p style=\"text-align: center;\"><strong><b>M<\/b><\/strong><strong><b>a<\/b><\/strong><strong><b>terial<\/b><\/strong><\/p>\n<\/td>\n<td width=\"253\">\n<p style=\"text-align: center;\"><strong><b>Dos<\/b><\/strong><strong><b>idade<\/b><\/strong>\u00a0<strong><b>R\u00e1cio<\/b><\/strong><\/p>\n<\/td>\n<\/tr>\n<tr>\n<td width=\"255\">\n<p style=\"text-align: center;\"><strong><b>PC\/ABS<\/b><\/strong><\/p>\n<\/td>\n<td width=\"253\">\n<p style=\"text-align: center;\">0.20% &#8211; 0.30%<\/p>\n<\/td>\n<\/tr>\n<tr>\n<td width=\"255\">\n<p style=\"text-align: center;\"><strong><b>P<\/b><\/strong><strong><b>C<\/b><\/strong><\/p>\n<\/td>\n<td width=\"253\">\n<p style=\"text-align: center;\">0.40% -0.50%<\/p>\n<\/td>\n<\/tr>\n<tr>\n<td width=\"255\">\n<p style=\"text-align: center;\"><strong><b>A<\/b><\/strong><strong><b>BS<\/b><\/strong><\/p>\n<\/td>\n<td width=\"253\">\n<p style=\"text-align: center;\">0.10%- 0.20%<\/p>\n<\/td>\n<\/tr>\n<\/tbody>\n<\/table>\n<p>&nbsp;<\/p>\n<p><strong><b>S<\/b><\/strong><strong><b>h<\/b><\/strong><strong><b>elfo L<\/b><\/strong><strong><b>i<\/b><\/strong><strong><b>fe: <\/b><\/strong><\/p>\n<p>Quando armazenado a uma temperatura igual ou inferior a 25\u00b0C nas embalagens originais n\u00e3o abertas, o prazo de validade \u00e9 de 3 anos a partir da data de produ\u00e7\u00e3o.<\/p>\n<p>&nbsp;<\/p>\n<p><strong><b>Armazenamento e precau\u00e7\u00f5es\uff1a<\/b><\/strong><\/p>\n<p>* Deve ser conservado num local limpo e seco, na sua embalagem original fechada.<\/p>","protected":false},"excerpt":{"rendered":"<p>O WD-9500N foi desenvolvido como um aditivo anti-gotejamento para pl\u00e1stico que \u00e9 composto por p\u00f3 de PTFE de elevado peso molecular.<\/p>\n<p>Pode aumentar a viscosidade da massa fundida devido ao PTFE de elevado peso molecular que fibrila as part\u00edculas por press\u00e3o.            Normalmente utilizado em combina\u00e7\u00e3o com retardadores de chama.<\/p>\n<p>O WD-9500N est\u00e1 em conformidade com os requisitos da norma UL 94.<\/p>","protected":false},"featured_media":875,"comment_status":"open","ping_status":"closed","template":"","meta":[],"class_list":["post-1104","product","type-product","status-publish","has-post-thumbnail","hentry","product_cat-antidripping-agent","product_tag-antidripping-agent"],"_links":{"self":[{"href":"https:\/\/wanda-chemical.com\/pt\/wp-json\/wp\/v2\/product\/1104","targetHints":{"allow":["GET"]}}],"collection":[{"href":"https:\/\/wanda-chemical.com\/pt\/wp-json\/wp\/v2\/product"}],"about":[{"href":"https:\/\/wanda-chemical.com\/pt\/wp-json\/wp\/v2\/types\/product"}],"replies":[{"embeddable":true,"href":"https:\/\/wanda-chemical.com\/pt\/wp-json\/wp\/v2\/comments?post=1104"}],"wp:featuredmedia":[{"embeddable":true,"href":"https:\/\/wanda-chemical.com\/pt\/wp-json\/wp\/v2\/media\/875"}],"wp:attachment":[{"href":"https:\/\/wanda-chemical.com\/pt\/wp-json\/wp\/v2\/media?parent=1104"}],"curies":[{"name":"wp","href":"https:\/\/api.w.org\/{rel}","templated":true}]}}