{"id":869,"date":"2021-06-23T14:46:10","date_gmt":"2021-06-23T06:46:10","guid":{"rendered":"https:\/\/wanda-chemical.com\/?post_type=product&#038;p=869"},"modified":"2025-05-21T14:48:17","modified_gmt":"2025-05-21T06:48:17","slug":"for-lubricants","status":"publish","type":"product","link":"https:\/\/wanda-chemical.com\/pl\/produkt\/for-lubricants\/","title":{"rendered":"Smary i \u015brodki smarne"},"content":{"rendered":"<p data-v-2520dd35=\"\" data-caiyun-traget-id=\"'+i+'\"><strong>Arkusz dat\uff1a<\/strong><\/p>\n<p data-v-2520dd35=\"\" data-caiyun-traget-id=\"'+i+'\"><img fetchpriority=\"high\" decoding=\"async\" class=\"alignnone wp-image-1414 size-large\" src=\"https:\/\/wanda-chemical.com\/wp-content\/uploads\/2021\/06\/ptfe3-1024x249.png\" alt=\"\" width=\"800\" height=\"195\" srcset=\"https:\/\/wanda-chemical.com\/wp-content\/uploads\/2021\/06\/ptfe3-1024x249.png 1024w, https:\/\/wanda-chemical.com\/wp-content\/uploads\/2021\/06\/ptfe3-300x73.png 300w, https:\/\/wanda-chemical.com\/wp-content\/uploads\/2021\/06\/ptfe3-768x187.png 768w, https:\/\/wanda-chemical.com\/wp-content\/uploads\/2021\/06\/ptfe3-600x146.png 600w, https:\/\/wanda-chemical.com\/wp-content\/uploads\/2021\/06\/ptfe3.png 1474w\" sizes=\"(max-width: 800px) 100vw, 800px\" \/><\/p>\n<p><strong>Przechowywanie i \u015brodki ostro\u017cno\u015bci \uff1a <\/strong><\/p>\n<ul>\n<li>Powinien by\u0107 przechowywany w czystym, suchym miejscu w oryginalnym, nieotwartym opakowaniu.<\/li>\n<li>Przed u\u017cyciem nale\u017cy uwa\u017cnie przeczyta\u0107 kart\u0119 charakterystyki produktu (MSDS), kt\u00f3r\u0105 mo\u017cna uzyska\u0107 od dostawcy.<\/li>\n<\/ul>","protected":false},"excerpt":{"rendered":"<p>Dodanie proszku PTFE do \u015brodk\u00f3w smarnych i smar\u00f3w mo\u017ce tworzy\u0107 uk\u0142ady smarowania stosowane odpowiednio pod mniejszym obci\u0105\u017ceniem przy ni\u017cszych obrotach, pod \u015brednim obci\u0105\u017ceniem przy \u015brednich obrotach i pod du\u017cym obci\u0105\u017ceniem przy wysokich obrotach. W celu poprawy wydajno\u015bci smarowania pod wysokim ci\u015bnieniem, a tak\u017ce w celu zwi\u0119kszenia lepko\u015bci olej\u00f3w bazowych.<\/p>\n<p>Dla przyk\u0142adu, bezp\u0142atnie<\/p>\n<p>MOQ: 100 kg<\/p>","protected":false},"featured_media":1411,"comment_status":"open","ping_status":"closed","template":"","meta":[],"class_list":["post-869","product","type-product","status-publish","has-post-thumbnail","hentry","product_cat-ptfe-micro-powders"],"_links":{"self":[{"href":"https:\/\/wanda-chemical.com\/pl\/wp-json\/wp\/v2\/product\/869","targetHints":{"allow":["GET"]}}],"collection":[{"href":"https:\/\/wanda-chemical.com\/pl\/wp-json\/wp\/v2\/product"}],"about":[{"href":"https:\/\/wanda-chemical.com\/pl\/wp-json\/wp\/v2\/types\/product"}],"replies":[{"embeddable":true,"href":"https:\/\/wanda-chemical.com\/pl\/wp-json\/wp\/v2\/comments?post=869"}],"wp:featuredmedia":[{"embeddable":true,"href":"https:\/\/wanda-chemical.com\/pl\/wp-json\/wp\/v2\/media\/1411"}],"wp:attachment":[{"href":"https:\/\/wanda-chemical.com\/pl\/wp-json\/wp\/v2\/media?parent=869"}],"curies":[{"name":"wp","href":"https:\/\/api.w.org\/{rel}","templated":true}]}}