{"id":861,"date":"2021-06-22T18:10:08","date_gmt":"2021-06-22T10:10:08","guid":{"rendered":"https:\/\/wanda-chemical.com\/?post_type=product&#038;p=861"},"modified":"2021-07-01T14:54:32","modified_gmt":"2021-07-01T06:54:32","slug":"for-printing-inks","status":"publish","type":"product","link":"https:\/\/wanda-chemical.com\/pl\/produkt\/for-printing-inks\/","title":{"rendered":"dla farb drukarskich"},"content":{"rendered":"<p><strong>Arkusz dat\uff1a<\/strong><\/p>\n<p><img fetchpriority=\"high\" decoding=\"async\" class=\"alignnone size-full wp-image-970\" src=\"https:\/\/wanda-chemical.com\/wp-content\/uploads\/2021\/06\/product2.png\" alt=\"\" width=\"942\" height=\"283\" srcset=\"https:\/\/wanda-chemical.com\/wp-content\/uploads\/2021\/06\/product2.png 942w, https:\/\/wanda-chemical.com\/wp-content\/uploads\/2021\/06\/product2-300x90.png 300w, https:\/\/wanda-chemical.com\/wp-content\/uploads\/2021\/06\/product2-768x231.png 768w, https:\/\/wanda-chemical.com\/wp-content\/uploads\/2021\/06\/product2-600x180.png 600w\" sizes=\"(max-width: 942px) 100vw, 942px\" \/><\/p>\n<p>&nbsp;<\/p>\n<p><strong>Przechowywanie i \u015brodki ostro\u017cno\u015bci \uff1a <\/strong><\/p>\n<ul>\n<li>Powinien by\u0107 przechowywany w czystym, suchym miejscu w oryginalnym, nieotwartym opakowaniu.<\/li>\n<li>Przed u\u017cyciem nale\u017cy uwa\u017cnie przeczyta\u0107 kart\u0119 charakterystyki produktu (MSDS), kt\u00f3r\u0105 mo\u017cna uzyska\u0107 od dostawcy.<\/li>\n<\/ul>","protected":false},"excerpt":{"rendered":"<p>Mikroproszki PTFE s\u0105 idealnym dodatkiem i modyfikatorem do r\u00f3\u017cnego rodzaju farb drukarskich, kt\u00f3re zapobiegaj\u0105 przywieraniu, zmniejszaj\u0105 \u015bcieranie, poprawiaj\u0105 definicj\u0119 i po\u0142ysk wydruk\u00f3w, trwa\u0142o\u015b\u0107 przed blakni\u0119ciem, dobr\u0105 wodoodporno\u015b\u0107 i odporno\u015b\u0107 na mole itp. Jego zastosowanie w farbach hektograficznych\/wkl\u0119s\u0142odrukowych poprawia \u015blisko\u015b\u0107, g\u0142adko\u015b\u0107 powierzchni, po\u0142ysk i odporno\u015b\u0107 na \u015bcieranie, co u\u0142atwia drukowanie z du\u017c\u0105 pr\u0119dko\u015bci\u0105.<\/p>\n<p>Dla przyk\u0142adu, bezp\u0142atnie<\/p>\n<p>MOQ: 100 kg<\/p>","protected":false},"featured_media":860,"comment_status":"open","ping_status":"closed","template":"","meta":[],"class_list":["post-861","product","type-product","status-publish","has-post-thumbnail","hentry","product_cat-ptfe-micro-powders"],"_links":{"self":[{"href":"https:\/\/wanda-chemical.com\/pl\/wp-json\/wp\/v2\/product\/861","targetHints":{"allow":["GET"]}}],"collection":[{"href":"https:\/\/wanda-chemical.com\/pl\/wp-json\/wp\/v2\/product"}],"about":[{"href":"https:\/\/wanda-chemical.com\/pl\/wp-json\/wp\/v2\/types\/product"}],"replies":[{"embeddable":true,"href":"https:\/\/wanda-chemical.com\/pl\/wp-json\/wp\/v2\/comments?post=861"}],"wp:featuredmedia":[{"embeddable":true,"href":"https:\/\/wanda-chemical.com\/pl\/wp-json\/wp\/v2\/media\/860"}],"wp:attachment":[{"href":"https:\/\/wanda-chemical.com\/pl\/wp-json\/wp\/v2\/media?parent=861"}],"curies":[{"name":"wp","href":"https:\/\/api.w.org\/{rel}","templated":true}]}}