{"id":838,"date":"2021-06-19T18:03:55","date_gmt":"2021-06-19T10:03:55","guid":{"rendered":"https:\/\/wanda-chemical.com\/?post_type=product&#038;p=838"},"modified":"2025-03-18T16:30:07","modified_gmt":"2025-03-18T08:30:07","slug":"for-engineering-plastics","status":"publish","type":"product","link":"https:\/\/wanda-chemical.com\/pl\/produkt\/for-engineering-plastics\/","title":{"rendered":"Mikroproszki PTFE dla tworzyw konstrukcyjnych"},"content":{"rendered":"<p><strong>Arkusz dat\uff1a<\/strong><\/p>\n<p><img fetchpriority=\"high\" decoding=\"async\" class=\"wp-image-1413 size-large alignnone\" src=\"https:\/\/wanda-chemical.com\/wp-content\/uploads\/2021\/06\/PTFE1-1024x360.png\" alt=\"\" width=\"800\" height=\"281\" srcset=\"https:\/\/wanda-chemical.com\/wp-content\/uploads\/2021\/06\/PTFE1-1024x360.png 1024w, https:\/\/wanda-chemical.com\/wp-content\/uploads\/2021\/06\/PTFE1-300x105.png 300w, https:\/\/wanda-chemical.com\/wp-content\/uploads\/2021\/06\/PTFE1-768x270.png 768w, https:\/\/wanda-chemical.com\/wp-content\/uploads\/2021\/06\/PTFE1-600x211.png 600w, https:\/\/wanda-chemical.com\/wp-content\/uploads\/2021\/06\/PTFE1.png 1310w\" sizes=\"(max-width: 800px) 100vw, 800px\" \/><\/p>\n<p><strong>Przechowywanie i \u015brodki ostro\u017cno\u015bci \uff1a <\/strong><\/p>\n<ul>\n<li>Powinien by\u0107 przechowywany w czystym, suchym miejscu w oryginalnym, nieotwartym opakowaniu.<\/li>\n<li>Przed u\u017cyciem nale\u017cy uwa\u017cnie przeczyta\u0107 kart\u0119 charakterystyki produktu (MSDS), kt\u00f3r\u0105 mo\u017cna uzyska\u0107 od dostawcy.<\/li>\n<\/ul>","protected":false},"excerpt":{"rendered":"<p>Mikroproszki PTFE mo\u017cna dodawa\u0107 do poliw\u0119glanu i poliamidu, a tak\u017ce innych tworzyw sztucznych, aby poprawi\u0107 zu\u017cycie i zmniejszy\u0107 wsp\u00f3\u0142czynnik tarcia.<\/p>\n<p>Dla przyk\u0142adu, bezp\u0142atnie<\/p>\n<p>MOQ: 100 kg<\/p>","protected":false},"featured_media":846,"comment_status":"open","ping_status":"closed","template":"","meta":[],"class_list":["post-838","product","type-product","status-publish","has-post-thumbnail","hentry","product_cat-ptfe-micro-powders"],"_links":{"self":[{"href":"https:\/\/wanda-chemical.com\/pl\/wp-json\/wp\/v2\/product\/838","targetHints":{"allow":["GET"]}}],"collection":[{"href":"https:\/\/wanda-chemical.com\/pl\/wp-json\/wp\/v2\/product"}],"about":[{"href":"https:\/\/wanda-chemical.com\/pl\/wp-json\/wp\/v2\/types\/product"}],"replies":[{"embeddable":true,"href":"https:\/\/wanda-chemical.com\/pl\/wp-json\/wp\/v2\/comments?post=838"}],"wp:featuredmedia":[{"embeddable":true,"href":"https:\/\/wanda-chemical.com\/pl\/wp-json\/wp\/v2\/media\/846"}],"wp:attachment":[{"href":"https:\/\/wanda-chemical.com\/pl\/wp-json\/wp\/v2\/media?parent=838"}],"curies":[{"name":"wp","href":"https:\/\/api.w.org\/{rel}","templated":true}]}}