{"id":78,"date":"2021-03-06T15:55:43","date_gmt":"2021-03-06T07:55:43","guid":{"rendered":"https:\/\/wanda-chemical.com\/?post_type=product&#038;p=78"},"modified":"2026-03-09T18:13:31","modified_gmt":"2026-03-09T10:13:31","slug":"light-diffusion-agent","status":"publish","type":"product","link":"https:\/\/wanda-chemical.com\/pl\/produkt\/light-diffusion-agent\/","title":{"rendered":"\u015arodek rozpraszaj\u0105cy \u015bwiat\u0142o"},"content":{"rendered":"<p>Na globalnym rynku \u015brodk\u00f3w rozpraszaj\u0105cych \u015bwiat\u0142o, Shin-Etsu, Samsung i Dow Corning s\u0105 znane ze swojej wyj\u0105tkowej jako\u015bci, aczkolwiek za wysok\u0105 cen\u0119. Teraz przedstawiamy prze\u0142omow\u0105 alternatyw\u0119: <b>\u015arodek rozpraszaj\u0105cy \u015bwiat\u0142o Wandy<\/b>. Ten produkt oferuje niezr\u00f3wnan\u0105 warto\u015b\u0107, \u0142\u0105cz\u0105c najwy\u017csz\u0105 jako\u015b\u0107 z op\u0142acalno\u015bci\u0105.<\/p>\n<p>Czy istnieje wysokowydajny produkt, kt\u00f3ry jest nie tylko op\u0142acalny, ale tak\u017ce charakteryzuje si\u0119 najwy\u017csz\u0105 jako\u015bci\u0105?<\/p>\n<p>Tak, \u015brodek rozpraszaj\u0105cy \u015bwiat\u0142o Wanda mo\u017ce ci pom\u00f3c. Jako wiod\u0105cy i najwi\u0119kszy chi\u0144ski producent \u015brodk\u00f3w rozpraszaj\u0105cych \u015bwiat\u0142o, Wanda mo\u017ce pochwali\u0107 si\u0119 ponad 30-letnim do\u015bwiadczeniem. W przesz\u0142o\u015bci koncentrowali\u015bmy si\u0119 na rynku krajowym, nawi\u0105zuj\u0105c silne partnerstwa z renomowanymi firmami, takimi jak Pak, NVC i Midea. Wraz ze wzrostem wolumenu eksportu na ca\u0142ym \u015bwiecie jeste\u015bmy przekonani, \u017ce \u015brodek rozpraszaj\u0105cy \u015bwiat\u0142o Wanda przekroczy Twoje oczekiwania.<\/p>\n<p>Poni\u017cej znajduje si\u0119 szczeg\u00f3\u0142owe wprowadzenie.<\/p>\n<p>&nbsp;<\/p>\n<p><strong>Opis produktu:<\/strong><\/p>\n<p>\u015arodek rozpraszaj\u0105cy \u015bwiat\u0142o Wanda to drobny, bia\u0142y proszek silikonowy. Po jednorodnym rozproszeniu w matrycy \u017cywicznej tworzy niezliczone ma\u0142e, przezroczyste szklane kulki. Sfery te wykorzystuj\u0105 r\u00f3\u017cnic\u0119 wsp\u00f3\u0142czynnika za\u0142amania \u015bwiat\u0142a w stosunku do pod\u0142o\u017ca, aby skutecznie za\u0142amywa\u0107 i zmienia\u0107 \u015bcie\u017cki \u015bwiat\u0142a, osi\u0105gaj\u0105c jednolite rozproszenie \u015bwiat\u0142a i doskona\u0142\u0105 transmisj\u0119 \u015bwiat\u0142a. Jednocze\u015bnie precyzyjnie spe\u0142nia rygorystyczne wymagania dotycz\u0105ce zar\u00f3wno zamglenia, jak i przepuszczalno\u015bci.<\/p>\n<p>&nbsp;<\/p>\n<p><strong>Zastosowanie:\u00a0<\/strong><\/p>\n<ul>\n<li><b>O\u015bwietlenie LED:<\/b> Klosze LED, os\u0142ony o\u015bwietleniowe LED, p\u0142yty rozpraszaj\u0105ce \u015bwiat\u0142o<\/li>\n<li><b>Technologia wy\u015bwietlania:<\/b> Arkusze rozpraszaj\u0105ce LCD, ekrany telewizyjne, cyfrowe siatki lampowe<\/li>\n<li><b>Oznakowanie reklamowe:<\/b> Reklamowe kasetony \u015bwietlne, billboardy, \u015bwiec\u0105ce znaki<\/li>\n<li><b>Produkty z tworzyw sztucznych:<\/b> PC, PMMA, PS, ABS, PVC i inne materia\u0142y<\/li>\n<li><b>Inne zastosowania:<\/b> Butelki kosmetyczne, koncentraty, dodatki do farb i atrament\u00f3w, \u015brodki zapobiegaj\u0105ce zarysowaniom i matuj\u0105ce do tworzyw sztucznych.<\/li>\n<\/ul>\n<p>&nbsp;<\/p>\n<p><strong>Cechy:<\/strong><\/p>\n<ul>\n<li><b>Doskona\u0142e w\u0142a\u015bciwo\u015bci rozpraszania \u015bwiat\u0142a:<\/b> Zapewnia r\u00f3wnomierny rozk\u0142ad \u015bwiat\u0142a i eliminuje odblaski.<\/li>\n<li><b>Wysoka wytrzyma\u0142o\u015b\u0107 na uderzenia:<\/b> Zwi\u0119ksza trwa\u0142o\u015b\u0107 materia\u0142u.<\/li>\n<li><b>Optymalna r\u00f3wnowaga zamglenia i przepuszczalno\u015bci:<\/b> Zapewnia skuteczne rozpraszanie \u015bwiat\u0142a przy zachowaniu wysokiej przejrzysto\u015bci.<\/li>\n<li><b>Doskona\u0142a odporno\u015b\u0107 na wysokie temperatury:<\/b> Nadaje si\u0119 do r\u00f3\u017cnych wymagaj\u0105cych \u015brodowisk pracy.<\/li>\n<li><b>Stabilna jako\u015b\u0107 kolor\u00f3w:<\/b> Gwarantuje niezmienny wygl\u0105d podczas d\u0142ugotrwa\u0142ego u\u017cytkowania.<\/li>\n<li><b>Zgodno\u015b\u0107 z FDA:<\/b> Mo\u017ce by\u0107 stosowany w materia\u0142ach opakowaniowych z folii poliestrowej, poprawiaj\u0105c ich w\u0142a\u015bciwo\u015bci antyadhezyjne.<\/li>\n<\/ul>\n<p>&nbsp;<\/p>\n<p><strong>Najlepszy sprzedawca w por\u00f3wnaniu do znanych marek:<\/strong><\/p>\n<p><img fetchpriority=\"high\" decoding=\"async\" class=\"alignnone wp-image-81 size-full\" src=\"https:\/\/wanda-chemical.com\/wp-content\/uploads\/2021\/03\/\u548c\u4e09\u661f\u4fe1\u8d8a\u5bf9\u6bd4.png\" alt=\"\" width=\"664\" height=\"240\" srcset=\"https:\/\/wanda-chemical.com\/wp-content\/uploads\/2021\/03\/\u548c\u4e09\u661f\u4fe1\u8d8a\u5bf9\u6bd4.png 664w, https:\/\/wanda-chemical.com\/wp-content\/uploads\/2021\/03\/\u548c\u4e09\u661f\u4fe1\u8d8a\u5bf9\u6bd4-300x108.png 300w, https:\/\/wanda-chemical.com\/wp-content\/uploads\/2021\/03\/\u548c\u4e09\u661f\u4fe1\u8d8a\u5bf9\u6bd4-600x217.png 600w\" sizes=\"(max-width: 664px) 100vw, 664px\" \/><\/p>\n<p>&nbsp;<\/p>\n<p><b>Wanda's Edge: Przewy\u017cszanie renomowanych marek\u3011<\/b> \u015arodek rozpraszaj\u0105cy \u015bwiat\u0142o Wanda rywalizuje, a nawet przewy\u017csza znane mi\u0119dzynarodowe marki zar\u00f3wno pod wzgl\u0119dem jako\u015bci, jak i op\u0142acalno\u015bci. Jeste\u015bmy szczeg\u00f3lnie dumni z \"nieskazitelnego wyko\u0144czenia\", jakie zapewnia nasz produkt.<\/p>\n<p>&nbsp;<\/p>\n<hr \/>\n<p><b>Prze\u017cyj to teraz:<\/b><\/p>\n<p>Rozumiemy podw\u00f3jne d\u0105\u017cenie do jako\u015bci produktu i efektywno\u015bci kosztowej. Je\u015bli jeste\u015b zainteresowany \u015brodkiem rozpraszaj\u0105cym \u015bwiat\u0142o Wanda, skontaktuj si\u0119 z nami, aby uzyska\u0107 szczeg\u00f3\u0142ow\u0105 wycen\u0119 i poprosi\u0107 o bezp\u0142atn\u0105 pr\u00f3bk\u0119 do test\u00f3w. Wierzymy, \u017ce Wanda b\u0119dzie idealnym rozwi\u0105zaniem do rozpraszania \u015bwiat\u0142a!<\/p>","protected":false},"excerpt":{"rendered":"<p>\u015arodek rozpraszaj\u0105cy \u015bwiat\u0142o, zwany r\u00f3wnie\u017c dodatkiem rozpraszaj\u0105cym \u015bwiat\u0142o z \u017cywicy silikonowej w proszku i baz\u0105 silikonow\u0105, jest stosowany g\u0142\u00f3wnie do PC, PMMA, PS, ABS, PVC, aba\u017curu LED, os\u0142ony \u015bwiat\u0142a LED, p\u0142yty rozpraszaj\u0105cej \u015bwiat\u0142o, folii rozpraszaj\u0105cej \u015bwiat\u0142o, LCD, arkusza dyfuzora, wy\u015bwietlacza TV, cyfrowej kratownicy rurowej, kasetonu reklamowego i tablicy, znak\u00f3w emituj\u0105cych \u015bwiat\u0142o, butelek kosmetycznych, koncentrat\u00f3w, dodatk\u00f3w do malowania lub tuszu, \u015brodka przeciw zarysowaniom i matuj\u0105cego do tworzyw sztucznych itp.<\/p>\n<p>&nbsp;<\/p>","protected":false},"featured_media":129,"comment_status":"open","ping_status":"closed","template":"","meta":[],"class_list":["post-78","product","type-product","status-publish","has-post-thumbnail","hentry","product_cat-light-diffusion-agent"],"_links":{"self":[{"href":"https:\/\/wanda-chemical.com\/pl\/wp-json\/wp\/v2\/product\/78","targetHints":{"allow":["GET"]}}],"collection":[{"href":"https:\/\/wanda-chemical.com\/pl\/wp-json\/wp\/v2\/product"}],"about":[{"href":"https:\/\/wanda-chemical.com\/pl\/wp-json\/wp\/v2\/types\/product"}],"replies":[{"embeddable":true,"href":"https:\/\/wanda-chemical.com\/pl\/wp-json\/wp\/v2\/comments?post=78"}],"wp:featuredmedia":[{"embeddable":true,"href":"https:\/\/wanda-chemical.com\/pl\/wp-json\/wp\/v2\/media\/129"}],"wp:attachment":[{"href":"https:\/\/wanda-chemical.com\/pl\/wp-json\/wp\/v2\/media?parent=78"}],"curies":[{"name":"wp","href":"https:\/\/api.w.org\/{rel}","templated":true}]}}