{"id":147,"date":"2021-03-15T18:10:03","date_gmt":"2021-03-15T10:10:03","guid":{"rendered":"https:\/\/wanda-chemical.com\/?post_type=product&#038;p=147"},"modified":"2023-07-03T14:48:28","modified_gmt":"2023-07-03T06:48:28","slug":"for-cosmetics-application","status":"publish","type":"product","link":"https:\/\/wanda-chemical.com\/pl\/produkt\/for-cosmetics-application\/","title":{"rendered":"do zastosowa\u0144 kosmetycznych"},"content":{"rendered":"<p><span style=\"color: #008000;\"><strong><span class=\"text-dst\">Inna nazwa: <\/span><\/strong><\/span>Sferyczna \u017cywica silikonowa w proszku, mikrosferyczna \u017cywica silikonowa w proszku, \u017cywica silikonowa w proszku, polimetylosilseskwioksan, PMSQ w proszku, dimetylosiloksan<\/p>\n<p>&nbsp;<\/p>\n<div class=\"page\" title=\"Strona 1\">\n<div class=\"layoutArea\">\n<div class=\"column\">\n<p><span style=\"color: #008000;\"><strong><span class=\"text-dst\">Zastosowanie:<\/span><\/strong><\/span><\/p>\n<\/div>\n<\/div>\n<div class=\"section\">\n<div class=\"layoutArea\">\n<div class=\"column\">\n<ul>\n<li>Produkty do opalania: filtr przeciws\u0142oneczny, emulsja blokuj\u0105ca<\/li>\n<li>Kosmetyki kolorowe: szminki, podk\u0142ady, cienie do powiek, puder prasowany, sypki<\/li>\n<li>Produkty do piel\u0119gnacji sk\u00f3ry: krem na noc, krem przeciwstarzeniowy i przeciwzmarszczkowy, krem BB<\/li>\n<li>Higiena osobista: balsamy do piel\u0119gnacji cia\u0142a<\/li>\n<\/ul>\n<\/div>\n<\/div>\n<\/div>\n<\/div>\n<p>&nbsp;<\/p>\n<p><span style=\"color: #008000;\"><strong><span class=\"text-dst\">A co z jego zaletami dla kosmetyk\u00f3w?\u00a0<\/span><\/strong><\/span><\/p>\n<p><span class=\"text-dst\">1.)<\/span>niepolarny olej absorbuj\u0105cy i \u0142atwy do zdyspergowania zar\u00f3wno w wodzie, jak i oleju<\/p>\n<p>2.) Sferyczna struktura nadaje kosmetykom g\u0142adko\u015b\u0107 i jedwabisto\u015b\u0107, u\u0142atwiaj\u0105c ich rozprowadzanie.<\/p>\n<p>3.) Mo\u017ce by\u0107 stosowany w prasowanym proszku w celu poprawy jego odporno\u015bci na p\u0119kanie.<\/p>\n<p>4.) W\u0142a\u015bciwo\u015bci organiczne mog\u0105 poprawi\u0107 przyczepno\u015b\u0107 produktu do sk\u00f3ry i skutecznie zapobiega\u0107 utracie makija\u017cu.<\/p>\n<p>5.) Charakterystyka wysokiego wsp\u00f3\u0142czynnika za\u0142amania \u015bwiat\u0142a powoduje rozproszenie padaj\u0105cego \u015bwiat\u0142a, os\u0142abia kontrast \u015bwiat\u0142a i cienia na twarzy oraz powoduje efekt \"optycznego rozmycia\" lub \"mi\u0119kkiej ostro\u015bci\".<\/p>\n<p>6.) Wype\u0142nij drobne zmarszczki i nadaj sk\u00f3rze g\u0142adko\u015b\u0107 i nawil\u017cenie<\/p>\n<p>&nbsp;<\/p>\n<p><span style=\"color: #008000;\"><strong><span class=\"text-dst\">Ciep\u0142e wskaz\u00f3wki:<\/span><\/strong><\/span><\/p>\n<p>Og\u00f3lny stosunek mieszania tego typu gumy silikonowej wynosi 0,5-0,8%. Klienci mog\u0105 elastycznie dostosowa\u0107 go do materia\u0142u matrycy, rzeczywistego zastosowania, grubo\u015bci materia\u0142u, obr\u00f3bki powierzchni i innych potrzeb.<\/p>","protected":false},"excerpt":{"rendered":"<p>Proszek z \u017cywicy silikonowej mo\u017ce by\u0107 stosowany w kosmetykach. Mo\u017ce poprawi\u0107 odczucie, odporno\u015b\u0107 na pot i zdolno\u015b\u0107 maskowania kosmetyk\u00f3w, takich jak podk\u0142ady i produkty do piel\u0119gnacji sk\u00f3ry.<\/p>\n<p class=\"p1\"><strong>Za cen\u0119<span class=\"s1\">,<\/span><\/strong>\u00a0prosimy o kontakt<span class=\"s1\">,<\/span> szczeg\u00f3\u0142owa wycena tego proszku \u017cywicy silikonowej zostanie wys\u0142ana w celach informacyjnych.<\/p>\n<p class=\"p1\"><strong>Przyk\u0142ad<\/strong><span class=\"s1\">,<\/span>\u00a0bezp\u0142atnie<\/p>\n<p class=\"p1\"><strong>MOQ:<\/strong>\u00a0100 kg<\/p>\n<p class=\"p1\"><strong>Kod H.S:<\/strong>\u00a039100090<\/p>\n<p class=\"p1\"><strong>Termin handlowy:<\/strong>\u00a0EXW\/FOB\/CFR\/CIF s\u0105 dost\u0119pne<\/p>","protected":false},"featured_media":148,"comment_status":"open","ping_status":"closed","template":"","meta":[],"class_list":["post-147","product","type-product","status-publish","has-post-thumbnail","hentry","product_cat-silicone-resin-powder"],"_links":{"self":[{"href":"https:\/\/wanda-chemical.com\/pl\/wp-json\/wp\/v2\/product\/147","targetHints":{"allow":["GET"]}}],"collection":[{"href":"https:\/\/wanda-chemical.com\/pl\/wp-json\/wp\/v2\/product"}],"about":[{"href":"https:\/\/wanda-chemical.com\/pl\/wp-json\/wp\/v2\/types\/product"}],"replies":[{"embeddable":true,"href":"https:\/\/wanda-chemical.com\/pl\/wp-json\/wp\/v2\/comments?post=147"}],"wp:featuredmedia":[{"embeddable":true,"href":"https:\/\/wanda-chemical.com\/pl\/wp-json\/wp\/v2\/media\/148"}],"wp:attachment":[{"href":"https:\/\/wanda-chemical.com\/pl\/wp-json\/wp\/v2\/media?parent=147"}],"curies":[{"name":"wp","href":"https:\/\/api.w.org\/{rel}","templated":true}]}}