{"id":1423,"date":"2023-06-09T09:56:41","date_gmt":"2023-06-09T01:56:41","guid":{"rendered":"https:\/\/wanda-chemical.com\/?post_type=product&#038;p=1423"},"modified":"2023-06-09T10:01:03","modified_gmt":"2023-06-09T02:01:03","slug":"anti-dripping-additive-pfoa-free-wd-6260","status":"publish","type":"product","link":"https:\/\/wanda-chemical.com\/pl\/produkt\/anti-dripping-additive-pfoa-free-wd-6260\/","title":{"rendered":"Dodatek zapobiegaj\u0105cy kapaniu - bezFOA WD-6260"},"content":{"rendered":"<p><strong><b>Zastosowanie:<\/b><\/strong><\/p>\n<p>Nadaje si\u0119 do tworzyw termoplastycznych, takich jak nylon i PP, kt\u00f3re musz\u0105 spe\u0142nia\u0107 norm\u0119 UL94 V0.<\/p>\n<p>Zapobiega kapaniu plastiku podczas spalania.<\/p>\n<p>&nbsp;<\/p>\n<p><strong><b>W\u0142a\u015bciwo\u015bci fizyczne: <\/b><\/strong><\/p>\n<table>\n<tbody>\n<tr>\n<td width=\"170\">\n<p style=\"text-align: center;\"><strong><b>D<\/b><\/strong><strong><b>ata<\/b><\/strong><\/p>\n<\/td>\n<td width=\"224\">\n<p style=\"text-align: center;\"><strong><b>WD-6260<\/b><\/strong><\/p>\n<\/td>\n<\/tr>\n<tr>\n<td width=\"170\">\n<p style=\"text-align: center;\"><strong><b>Luzem<\/b><\/strong>\u00a0<strong><b>g\u0119sto\u015b\u0107<\/b><\/strong><\/p>\n<\/td>\n<td width=\"224\">\n<p style=\"text-align: center;\"><strong><b>~700<\/b><\/strong><strong><b>g<\/b><\/strong><strong><b>\/<\/b><\/strong><strong><b>L<\/b><\/strong><\/p>\n<\/td>\n<\/tr>\n<tr>\n<td width=\"170\">\n<p style=\"text-align: center;\"><strong><b>A<\/b><\/strong><strong><b>wygl\u0105d<\/b><\/strong><\/p>\n<\/td>\n<td width=\"224\">\n<p style=\"text-align: center;\"><strong><b>W<\/b><\/strong><strong><b>h<\/b><\/strong><strong><b>ite<\/b><\/strong>\u00a0<strong><b>proszek<\/b><\/strong><\/p>\n<\/td>\n<\/tr>\n<tr>\n<td width=\"170\">\n<p style=\"text-align: center;\"><strong><b>PTFE<\/b><\/strong>\u00a0<strong><b>zawarto\u015b\u0107<\/b><\/strong><\/p>\n<\/td>\n<td width=\"224\">\n<p style=\"text-align: center;\"><strong><b>\u226598%<\/b><\/strong><\/p>\n<\/td>\n<\/tr>\n<\/tbody>\n<\/table>\n<p>&nbsp;<\/p>\n<p><strong><b>Typowa dawka:<\/b><\/strong><\/p>\n<table>\n<tbody>\n<tr>\n<td width=\"255\">\n<p style=\"text-align: center;\"><strong><b>M<\/b><\/strong><strong><b>a<\/b><\/strong><strong><b>materia\u0142<\/b><\/strong><\/p>\n<\/td>\n<td width=\"253\">\n<p style=\"text-align: center;\"><strong><b>Dos<\/b><\/strong><strong><b>wiek<\/b><\/strong>\u00a0<strong><b>Stosunek<\/b><\/strong><\/p>\n<\/td>\n<\/tr>\n<tr>\n<td width=\"255\">\n<p style=\"text-align: center;\"><strong><b>PC\/ABS<\/b><\/strong><\/p>\n<\/td>\n<td width=\"253\">\n<p style=\"text-align: center;\">0.20% &#8211; 0.30%<\/p>\n<\/td>\n<\/tr>\n<tr>\n<td width=\"255\">\n<p style=\"text-align: center;\"><strong><b>P<\/b><\/strong><strong><b>C<\/b><\/strong><\/p>\n<\/td>\n<td width=\"253\">\n<p style=\"text-align: center;\">0.40% -0.50%<\/p>\n<\/td>\n<\/tr>\n<tr>\n<td width=\"255\">\n<p style=\"text-align: center;\"><strong><b>A<\/b><\/strong><strong><b>BS<\/b><\/strong><\/p>\n<\/td>\n<td width=\"253\">\n<p style=\"text-align: center;\">0.10%- 0.20%<\/p>\n<\/td>\n<\/tr>\n<\/tbody>\n<\/table>\n<p>&nbsp;<\/p>\n<p><strong><b>S<\/b><\/strong><strong><b>h<\/b><\/strong><strong><b>elf L<\/b><\/strong><strong><b>i<\/b><\/strong><strong><b>fe: <\/b><\/strong><\/p>\n<p>W przypadku przechowywania w temperaturze 25\u00b0C lub ni\u017cszej w oryginalnych, nieotwartych pojemnikach, okres trwa\u0142o\u015bci wynosi 3 lata od daty produkcji.<\/p>\n<p>&nbsp;<\/p>\n<p><strong><b>Przechowywanie i \u015brodki ostro\u017cno\u015bci \uff1a<\/b><\/strong><\/p>\n<p>*Powinien by\u0107 przechowywany w czystym, suchym miejscu w oryginalnym, nieotwartym opakowaniu.<\/p>\n<p>*Przed u\u017cyciem nale\u017cy uwa\u017cnie przeczyta\u0107 kart\u0119 charakterystyki produktu (MSDS), kt\u00f3r\u0105 mo\u017cna uzyska\u0107 od dostawcy.<\/p>","protected":false},"excerpt":{"rendered":"<p>\u015arodek zapobiegaj\u0105cy kapaniu WD-6260 to czysty proszek PTFE.<\/p>\n<p>WD-6260 spe\u0142nia wymagania normy UL 94.<\/p>","protected":false},"featured_media":875,"comment_status":"open","ping_status":"closed","template":"","meta":[],"class_list":["post-1423","product","type-product","status-publish","has-post-thumbnail","hentry","product_cat-antidripping-agent","product_tag-antidripping-agent"],"_links":{"self":[{"href":"https:\/\/wanda-chemical.com\/pl\/wp-json\/wp\/v2\/product\/1423","targetHints":{"allow":["GET"]}}],"collection":[{"href":"https:\/\/wanda-chemical.com\/pl\/wp-json\/wp\/v2\/product"}],"about":[{"href":"https:\/\/wanda-chemical.com\/pl\/wp-json\/wp\/v2\/types\/product"}],"replies":[{"embeddable":true,"href":"https:\/\/wanda-chemical.com\/pl\/wp-json\/wp\/v2\/comments?post=1423"}],"wp:featuredmedia":[{"embeddable":true,"href":"https:\/\/wanda-chemical.com\/pl\/wp-json\/wp\/v2\/media\/875"}],"wp:attachment":[{"href":"https:\/\/wanda-chemical.com\/pl\/wp-json\/wp\/v2\/media?parent=1423"}],"curies":[{"name":"wp","href":"https:\/\/api.w.org\/{rel}","templated":true}]}}