{"id":142,"date":"2021-03-15T16:22:56","date_gmt":"2021-03-15T08:22:56","guid":{"rendered":"https:\/\/wanda-chemical.com\/?post_type=product&#038;p=142"},"modified":"2023-07-03T14:50:06","modified_gmt":"2023-07-03T06:50:06","slug":"for-paint-coating-ink-applications","status":"publish","type":"product","link":"https:\/\/wanda-chemical.com\/pl\/produkt\/for-paint-coating-ink-applications\/","title":{"rendered":"Do zastosowa\u0144 zwi\u0105zanych z farbami\/pow\u0142okami\/tuszami"},"content":{"rendered":"<p><span class=\"text-dst\">Proszek z \u017cywicy silikonowej jest rodzajem wielofunkcyjnego mikronowego sferycznego proszku z \u017cywicy silikonowej, kt\u00f3ry jest nierozpuszczalny w wodzie, niepalny i ma doskona\u0142\u0105 odporno\u015b\u0107 na ciep\u0142o, dzi\u0119ki czemu stosowany w tuszach i pow\u0142okach mo\u017ce poprawi\u0107 matowo\u015b\u0107, g\u0142adko\u015b\u0107 i hydrofobowo\u015b\u0107 powierzchni. mo\u017ce sprawi\u0107, \u017ce powierzchnia produktu b\u0119dzie mia\u0142a doskona\u0142e wyczucie dotyku. <\/span><span class=\"text-dst hl\">Nadaje si\u0119 do pow\u0142ok i dodatk\u00f3w do farb o wysokiej odporno\u015bci termicznej i odporno\u015bci na rozpuszczalniki i mo\u017ce by\u0107 stosowany do wysokiej jako\u015bci farb do drewna.<\/span><\/p>\n<div class=\"page\" title=\"Strona 1\">\n<div class=\"section\">\n<div class=\"layoutArea\">\n<div class=\"column\">\n<p>W mi\u0119dzyczasie mo\u017ce by\u0107 stosowany jako \u015brodek dysperguj\u0105cy i dodatek zapobiegaj\u0105cy flokulacji pigment\u00f3w, poprawiaj\u0105cy kontrol\u0119 elektryfikacji i p\u0142ynno\u015b\u0107 toner\u00f3w oraz poprawiaj\u0105cy przetwarzalno\u015b\u0107 wszelkiego rodzaju detergent\u00f3w i produkt\u00f3w woskowych.<\/p>\n<p>Og\u00f3lny dodatek wynosi 0,5-2,0%. Klienci mog\u0105 elastycznie dostosowa\u0107 go do materia\u0142u matrycy, rzeczywistego zastosowania, grubo\u015bci materia\u0142u, obr\u00f3bki powierzchni i innych potrzeb.<\/p>\n<\/div>\n<\/div>\n<\/div>\n<\/div>","protected":false},"excerpt":{"rendered":"<p>Proszek z \u017cywicy silikonowej stosowany w farbach, pow\u0142okach, tuszach, mo\u017ce poprawi\u0107 dyspergowalno\u015b\u0107 pigment\u00f3w i proszk\u00f3w w formule oraz skutecznie poprawi\u0107 smarowno\u015b\u0107 i odczucie produkt\u00f3w.<\/p>\n<p class=\"p1\">Mo\u017cemy dostosowa\u0107 wsp\u00f3\u0142czynnik za\u0142amania \u015bwiat\u0142a<span class=\"s1\">,<\/span> zamglenie<span class=\"s1\">,<\/span> przepuszczalno\u015b\u0107 zgodnie z wymaganiami.<\/p>\n<p class=\"p1\"><strong>Za cen\u0119<span class=\"s1\">,<\/span><\/strong> prosimy o kontakt<span class=\"s1\">,<\/span> szczeg\u00f3\u0142owa wycena tego proszku \u017cywicy silikonowej zostanie wys\u0142ana w celach informacyjnych.<\/p>\n<p class=\"p1\"><strong>Przyk\u0142ad<\/strong><span class=\"s1\">,<\/span> bezp\u0142atnie<\/p>\n<p class=\"p1\"><strong>MOQ:<\/strong> 100 kg<\/p>\n<p class=\"p1\"><strong>Kod H.S:<\/strong> 39100090<\/p>\n<p class=\"p1\"><strong>Termin handlowy:<\/strong> EXW\/FOB\/CFR\/CIF s\u0105 dost\u0119pne<\/p>","protected":false},"featured_media":143,"comment_status":"open","ping_status":"closed","template":"","meta":[],"class_list":["post-142","product","type-product","status-publish","has-post-thumbnail","hentry","product_cat-silicone-resin-powder"],"_links":{"self":[{"href":"https:\/\/wanda-chemical.com\/pl\/wp-json\/wp\/v2\/product\/142","targetHints":{"allow":["GET"]}}],"collection":[{"href":"https:\/\/wanda-chemical.com\/pl\/wp-json\/wp\/v2\/product"}],"about":[{"href":"https:\/\/wanda-chemical.com\/pl\/wp-json\/wp\/v2\/types\/product"}],"replies":[{"embeddable":true,"href":"https:\/\/wanda-chemical.com\/pl\/wp-json\/wp\/v2\/comments?post=142"}],"wp:featuredmedia":[{"embeddable":true,"href":"https:\/\/wanda-chemical.com\/pl\/wp-json\/wp\/v2\/media\/143"}],"wp:attachment":[{"href":"https:\/\/wanda-chemical.com\/pl\/wp-json\/wp\/v2\/media?parent=142"}],"curies":[{"name":"wp","href":"https:\/\/api.w.org\/{rel}","templated":true}]}}