{"id":136,"date":"2021-03-15T15:21:51","date_gmt":"2021-03-15T07:21:51","guid":{"rendered":"https:\/\/wanda-chemical.com\/?post_type=product&#038;p=136"},"modified":"2026-04-09T07:21:40","modified_gmt":"2026-04-08T23:21:40","slug":"for-lda-masterbatch-application","status":"publish","type":"product","link":"https:\/\/wanda-chemical.com\/pl\/produkt\/for-lda-masterbatch-application\/","title":{"rendered":"dla aplikacji LDA Masterbatch"},"content":{"rendered":"<div class=\"textpanel\">\n<div class=\"textpanel-container clearfix\">\n<div class=\"textpanel-target\">\n<div class=\"textpanel-target-textblock\">\n<p><span class=\"text-dst\">Lampa LED jest trendem przysz\u0142ego rozwoju, ale \u015bwiat\u0142o LED jest nadal bardzo silne, \u015bwiat\u0142o jest bardzo o\u015blepiaj\u0105ce. <\/span><span class=\"text-dst\">Jak zmi\u0119kczy\u0107 \u015bwiat\u0142o lamp LED, a utrata energii \u015bwietlnej jest bardzo ma\u0142a, jest to problem, kt\u00f3ry nale\u017cy rozwi\u0105za\u0107 za pomoc\u0105 dyfuzora \u015bwiat\u0142a i przedmieszki rozpraszaj\u0105cej \u015bwiat\u0142o.<\/span><\/p>\n<p><span class=\"text-dst\">Warto\u015bci PC i PMMA s\u0105 wysoce przezroczyste, a utrata energii \u015bwietlnej jest bardzo ma\u0142a, gdy \u015bwiat\u0142o przechodzi, wi\u0119c s\u0105 one cz\u0119sto wybierane jako pod\u0142o\u017ca do aba\u017cur\u00f3w i innych materia\u0142\u00f3w optycznych.<\/span><\/p>\n<p><span class=\"text-dst\">Tradycyjny klosz polega na dodaniu nieorganicznego dyfuzora \u015bwiat\u0142a do PC i PMMA, takiego jak siarczan baru, dwutlenek krzemu itp. <\/span><span class=\"text-dst\">Po dodaniu tych nieorganicznych nanocz\u0105stek \u015bwiat\u0142o b\u0119dzie wielokrotnie za\u0142amywane przez powierzchni\u0119 male\u0144kich cz\u0105stek, aby uzyska\u0107 dyfuzj\u0119 \u015bwiat\u0142a, czyli efekt fosforescencji. <\/span><span class=\"text-dst\">Poniewa\u017c jednak \u015bwiat\u0142o nie mo\u017ce przechodzi\u0107 przez te nieorganiczne nanocz\u0105stki, nast\u0119puje du\u017ca utrata energii \u015bwietlnej. <\/span><span class=\"text-dst\">Innymi s\u0142owy, chocia\u017c nieorganiczny dodatek mo\u017ce zmieni\u0107 mi\u0119kko\u015b\u0107, nie mo\u017ce osi\u0105gn\u0105\u0107 efektu rozja\u015bnienia.<\/span><\/p>\n<p><span class=\"text-dst\">Obecnie nasz organiczny \u015brodek rozpraszaj\u0105cy \u015bwiat\u0142o Wanda mo\u017ce przechodzi\u0107 przez samo \u015bwiat\u0142o, dzi\u0119ki czemu mo\u017ce rozwi\u0105za\u0107 problem fosforescencji i transmisji \u015bwiat\u0142a. <\/span><span class=\"text-dst\">Ten rodzaj dyfuzora \u015bwiat\u0142a wykorzystuje r\u00f3\u017cnic\u0119 w wsp\u00f3\u0142czynniku za\u0142amania \u015bwiat\u0142a mi\u0119dzy pod\u0142o\u017cem a koralikami, poprzez r\u00f3wnomierne rozproszenie male\u0144kich nanopere\u0142ek w \u017cywicy, wpadaj\u0105ce \u015bwiat\u0142o przechodzi przez kul\u0119 koralik\u00f3w, za\u0142amuje si\u0119 w szklistym ciele, a nast\u0119pnie przenika, dzi\u0119ki czemu punktowe \u017ar\u00f3d\u0142o \u015bwiat\u0142a staje si\u0119 powierzchniowym \u017ar\u00f3d\u0142em \u015bwiat\u0142a, rozszerzaj\u0105c w ten spos\u00f3b \u015bwiec\u0105c\u0105 powierzchni\u0119 i zmi\u0119kczaj\u0105c \u015bwiat\u0142o. Na koniec \u015bwiat\u0142o jest wielokrotnie za\u0142amywane, aby uzyska\u0107 efekt mi\u0119kkiej fosforescencji.\u00a0<\/span><span class=\"text-dst\">Sam koralik przepuszcza \u015bwiat\u0142o, wi\u0119c utrata energii \u015bwietlnej jest bardzo ma\u0142a.\u00a0<\/span><span class=\"text-dst\">Dlatego ten organiczny dyfuzor \u015bwiat\u0142a mo\u017ce osi\u0105gn\u0105\u0107 efekt fosforescencji i przepuszczalno\u015bci \u015bwiat\u0142a.<\/span><\/p>\n<p><span class=\"text-dst hl\">Jak wiemy, tradycyjna metoda przetwarzania polega jedynie na bezpo\u015brednim dodaniu dyfuzora optycznego, kt\u00f3ry jest drogi i trudny do rozwi\u0105zania problemu dyspersji, co skutkuje nier\u00f3wnomiern\u0105 transmisj\u0105 \u015bwiat\u0142a na p\u0142ycie PC.<\/span><\/p>\n<\/div>\n<\/div>\n<\/div>\n<div class=\"textpanel-tool tool-voice\" data-type=\"target\" data-tips=\"\u53d1\u97f3\" data-limit=\"500\"><\/div>\n<div class=\"textpanel-container clearfix\">\n<div class=\"textpanel-target\">\n<div class=\"textpanel-tool tool-copy\" data-tips=\"\u590d\u5236\">Dlatego w\u0142a\u015bnie narodzi\u0142 si\u0119 LDA Masterbatch, kt\u00f3ry<span class=\"text-dst\"> ma doskona\u0142y efekt rozpraszania i skutecznie rozwi\u0105zuje problem wyr\u00f3wnywania \u015bwiat\u0142a. i jest niezwykle skuteczny w zwi\u0119kszaniu rozpraszania i transmisji \u015bwiat\u0142a.<\/span><\/div>\n<\/div>\n<\/div>\n<\/div>","protected":false},"excerpt":{"rendered":"<p>Masterbatch LDA to wysoce wydajny dodatek rozpraszaj\u0105cy \u015bwiat\u0142o LED\/LCD. Stosowany jest g\u0142\u00f3wnie do przezroczystych \u017cywic PC, PVC, PC, PMMA i PET.<\/p>\n<p class=\"p2\">Nasz tego typu \u015brodek rozpraszaj\u0105cy \u015bwiat\u0142o to trzy najlepsze produkty we wszystkich naszych zastosowaniach<span class=\"s1\">Jeste\u015bmy przekonani, \u017ce b\u0119dziesz z niego bardzo zadowolony.<\/span> wyj\u0105tkowa jako\u015b\u0107 i atrakcyjna cena.<\/p>\n<p class=\"p2\">Mo\u017cemy dostosowa\u0107 wsp\u00f3\u0142czynnik za\u0142amania \u015bwiat\u0142a<span class=\"s1\">,<\/span> zamglenie<span class=\"s1\">,<\/span> przepuszczalno\u015b\u0107 zgodnie z wymaganiami.<\/p>\n<p class=\"p2\"><strong>Za cen\u0119<span class=\"s1\">,<\/span> <\/strong>prosimy o kontakt<span class=\"s1\">,<\/span> Szczeg\u00f3\u0142owa wycena tego \u015brodka rozpraszaj\u0105cego \u015bwiat\u0142o zostanie przes\u0142ana w celach informacyjnych.<\/p>\n<p class=\"p2\"><strong>Przyk\u0142ad<\/strong><span class=\"s1\">,<\/span> bezp\u0142atnie<\/p>\n<p class=\"p2\"><strong>MOQ:<\/strong> 100 kg<\/p>\n<p class=\"p2\"><strong>Kod H.S:<\/strong> 39100090<\/p>\n<p class=\"p2\"><strong>Termin handlowy:<\/strong> EXW\/FOB\/CFR\/CIF s\u0105 dost\u0119pne<\/p>","protected":false},"featured_media":137,"comment_status":"open","ping_status":"closed","template":"","meta":[],"class_list":["post-136","product","type-product","status-publish","has-post-thumbnail","hentry","product_cat-light-diffusion-agent"],"_links":{"self":[{"href":"https:\/\/wanda-chemical.com\/pl\/wp-json\/wp\/v2\/product\/136","targetHints":{"allow":["GET"]}}],"collection":[{"href":"https:\/\/wanda-chemical.com\/pl\/wp-json\/wp\/v2\/product"}],"about":[{"href":"https:\/\/wanda-chemical.com\/pl\/wp-json\/wp\/v2\/types\/product"}],"replies":[{"embeddable":true,"href":"https:\/\/wanda-chemical.com\/pl\/wp-json\/wp\/v2\/comments?post=136"}],"wp:featuredmedia":[{"embeddable":true,"href":"https:\/\/wanda-chemical.com\/pl\/wp-json\/wp\/v2\/media\/137"}],"wp:attachment":[{"href":"https:\/\/wanda-chemical.com\/pl\/wp-json\/wp\/v2\/media?parent=136"}],"curies":[{"name":"wp","href":"https:\/\/api.w.org\/{rel}","templated":true}]}}