{"id":130,"date":"2021-03-13T18:21:19","date_gmt":"2021-03-13T10:21:19","guid":{"rendered":"https:\/\/wanda-chemical.com\/?post_type=product&#038;p=130"},"modified":"2026-04-08T02:38:48","modified_gmt":"2026-04-07T18:38:48","slug":"for-pp-ps-pmma-pvc-pc-diffuser-application","status":"publish","type":"product","link":"https:\/\/wanda-chemical.com\/pl\/produkt\/for-pp-ps-pmma-pvc-pc-diffuser-application\/","title":{"rendered":"\u015arodek rozpraszaj\u0105cy \u015bwiat\u0142o do dyfuzor\u00f3w PP\/PS\/PMMA\/PVC\/PC"},"content":{"rendered":"<p>\u015arodek rozpraszaj\u0105cy \u015bwiat\u0142o Wanda mo\u017ce by\u0107 dodawany bezpo\u015brednio do dyfuzor\u00f3w PP, PS, PMMA, PVC, PC. Poniewa\u017c<span class=\"text-dst hl\"> to rodzaj odpornego na wysokie temperatury sferycznego proszku, kt\u00f3ry zosta\u0142 opracowany przez sieciowanie i szczepienie grup funkcyjnych na bazie metakrylanu i styrenu za pomoc\u0105 technologii polimeryzacji. \u015arodek rozpraszaj\u0105cy \u015bwiat\u0142o Wanda wykazuje r\u00f3\u017cnorodne w\u0142a\u015bciwo\u015bci. Mo\u017cna go miesza\u0107 z materia\u0142em PP\/PS\/PMMA\/PVC\/PC poprzez formowanie wtryskowe lub wyt\u0142aczanie, aby uzyska\u0107 r\u00f3\u017cne efekty dyfuzji \u015bwiat\u0142a refrakcyjnego, a efekt dyfuzji jest \u015bwietny. <\/span><span class=\"text-dst\">R\u00f3\u017cne profile o wysokiej przepuszczalno\u015bci \u015bwiat\u0142a (90-93%), takie jak p\u0142yta dyfuzyjna, rura lampy, kulisty klosz itp., kt\u00f3re maj\u0105 dobr\u0105 r\u00f3wnowag\u0119 mi\u0119dzy przepuszczalno\u015bci\u0105 \u015bwiat\u0142a i dyfuzyjno\u015bci\u0105, dobr\u0105 dyspergowalno\u015bci\u0105 i stabilno\u015bci\u0105, a nasz \u015brodek rozpraszaj\u0105cy \u015bwiat\u0142o mo\u017ce zapewni\u0107 r\u00f3\u017cne rozmiary cz\u0105stek.<\/span><\/p>\n<p><span class=\"text-dst\">Poza tym mo\u017ce by\u0107 stosowany w optycznych tworzywach sztucznych i produktach przemys\u0142owych i ma lepsze funkcje optyczne ni\u017c produkty konkurencji. <\/span><span class=\"text-dst\">W por\u00f3wnaniu z tymi samymi funkcjonalnymi produktami innych marek, niewielka ilo\u015b\u0107 u\u017cycia mo\u017ce osi\u0105gn\u0105\u0107 ten sam efekt i obni\u017cy\u0107 koszty.<\/span><\/p>","protected":false},"excerpt":{"rendered":"<p class=\"p1\">\u015arodek rozpraszaj\u0105cy \u015bwiat\u0142o PP\/PS\/PMMA\/PVC\/PC jest naszym pocz\u0105tkowym produktem we wszystkich zastosowaniach, g\u0142\u00f3wnym powodem by\u0142o to, \u017ce jego <span class=\"text-dst\">Najwy\u017csz\u0105 jako\u015b\u0107 mo\u017cna por\u00f3wna\u0107 do znanej marki, takiej jak <\/span>Shinetsu<span class=\"s1\">,<\/span> Samsung<span class=\"s1\">, <\/span><span class=\"text-dst\">i jest <\/span>Niewielkie zu\u017cycie pozwala osi\u0105gn\u0105\u0107 ten sam efekt i obni\u017cy\u0107 koszty.<\/p>\n<p class=\"p1\">Mo\u017cemy r\u00f3wnie\u017c dostosowa\u0107 wsp\u00f3\u0142czynnik za\u0142amania \u015bwiat\u0142a<span class=\"s1\">,<\/span> zamglenie<span class=\"s1\">,<\/span> przepuszczalno\u015b\u0107, stosunek mieszania zgodnie z wymaganiami.<\/p>\n<p class=\"p1\"><strong>Za cen\u0119<span class=\"s1\">,<\/span><\/strong> prosimy o kontakt<span class=\"s1\">,<\/span> Szczeg\u00f3\u0142owa wycena tego \u015brodka rozpraszaj\u0105cego \u015bwiat\u0142o zostanie przes\u0142ana w celach informacyjnych.<\/p>\n<p class=\"p1\"><strong>Przyk\u0142ad<span class=\"s1\">,<\/span> <\/strong>bezp\u0142atnie<\/p>\n<p class=\"p1\"><strong>MOQ:<\/strong> 100 kg<\/p>\n<p class=\"p1\"><strong>Kod H.S:<\/strong> 39100090<\/p>\n<p class=\"p1\"><strong>Termin handlowy:<\/strong> EXW\/FOB\/CFR\/CIF s\u0105 dost\u0119pne<\/p>","protected":false},"featured_media":131,"comment_status":"open","ping_status":"closed","template":"","meta":[],"class_list":["post-130","product","type-product","status-publish","has-post-thumbnail","hentry","product_cat-light-diffusion-agent"],"_links":{"self":[{"href":"https:\/\/wanda-chemical.com\/pl\/wp-json\/wp\/v2\/product\/130","targetHints":{"allow":["GET"]}}],"collection":[{"href":"https:\/\/wanda-chemical.com\/pl\/wp-json\/wp\/v2\/product"}],"about":[{"href":"https:\/\/wanda-chemical.com\/pl\/wp-json\/wp\/v2\/types\/product"}],"replies":[{"embeddable":true,"href":"https:\/\/wanda-chemical.com\/pl\/wp-json\/wp\/v2\/comments?post=130"}],"wp:featuredmedia":[{"embeddable":true,"href":"https:\/\/wanda-chemical.com\/pl\/wp-json\/wp\/v2\/media\/131"}],"wp:attachment":[{"href":"https:\/\/wanda-chemical.com\/pl\/wp-json\/wp\/v2\/media?parent=130"}],"curies":[{"name":"wp","href":"https:\/\/api.w.org\/{rel}","templated":true}]}}