{"id":121,"date":"2021-03-06T17:52:15","date_gmt":"2021-03-06T09:52:15","guid":{"rendered":"https:\/\/wanda-chemical.com\/?post_type=product&#038;p=121"},"modified":"2021-06-26T15:12:43","modified_gmt":"2021-06-26T07:12:43","slug":"for-led-lampshadeled-tube-application","status":"publish","type":"product","link":"https:\/\/wanda-chemical.com\/pl\/produkt\/for-led-lampshadeled-tube-application\/","title":{"rendered":"do zastosowa\u0144 w kloszach i tubach LED"},"content":{"rendered":"<p class=\"p1\">Jednym z g\u0142\u00f3wnych zastosowa\u0144 \u015brodk\u00f3w rozpraszaj\u0105cych \u015bwiat\u0142o jest w\u0142a\u015bnie klosz LED \/ os\u0142ona LED i rura LED. Dlaczego b\u0119dzie coraz bardziej popularny w bran\u017cy LED?<span class=\"s1\">?<\/span><\/p>\n<p class=\"p1\">Jak wiadomo, o\u015bwietlenie LED jest jedn\u0105 z metod oszcz\u0119dzania energii i ochrony \u015brodowiska<span class=\"s1\">,<\/span> i jest to r\u00f3wnie\u017c jeden z przysz\u0142ych trend\u00f3w rozwojowych. Energia \u015bwiat\u0142a LED jest bardzo silna<span class=\"s1\">,<\/span> ale \u015bwiat\u0142o jest bardzo ostre. wi\u0119c w jaki spos\u00f3b \u015bwiat\u0142o mo\u017ce sta\u0107 si\u0119 bardziej mi\u0119kkie, a utrata \u015bwiat\u0142a by\u0142a niewielka?<span class=\"s1\">?<\/span> musi zosta\u0107 rozwi\u0105zany.<\/p>\n<p class=\"p1\"><span style=\"color: #008000;\"><b>Wi\u0119c<\/b><span class=\"s1\">,<\/span><b> Jak rozwi\u0105za\u0107 tak jasny problem o\u015bwietlenia LED?<\/b><span class=\"s1\">?<\/span><\/span><\/p>\n<p class=\"p1\">Obecnie badania rozpocz\u0119to od klosza<span class=\"s1\">,<\/span> kt\u00f3ry wykorzystuje mikronowe materia\u0142y wype\u0142nione PS<span class=\"s1\">,<\/span> PC lub PMMA<span class=\"s1\">,<\/span> zakrywaj\u0105c g\u00f3rn\u0105 cz\u0119\u015b\u0107 lampy LED. mo\u017ce rozwi\u0105za\u0107 wady o\u015blepiaj\u0105cego \u015bwiat\u0142a LED<span class=\"s1\">,<\/span> kt\u00f3re mikrocz\u0105steczkowe kulki s\u0105 po prostu nazywane <span style=\"color: #008000;\"><b>\u015brodek rozpraszaj\u0105cy \u015bwiat\u0142o<\/b>.<\/span><\/p>\n<p class=\"p1\">Jest to mikrocz\u0105steczka organicznej \u017cywicy silikonowej <span class=\"s1\">(<\/span>zawieraj\u0105cy kulist\u0105 cz\u0105stk\u0119 \u017cywicy z licznymi wg\u0142\u0119bieniami na powierzchni<span class=\"s1\">)<\/span> o doskona\u0142ej przezroczysto\u015bci i w\u0142a\u015bciwo\u015bciach optycznych. folia rozpraszaj\u0105ca \u015bwiat\u0142o mo\u017ce zr\u00f3wnowa\u017cy\u0107 dobr\u0105 dyfuzyjno\u015b\u0107 \u015bwiat\u0142a i ca\u0142kowit\u0105 przepuszczalno\u015b\u0107 nawet wtedy, gdy rozproszone \u015bwiat\u0142o jest obserwowane w okre\u015blonej pozycji. jest to doskona\u0142y dodatek poprawiaj\u0105cy wydajno\u015b\u0107 tworzyw sztucznych.<span class=\"s1\">,<\/span> gumy<span class=\"s1\">,<\/span> mo\u017ce by\u0107 szeroko stosowany w pod\u015bwietleniu LCD<span class=\"s1\">,<\/span> ekran typu transmisyjnego<span class=\"s1\">,<\/span> urz\u0105dzenia o\u015bwietleniowe<span class=\"s1\">,<\/span> deklaracja o\u015bwietlenia itp.<\/p>\n<p><strong><span style=\"color: #008000;\">Jaka jest zaleta \u015brodka rozpraszaj\u0105cego \u015bwiat\u0142o\/\u017cywicy silikonowej w proszku firmy Wanda?<\/span><\/strong><\/p>\n<p class=\"gmail-MsoListParagraph\">1.     Stabilna jako\u015b\u0107 i kolor<\/p>\n<p class=\"gmail-MsoListParagraph\">2.     Dobra r\u00f3wnowaga zamglenia i przepuszczalno\u015bci, odporno\u015b\u0107 na ciep\u0142o<\/p>\n<p class=\"gmail-MsoListParagraph\">3.     Roczna produkcja wynosi 50 000 000 ton\/rok<\/p>\n<p class=\"gmail-MsoListParagraph\">4.     Certyfikat ISO<\/p>\n<p class=\"gmail-MsoListParagraph\">5.     Zapewniona bezp\u0142atna pr\u00f3bka<\/p>","protected":false},"excerpt":{"rendered":"<p class=\"p1\">Ten typ \u015brodka rozpraszaj\u0105cego \u015bwiat\u0142o jest naszym bestsellerem we wszystkich zastosowaniach<span class=\"s1\">,<\/span> Oznacza to wyj\u0105tkow\u0105 jako\u015b\u0107 przy jednocze\u015bnie atrakcyjnej cenie.<\/p>\n<p class=\"p1\">Mo\u017cemy dostosowa\u0107 wsp\u00f3\u0142czynnik za\u0142amania \u015bwiat\u0142a<span class=\"s1\">,<\/span> zamglenie<span class=\"s1\">,<\/span> przepuszczalno\u015b\u0107 zgodnie z wymaganiami.<\/p>\n<p class=\"p1\">Za cen\u0119<span class=\"s1\">,<\/span> prosimy o kontakt<span class=\"s1\">,<\/span> Szczeg\u00f3\u0142owa wycena tego \u015brodka rozpraszaj\u0105cego \u015bwiat\u0142o zostanie przes\u0142ana w celach informacyjnych.<\/p>\n<p class=\"p1\">Przyk\u0142ad<span class=\"s1\">,<\/span> bezp\u0142atnie<\/p>\n<p class=\"p1\">MOQ: 100 kg<\/p>\n<p class=\"p1\">H.S Code: 39100090<\/p>\n<p class=\"p1\">Termin handlowy: EXW\/FOB\/CFR\/CIF s\u0105 dost\u0119pne<\/p>","protected":false},"featured_media":123,"comment_status":"open","ping_status":"closed","template":"","meta":[],"class_list":["post-121","product","type-product","status-publish","has-post-thumbnail","hentry","product_cat-light-diffusion-agent"],"_links":{"self":[{"href":"https:\/\/wanda-chemical.com\/pl\/wp-json\/wp\/v2\/product\/121","targetHints":{"allow":["GET"]}}],"collection":[{"href":"https:\/\/wanda-chemical.com\/pl\/wp-json\/wp\/v2\/product"}],"about":[{"href":"https:\/\/wanda-chemical.com\/pl\/wp-json\/wp\/v2\/types\/product"}],"replies":[{"embeddable":true,"href":"https:\/\/wanda-chemical.com\/pl\/wp-json\/wp\/v2\/comments?post=121"}],"wp:featuredmedia":[{"embeddable":true,"href":"https:\/\/wanda-chemical.com\/pl\/wp-json\/wp\/v2\/media\/123"}],"wp:attachment":[{"href":"https:\/\/wanda-chemical.com\/pl\/wp-json\/wp\/v2\/media?parent=121"}],"curies":[{"name":"wp","href":"https:\/\/api.w.org\/{rel}","templated":true}]}}