{"id":1152,"date":"2021-11-20T18:02:25","date_gmt":"2021-11-20T10:02:25","guid":{"rendered":"https:\/\/wanda-chemical.com\/?post_type=product&#038;p=1152"},"modified":"2021-11-20T18:14:54","modified_gmt":"2021-11-20T10:14:54","slug":"silicone-elastomer-gel","status":"publish","type":"product","link":"https:\/\/wanda-chemical.com\/pl\/produkt\/silicone-elastomer-gel\/","title":{"rendered":"\u017bel z elastomeru silikonowego"},"content":{"rendered":"<div class=\"page\" title=\"Strona 1\">\n<div class=\"layoutArea\">\n<div class=\"column\">\n<p><strong><b>A<\/b><\/strong><strong><b>p<\/b><\/strong><strong><b>aplikacja:<\/b><\/strong><\/p>\n<\/div>\n<ul>\n<li>Woda w oleju<\/li>\n<li>Wodorozcie\u0144czalne preparaty silikonowe<\/li>\n<li>P\u0142yny silikonowe w piel\u0119gnacji sk\u00f3ry<\/li>\n<li>Kosmetyki kolorowe, piel\u0119gnacja w\u0142os\u00f3w<\/li>\n<li>Antyperspiranty i dezodoranty<\/li>\n<\/ul>\n<\/div>\n<p>&nbsp;<\/p>\n<p><strong><b>F<\/b><\/strong><strong><b>e<\/b><\/strong><strong><b>atures:<\/b><\/strong><\/p>\n<p>\u2460 Usieciowany elastomer silikonowy o wysokiej masie cz\u0105steczkowej w cyklopentasiloksanie.<\/p>\n<p>\u2461 Mo\u017ce absorbowa\u0107 sebum, aby poprawi\u0107 efekt matuj\u0105cy<\/p>\n<p>\u2462 Dzia\u0142a jako zag\u0119szczacz w formulacjach typu woda w oleju i woda w silikonie oraz w p\u0142ynach silikonowych<\/p>\n<p>\u2463 Zmniejszenie lepko\u015bci preparatu<\/p>\n<p>\u2464 Maskuje drobne linie i zmarszczki dzi\u0119ki ma\u0142ym cz\u0105steczkom elastomeru silikonowego i doskona\u0142ej rozprowadzalno\u015bci.<\/p>\n<p>\u2465 \u0141atwo\u015b\u0107 formu\u0142owania w procesie na zimno i dobra kompatybilno\u015b\u0107 organiczna<\/p>\n<p>\u2466 Zapewnia lekki, jedwabi\u015bcie pudrowy, niet\u0142usty efekt na sk\u00f3rze<\/p>\n<p>\u2467 Mo\u017cliwo\u015b\u0107 dostosowania do potrzeb klienta w zakresie dotyku sk\u00f3ry<\/p>\n<\/div>\n<p>&nbsp;<\/p>\n<div class=\"page\" title=\"Strona 1\">\n<p><strong><b>H<\/b><\/strong><strong><b>o<\/b><\/strong><strong><b>w do u\u017cycia<\/b><\/strong><strong><b>: <\/b><\/strong><\/p>\n<p><strong><b>\u00a0<\/b><\/strong>\u2776 Zdyspergowa\u0107 faz\u0119 olejow\u0105 w mieszaninie elastomeru silikonowego WD-1040 za pomoc\u0105 prostego mieszania. Nie ma potrzeby p\u00f3\u017aniejszego \u015bcinania. Mo\u017ce by\u0107 dodawany do fazy olejowej lub silikonowej w formulacji emulsyjnej. Zaleca si\u0119 dok\u0142adn\u0105 homogenizacj\u0119 fazy olejowej przed emulgowaniem lub powolne dodawanie fazy olejowej lub silikonowej emulsji do elastomeru.<\/p>\n<p>&nbsp;<\/p>\n<p>\u2777 Aby u\u0142atwi\u0107 stosowanie, lepko\u015b\u0107 mo\u017ce by\u0107 zmniejszona przez zmieszanie z dimetikonem, cyklometikonem, olejem fenylosilikonowym, estrami kwas\u00f3w t\u0142uszczowych, w\u0119glowodorami itp.<\/p>\n<p>&nbsp;<\/p>\n<p>\u2778 Preparat mo\u017ce by\u0107 zag\u0119szczany w procesie na zimno, a jego dzia\u0142anie powinno odbywa\u0107 si\u0119 w temperaturze poni\u017cej 60\u00b0C.<\/p>\n<p>Typowa d\u017awignia u\u017cycia WD-1040 wynosi od 1% do 20% (w\/w) lub zale\u017cy od ostatecznego sk\u0142adu.<\/p>\n<p>&nbsp;<\/p>\n<\/div>","protected":false},"excerpt":{"rendered":"<p>\u017bel z elastomeru silikonowego jest mieszanin\u0105 usieciowanego elastomeru silikonowego o wysokiej masie cz\u0105steczkowej w cyklopentasiloksanie. Charakteryzuje si\u0119 ma\u0142ymi kulistymi cz\u0105steczkami elastomeru silikonowego, wysokim p\u0119cznieniem i dobr\u0105 rozprowadzalno\u015bci\u0105, oferuje lekkie, jedwabi\u015bcie pudrowe, niet\u0142uste odczucie na sk\u00f3rze, a tak\u017ce pomaga maskowa\u0107 drobne linie i zmarszczki. Ma zdolno\u015b\u0107 do zwi\u0119kszania lepko\u015bci fazy olejowej preparatu i poprawy estetyki preparatu.<\/p>","protected":false},"featured_media":1153,"comment_status":"open","ping_status":"closed","template":"","meta":[],"class_list":["post-1152","product","type-product","status-publish","has-post-thumbnail","hentry","product_cat-silicone-elastomer-gel"],"_links":{"self":[{"href":"https:\/\/wanda-chemical.com\/pl\/wp-json\/wp\/v2\/product\/1152","targetHints":{"allow":["GET"]}}],"collection":[{"href":"https:\/\/wanda-chemical.com\/pl\/wp-json\/wp\/v2\/product"}],"about":[{"href":"https:\/\/wanda-chemical.com\/pl\/wp-json\/wp\/v2\/types\/product"}],"replies":[{"embeddable":true,"href":"https:\/\/wanda-chemical.com\/pl\/wp-json\/wp\/v2\/comments?post=1152"}],"wp:featuredmedia":[{"embeddable":true,"href":"https:\/\/wanda-chemical.com\/pl\/wp-json\/wp\/v2\/media\/1153"}],"wp:attachment":[{"href":"https:\/\/wanda-chemical.com\/pl\/wp-json\/wp\/v2\/media?parent=1152"}],"curies":[{"name":"wp","href":"https:\/\/api.w.org\/{rel}","templated":true}]}}