{"id":1104,"date":"2021-09-02T11:46:07","date_gmt":"2021-09-02T03:46:07","guid":{"rendered":"https:\/\/wanda-chemical.com\/?post_type=product&#038;p=1104"},"modified":"2023-06-09T10:02:51","modified_gmt":"2023-06-09T02:02:51","slug":"anti-dripping-agent","status":"publish","type":"product","link":"https:\/\/wanda-chemical.com\/pl\/produkt\/anti-dripping-agent\/","title":{"rendered":"\u015arodek zapobiegaj\u0105cy kapaniu WD-9500N"},"content":{"rendered":"<p><strong><b>Zastosowanie:<\/b><\/strong><\/p>\n<p>Nadaje si\u0119 do tworzyw termoplastycznych, takich jak PC, ABS, PC\/ABS lub stop\u00f3w tworzyw sztucznych, kt\u00f3re musz\u0105 spe\u0142nia\u0107 norm\u0119 UL94 V0. Zapobiega kapaniu plastiku podczas spalania.<\/p>\n<p>&nbsp;<\/p>\n<p><strong><b>W\u0142a\u015bciwo\u015bci fizyczne: <\/b><\/strong><\/p>\n<table>\n<tbody>\n<tr>\n<td width=\"170\">\n<p style=\"text-align: center;\"><strong><b>D<\/b><\/strong><strong><b>ata<\/b><\/strong><\/p>\n<\/td>\n<td width=\"224\">\n<p style=\"text-align: center;\"><strong><b>WD-<\/b><\/strong><strong><b>9<\/b><\/strong><strong><b>500<\/b><\/strong><strong><b>N<\/b><\/strong><\/p>\n<\/td>\n<\/tr>\n<tr>\n<td width=\"170\">\n<p style=\"text-align: center;\"><strong><b>Luzem<\/b><\/strong>\u00a0<strong><b>g\u0119sto\u015b\u0107<\/b><\/strong><\/p>\n<\/td>\n<td width=\"224\">\n<p style=\"text-align: center;\"><strong><b>~<\/b><\/strong><strong><b>350<\/b><\/strong><strong><b>g<\/b><\/strong><strong><b>\/<\/b><\/strong><strong><b>L<\/b><\/strong><\/p>\n<\/td>\n<\/tr>\n<tr>\n<td width=\"170\">\n<p style=\"text-align: center;\"><strong><b>A<\/b><\/strong><strong><b>wygl\u0105d<\/b><\/strong><\/p>\n<\/td>\n<td width=\"224\">\n<p style=\"text-align: center;\"><strong><b>W<\/b><\/strong><strong><b>h<\/b><\/strong><strong><b>ite<\/b><\/strong>\u00a0<strong><b>proszek<\/b><\/strong><\/p>\n<\/td>\n<\/tr>\n<tr>\n<td width=\"170\">\n<p style=\"text-align: center;\"><strong><b>PTFE<\/b><\/strong>\u00a0<strong><b>zawarto\u015b\u0107<\/b><\/strong><\/p>\n<\/td>\n<td width=\"224\">\n<p style=\"text-align: center;\"><strong><b>50%<\/b><\/strong><\/p>\n<\/td>\n<\/tr>\n<\/tbody>\n<\/table>\n<p>&nbsp;<\/p>\n<p><strong><b>Typowa dawka:<\/b><\/strong><\/p>\n<table>\n<tbody>\n<tr>\n<td width=\"255\">\n<p style=\"text-align: center;\"><strong><b>M<\/b><\/strong><strong><b>a<\/b><\/strong><strong><b>materia\u0142<\/b><\/strong><\/p>\n<\/td>\n<td width=\"253\">\n<p style=\"text-align: center;\"><strong><b>Dos<\/b><\/strong><strong><b>wiek<\/b><\/strong>\u00a0<strong><b>Stosunek<\/b><\/strong><\/p>\n<\/td>\n<\/tr>\n<tr>\n<td width=\"255\">\n<p style=\"text-align: center;\"><strong><b>PC\/ABS<\/b><\/strong><\/p>\n<\/td>\n<td width=\"253\">\n<p style=\"text-align: center;\">0.20% &#8211; 0.30%<\/p>\n<\/td>\n<\/tr>\n<tr>\n<td width=\"255\">\n<p style=\"text-align: center;\"><strong><b>P<\/b><\/strong><strong><b>C<\/b><\/strong><\/p>\n<\/td>\n<td width=\"253\">\n<p style=\"text-align: center;\">0.40% -0.50%<\/p>\n<\/td>\n<\/tr>\n<tr>\n<td width=\"255\">\n<p style=\"text-align: center;\"><strong><b>A<\/b><\/strong><strong><b>BS<\/b><\/strong><\/p>\n<\/td>\n<td width=\"253\">\n<p style=\"text-align: center;\">0.10%- 0.20%<\/p>\n<\/td>\n<\/tr>\n<\/tbody>\n<\/table>\n<p>&nbsp;<\/p>\n<p><strong><b>S<\/b><\/strong><strong><b>h<\/b><\/strong><strong><b>elf L<\/b><\/strong><strong><b>i<\/b><\/strong><strong><b>fe: <\/b><\/strong><\/p>\n<p>W przypadku przechowywania w temperaturze 25\u00b0C lub ni\u017cszej w oryginalnych, nieotwartych pojemnikach, okres trwa\u0142o\u015bci wynosi 3 lata od daty produkcji.<\/p>\n<p>&nbsp;<\/p>\n<p><strong><b>Przechowywanie i \u015brodki ostro\u017cno\u015bci \uff1a<\/b><\/strong><\/p>\n<p>* Powinien by\u0107 przechowywany w czystym, suchym miejscu w oryginalnym, nieotwartym opakowaniu.<\/p>","protected":false},"excerpt":{"rendered":"<p>WD-9500N zosta\u0142 opracowany jako dodatek zapobiegaj\u0105cy kapaniu do tworzyw sztucznych, kt\u00f3ry sk\u0142ada si\u0119 z proszku PTFE o wysokiej masie cz\u0105steczkowej.<\/p>\n<p>Mo\u017ce zwi\u0119ksza\u0107 lepko\u015b\u0107 stopu ze wzgl\u0119du na PTFE o wysokiej masie cz\u0105steczkowej, kt\u00f3ry fibryluje pod ci\u015bnieniem do cz\u0105stek.            Zwykle stosowany w po\u0142\u0105czeniu ze \u015brodkiem zmniejszaj\u0105cym palno\u015b\u0107.<\/p>\n<p>WD-9500N spe\u0142nia wymagania normy UL 94.<\/p>","protected":false},"featured_media":875,"comment_status":"open","ping_status":"closed","template":"","meta":[],"class_list":["post-1104","product","type-product","status-publish","has-post-thumbnail","hentry","product_cat-antidripping-agent","product_tag-antidripping-agent"],"_links":{"self":[{"href":"https:\/\/wanda-chemical.com\/pl\/wp-json\/wp\/v2\/product\/1104","targetHints":{"allow":["GET"]}}],"collection":[{"href":"https:\/\/wanda-chemical.com\/pl\/wp-json\/wp\/v2\/product"}],"about":[{"href":"https:\/\/wanda-chemical.com\/pl\/wp-json\/wp\/v2\/types\/product"}],"replies":[{"embeddable":true,"href":"https:\/\/wanda-chemical.com\/pl\/wp-json\/wp\/v2\/comments?post=1104"}],"wp:featuredmedia":[{"embeddable":true,"href":"https:\/\/wanda-chemical.com\/pl\/wp-json\/wp\/v2\/media\/875"}],"wp:attachment":[{"href":"https:\/\/wanda-chemical.com\/pl\/wp-json\/wp\/v2\/media?parent=1104"}],"curies":[{"name":"wp","href":"https:\/\/api.w.org\/{rel}","templated":true}]}}