{"id":861,"date":"2021-06-22T18:10:08","date_gmt":"2021-06-22T10:10:08","guid":{"rendered":"https:\/\/wanda-chemical.com\/?post_type=product&#038;p=861"},"modified":"2021-07-01T14:54:32","modified_gmt":"2021-07-01T06:54:32","slug":"for-printing-inks","status":"publish","type":"product","link":"https:\/\/wanda-chemical.com\/it\/prodotto\/for-printing-inks\/","title":{"rendered":"per gli inchiostri da stampa"},"content":{"rendered":"<p><strong>Foglio di data: il foglio di data<\/strong><\/p>\n<p><img fetchpriority=\"high\" decoding=\"async\" class=\"alignnone size-full wp-image-970\" src=\"https:\/\/wanda-chemical.com\/wp-content\/uploads\/2021\/06\/product2.png\" alt=\"\" width=\"942\" height=\"283\" srcset=\"https:\/\/wanda-chemical.com\/wp-content\/uploads\/2021\/06\/product2.png 942w, https:\/\/wanda-chemical.com\/wp-content\/uploads\/2021\/06\/product2-300x90.png 300w, https:\/\/wanda-chemical.com\/wp-content\/uploads\/2021\/06\/product2-768x231.png 768w, https:\/\/wanda-chemical.com\/wp-content\/uploads\/2021\/06\/product2-600x180.png 600w\" sizes=\"(max-width: 942px) 100vw, 942px\" \/><\/p>\n<p>&nbsp;<\/p>\n<p><strong>Conservazione e precauzioni\uff1aConservazione e precauzioni <\/strong><\/p>\n<ul>\n<li>Deve essere conservato in un luogo pulito e asciutto nel suo contenitore originale non aperto.<\/li>\n<li>Prima dell'uso, leggere attentamente la scheda di sicurezza del prodotto (MSDS), che pu\u00f2 essere ottenuta dal fornitore.<\/li>\n<\/ul>","protected":false},"excerpt":{"rendered":"<p>Le micropolveri di PTFE sono un additivo e un modificatore ideale per vari tipi di inchiostri per stampanti, che consentono di ottenere un effetto antiaderente, una minore abrasione, una migliore definizione e lucentezza delle stampe, una durata contro lo sbiadimento, una buona impermeabilit\u00e0 all'acqua e alle tarme, ecc. La sua applicazione negli inchiostri per ettografia e calcografia migliora la scivolosit\u00e0, la levigatezza della superficie, la lucentezza e la resistenza all'abrasione, facilitando la stampa ad alta velocit\u00e0.<\/p>\n<p>Per il Campione, fornito gratuitamente<\/p>\n<p>MOQ: 100kgs<\/p>","protected":false},"featured_media":860,"comment_status":"open","ping_status":"closed","template":"","meta":[],"class_list":["post-861","product","type-product","status-publish","has-post-thumbnail","hentry","product_cat-ptfe-micro-powders"],"_links":{"self":[{"href":"https:\/\/wanda-chemical.com\/it\/wp-json\/wp\/v2\/product\/861","targetHints":{"allow":["GET"]}}],"collection":[{"href":"https:\/\/wanda-chemical.com\/it\/wp-json\/wp\/v2\/product"}],"about":[{"href":"https:\/\/wanda-chemical.com\/it\/wp-json\/wp\/v2\/types\/product"}],"replies":[{"embeddable":true,"href":"https:\/\/wanda-chemical.com\/it\/wp-json\/wp\/v2\/comments?post=861"}],"wp:featuredmedia":[{"embeddable":true,"href":"https:\/\/wanda-chemical.com\/it\/wp-json\/wp\/v2\/media\/860"}],"wp:attachment":[{"href":"https:\/\/wanda-chemical.com\/it\/wp-json\/wp\/v2\/media?parent=861"}],"curies":[{"name":"wp","href":"https:\/\/api.w.org\/{rel}","templated":true}]}}