{"id":78,"date":"2021-03-06T15:55:43","date_gmt":"2021-03-06T07:55:43","guid":{"rendered":"https:\/\/wanda-chemical.com\/?post_type=product&#038;p=78"},"modified":"2026-03-09T18:13:31","modified_gmt":"2026-03-09T10:13:31","slug":"light-diffusion-agent","status":"publish","type":"product","link":"https:\/\/wanda-chemical.com\/it\/prodotto\/light-diffusion-agent\/","title":{"rendered":"Agente di diffusione della luce"},"content":{"rendered":"<p>Nel mercato globale degli agenti di diffusione della luce, Shin-Etsu, Samsung e Dow Corning sono rinomati per la loro eccezionale qualit\u00e0, anche se ad un prezzo elevato. Ora vi presentiamo un'alternativa innovativa: <b>Agente di diffusione della luce di Wanda<\/b>. Questo prodotto offre un valore ineguagliabile, combinando qualit\u00e0 superiore e convenienza.<\/p>\n<p>Se esiste un prodotto ad alte prestazioni, che non sia solo economico ma anche di qualit\u00e0 superiore?<\/p>\n<p>S\u00ec, l'agente di diffusione della luce di Wanda pu\u00f2 aiutarvi. In qualit\u00e0 di leader e maggiore produttore cinese di agenti di diffusione della luce, Wanda vanta oltre 30 anni di esperienza. Storicamente ci siamo concentrati sul mercato nazionale, stabilendo solide partnership con aziende rinomate come Pak, NVC e Midea. Con l'aumento dei volumi di esportazione in tutto il mondo, siamo certi che l'agente di diffusione della luce di Wanda superer\u00e0 le vostre aspettative.<\/p>\n<p>Di seguito viene riportata un'introduzione dettagliata.<\/p>\n<p>&nbsp;<\/p>\n<p><strong>Descrizione del prodotto:<\/strong><\/p>\n<p>L'agente di diffusione della luce di Wanda \u00e8 una polvere di silicone bianca e fine. Quando viene disperso in modo omogeneo in una matrice di resina, forma innumerevoli piccole sfere di vetro trasparente. Queste sfere sfruttano la differenza di indice di rifrazione con il substrato per rifrangere e modificare efficacemente i percorsi della luce, ottenendo una diffusione uniforme della luce e un'eccellente trasmissione della stessa. Allo stesso tempo, soddisfa con precisione i requisiti pi\u00f9 severi sia per quanto riguarda l'opacit\u00e0 che la trasmittanza.<\/p>\n<p>&nbsp;<\/p>\n<p><strong>Applicazione:\u00a0<\/strong><\/p>\n<ul>\n<li><b>Illuminazione a LED:<\/b> Paralumi LED, coperture per luci LED, piastre per diffusori di luce<\/li>\n<li><b>Tecnologia di visualizzazione:<\/b> Lastre diffusore LCD, schermi televisivi, reticoli di tubi digitali<\/li>\n<li><b>Segnaletica pubblicitaria:<\/b> Lightbox pubblicitari, cartelloni pubblicitari, personaggi luminosi<\/li>\n<li><b>Prodotti in plastica:<\/b> PC, PMMA, PS, ABS, PVC e altri materiali<\/li>\n<li><b>Altre applicazioni:<\/b> Flaconi cosmetici, masterbatches, additivi per vernici o inchiostri, agenti antigraffio e opacizzanti per materie plastiche.<\/li>\n<\/ul>\n<p>&nbsp;<\/p>\n<p><strong>Caratteristiche:<\/strong><\/p>\n<ul>\n<li><b>Eccellenti propriet\u00e0 di diffusione della luce:<\/b> Assicura una distribuzione uniforme della luce ed elimina l'abbagliamento.<\/li>\n<li><b>Alta resistenza agli urti:<\/b> Migliora la durata del materiale.<\/li>\n<li><b>Equilibrio ottimale tra foschia e trasmittanza:<\/b> Consente di ottenere una diffusione efficiente mantenendo un'elevata trasparenza della luce.<\/li>\n<li><b>Resistenza superiore alle alte temperature:<\/b> Adatto a diversi ambienti operativi difficili.<\/li>\n<li><b>Qualit\u00e0 del colore stabile:<\/b> Garantisce un aspetto uniforme nel tempo.<\/li>\n<li><b>Conformit\u00e0 alla FDA:<\/b> Pu\u00f2 essere utilizzato nei materiali di imballaggio in film di poliestere, migliorandone le prestazioni antiadesive.<\/li>\n<\/ul>\n<p>&nbsp;<\/p>\n<p><strong>Best Seller rispetto a marchi famosi:<\/strong><\/p>\n<p><img fetchpriority=\"high\" decoding=\"async\" class=\"alignnone wp-image-81 size-full\" src=\"https:\/\/wanda-chemical.com\/wp-content\/uploads\/2021\/03\/\u548c\u4e09\u661f\u4fe1\u8d8a\u5bf9\u6bd4.png\" alt=\"\" width=\"664\" height=\"240\" srcset=\"https:\/\/wanda-chemical.com\/wp-content\/uploads\/2021\/03\/\u548c\u4e09\u661f\u4fe1\u8d8a\u5bf9\u6bd4.png 664w, https:\/\/wanda-chemical.com\/wp-content\/uploads\/2021\/03\/\u548c\u4e09\u661f\u4fe1\u8d8a\u5bf9\u6bd4-300x108.png 300w, https:\/\/wanda-chemical.com\/wp-content\/uploads\/2021\/03\/\u548c\u4e09\u661f\u4fe1\u8d8a\u5bf9\u6bd4-600x217.png 600w\" sizes=\"(max-width: 664px) 100vw, 664px\" \/><\/p>\n<p>&nbsp;<\/p>\n<p><b>Wanda's Edge: superare i marchi pi\u00f9 rinomati<\/b> L'agente di diffusione della luce di Wanda \u00e8 in grado di competere e persino di superare i marchi internazionali pi\u00f9 noti sia per la qualit\u00e0 che per l'economicit\u00e0. Siamo particolarmente orgogliosi della \"finitura impeccabile\" che il nostro prodotto offre.<\/p>\n<p>&nbsp;<\/p>\n<hr \/>\n<p><b>Provatelo ora:<\/b><\/p>\n<p>Comprendiamo la vostra duplice ricerca della qualit\u00e0 del prodotto e dell'efficienza dei costi. Se siete interessati all'agente di diffusione della luce di Wanda, non esitate a contattarci per ottenere prezzi dettagliati e per richiedere un campione gratuito da testare. Crediamo che Wanda sar\u00e0 la vostra soluzione ideale per la diffusione della luce!<\/p>","protected":false},"excerpt":{"rendered":"<p>L'agente di diffusione della luce, chiamato anche additivo di diffusione della luce in polvere di resina siliconica e base di silicone, \u00e8 utilizzato principalmente per PC, PMMA, PS, ABS, PVC, paralume a LED, copertura della luce a LED, piastra di diffusione della luce, film di diffusione della luce, LCD, foglio di diffusione, display televisivo, reticolo di tubi digitali, lightbox &amp;board di pubblicit\u00e0, personaggi che emettono luce, bottiglie cosmetiche, masterbatches, additivi per la pittura o l'inchiostro, agente antigraffio e opacizzante per la plastica, ecc.<\/p>\n<p>&nbsp;<\/p>","protected":false},"featured_media":129,"comment_status":"open","ping_status":"closed","template":"","meta":[],"class_list":["post-78","product","type-product","status-publish","has-post-thumbnail","hentry","product_cat-light-diffusion-agent"],"_links":{"self":[{"href":"https:\/\/wanda-chemical.com\/it\/wp-json\/wp\/v2\/product\/78","targetHints":{"allow":["GET"]}}],"collection":[{"href":"https:\/\/wanda-chemical.com\/it\/wp-json\/wp\/v2\/product"}],"about":[{"href":"https:\/\/wanda-chemical.com\/it\/wp-json\/wp\/v2\/types\/product"}],"replies":[{"embeddable":true,"href":"https:\/\/wanda-chemical.com\/it\/wp-json\/wp\/v2\/comments?post=78"}],"wp:featuredmedia":[{"embeddable":true,"href":"https:\/\/wanda-chemical.com\/it\/wp-json\/wp\/v2\/media\/129"}],"wp:attachment":[{"href":"https:\/\/wanda-chemical.com\/it\/wp-json\/wp\/v2\/media?parent=78"}],"curies":[{"name":"wp","href":"https:\/\/api.w.org\/{rel}","templated":true}]}}