{"id":147,"date":"2021-03-15T18:10:03","date_gmt":"2021-03-15T10:10:03","guid":{"rendered":"https:\/\/wanda-chemical.com\/?post_type=product&#038;p=147"},"modified":"2023-07-03T14:48:28","modified_gmt":"2023-07-03T06:48:28","slug":"for-cosmetics-application","status":"publish","type":"product","link":"https:\/\/wanda-chemical.com\/it\/prodotto\/for-cosmetics-application\/","title":{"rendered":"per applicazioni cosmetiche"},"content":{"rendered":"<p><span style=\"color: #008000;\"><strong><span class=\"text-dst\">Altro nome: <\/span><\/strong><\/span>Polvere di resina siliconica sferica, polvere di resina siliconica microsferica, polvere di resina siliconica, polimetilsesquiossano, polvere di PMSQ, dimetisilossano<\/p>\n<p>&nbsp;<\/p>\n<div class=\"page\" title=\"Pagina 1\">\n<div class=\"layoutArea\">\n<div class=\"column\">\n<p><span style=\"color: #008000;\"><strong><span class=\"text-dst\">Applicazione:<\/span><\/strong><\/span><\/p>\n<\/div>\n<\/div>\n<div class=\"section\">\n<div class=\"layoutArea\">\n<div class=\"column\">\n<ul>\n<li>Prodotti per la cura del sole: schermo solare, emulsione a blocchi<\/li>\n<li>Cosmetici colorati: rossetti, fondotinta, ombretti, polveri pressate, polveri sciolte.<\/li>\n<li>Prodotti per la cura della pelle: crema notte, crema antiet\u00e0 e antirughe, BB cream<\/li>\n<li>Cura della persona: lozioni per la cura del corpo<\/li>\n<\/ul>\n<\/div>\n<\/div>\n<\/div>\n<\/div>\n<p>&nbsp;<\/p>\n<p><span style=\"color: #008000;\"><strong><span class=\"text-dst\">E i suoi vantaggi per i cosmetici?\u00a0<\/span><\/strong><\/span><\/p>\n<p><span class=\"text-dst\">1.)<\/span>non polare che assorbe gli oli e si disperde facilmente sia in acqua che in olio.<\/p>\n<p>2.) La struttura sferica conferisce ai cosmetici una buona scorrevolezza e una migliore sensazione di setosit\u00e0, rendendoli pi\u00f9 facili da stendere.<\/p>\n<p>3.) Pu\u00f2 essere utilizzato nella polvere pressata per migliorarne la resistenza alla frattura.<\/p>\n<p>4.) Le propriet\u00e0 organiche possono migliorare l'adesione del prodotto alla pelle ed evitare efficacemente la perdita di trucco.<\/p>\n<p>5.) La caratteristica dell'alto indice di rifrazione provoca la dispersione della luce incidente, indebolisce il contrasto tra luce e ombra del viso e realizza l'effetto di \"sfocatura ottica\" o \"soft focus\".<\/p>\n<p>6.)Riempire le rughe sottili e rendere la pelle liscia e lubrificata<\/p>\n<p>&nbsp;<\/p>\n<p><span style=\"color: #008000;\"><strong><span class=\"text-dst\">Suggerimenti caldi:<\/span><\/strong><\/span><\/p>\n<p>Il rapporto di miscelazione generale di questo tipo di gomma siliconica \u00e8 0,5-0,8%. I clienti possono regolarlo in modo flessibile in base al materiale della matrice, all'uso effettivo, allo spessore del materiale, al trattamento superficiale e ad altre esigenze.<\/p>","protected":false},"excerpt":{"rendered":"<p>La polvere di resina siliconica pu\u00f2 essere utilizzata nei cosmetici. Pu\u00f2 migliorare la sensazione al tatto, la resistenza al sudore e la capacit\u00e0 di mascheramento di cosmetici come fondotinta e prodotti per la cura della pelle.<\/p>\n<p class=\"p1\"><strong>Per il prezzo<span class=\"s1\">,<\/span><\/strong>\u00a0contattateci<span class=\"s1\">,<\/span> La quotazione dei dettagli di questa polvere di resina siliconica vi sar\u00e0 inviata per riferimento.<\/p>\n<p class=\"p1\"><strong>Per il campione<\/strong><span class=\"s1\">,<\/span>\u00a0fornito gratuitamente<\/p>\n<p class=\"p1\"><strong>MOQ:<\/strong>\u00a0100 kg<\/p>\n<p class=\"p1\"><strong>Codice H.S:<\/strong>\u00a039100090<\/p>\n<p class=\"p1\"><strong>Termine commerciale:<\/strong>\u00a0Sono disponibili EXW\/FOB\/CFR\/CIF<\/p>","protected":false},"featured_media":148,"comment_status":"open","ping_status":"closed","template":"","meta":[],"class_list":["post-147","product","type-product","status-publish","has-post-thumbnail","hentry","product_cat-silicone-resin-powder"],"_links":{"self":[{"href":"https:\/\/wanda-chemical.com\/it\/wp-json\/wp\/v2\/product\/147","targetHints":{"allow":["GET"]}}],"collection":[{"href":"https:\/\/wanda-chemical.com\/it\/wp-json\/wp\/v2\/product"}],"about":[{"href":"https:\/\/wanda-chemical.com\/it\/wp-json\/wp\/v2\/types\/product"}],"replies":[{"embeddable":true,"href":"https:\/\/wanda-chemical.com\/it\/wp-json\/wp\/v2\/comments?post=147"}],"wp:featuredmedia":[{"embeddable":true,"href":"https:\/\/wanda-chemical.com\/it\/wp-json\/wp\/v2\/media\/148"}],"wp:attachment":[{"href":"https:\/\/wanda-chemical.com\/it\/wp-json\/wp\/v2\/media?parent=147"}],"curies":[{"name":"wp","href":"https:\/\/api.w.org\/{rel}","templated":true}]}}