{"id":142,"date":"2021-03-15T16:22:56","date_gmt":"2021-03-15T08:22:56","guid":{"rendered":"https:\/\/wanda-chemical.com\/?post_type=product&#038;p=142"},"modified":"2023-07-03T14:50:06","modified_gmt":"2023-07-03T06:50:06","slug":"for-paint-coating-ink-applications","status":"publish","type":"product","link":"https:\/\/wanda-chemical.com\/it\/prodotto\/for-paint-coating-ink-applications\/","title":{"rendered":"per applicazioni di verniciatura\/rivestimento\/inchiostro"},"content":{"rendered":"<p><span class=\"text-dst\">La polvere di resina siliconica \u00e8 un tipo di polvere sferica di micron di resina siliconica multifunzionale, insolubile in acqua, non infiammabile e con un'eccellente resistenza al calore, per cui, se utilizzata negli inchiostri e nei rivestimenti, pu\u00f2 migliorare il senso di opacit\u00e0, la levigatezza e l'idrofobicit\u00e0 della superficie. <\/span><span class=\"text-dst hl\">\u00c8 adatto per rivestimenti e additivi per inchiostri con elevata resistenza al calore e ai solventi e pu\u00f2 essere utilizzato per vernici per legno di alta qualit\u00e0.<\/span><\/p>\n<div class=\"page\" title=\"Pagina 1\">\n<div class=\"section\">\n<div class=\"layoutArea\">\n<div class=\"column\">\n<p>Inoltre, pu\u00f2 essere utilizzato come additivo disperdente e anti-flocculazione dei pigmenti, migliorare il controllo dell'elettrificazione e la fluidit\u00e0 dei toner e migliorare la lavorabilit\u00e0 di tutti i tipi di detergenti e prodotti a base di cera.<\/p>\n<p>L'aggiunta generale \u00e8 di 0,5-2,0%. I clienti possono regolarla in modo flessibile in base al materiale della matrice, all'uso effettivo, allo spessore del materiale, al trattamento superficiale e ad altre esigenze.<\/p>\n<\/div>\n<\/div>\n<\/div>\n<\/div>","protected":false},"excerpt":{"rendered":"<p>La polvere di resina siliconica, utilizzata in vernici, rivestimenti e inchiostri, pu\u00f2 migliorare la disperdibilit\u00e0 di pigmenti e polveri nella formula e migliorare efficacemente la lubrificazione e la sensazione dei prodotti.<\/p>\n<p class=\"p1\">Possiamo personalizzare l'indice di rifrazione<span class=\"s1\">,<\/span> foschia<span class=\"s1\">,<\/span> trasmittanza secondo le vostre esigenze.<\/p>\n<p class=\"p1\"><strong>Per il prezzo<span class=\"s1\">,<\/span><\/strong> contattateci<span class=\"s1\">,<\/span> La quotazione dei dettagli di questa polvere di resina siliconica vi sar\u00e0 inviata per riferimento.<\/p>\n<p class=\"p1\"><strong>Per il campione<\/strong><span class=\"s1\">,<\/span> fornito gratuitamente<\/p>\n<p class=\"p1\"><strong>MOQ:<\/strong> 100 kg<\/p>\n<p class=\"p1\"><strong>Codice H.S:<\/strong> 39100090<\/p>\n<p class=\"p1\"><strong>Termine commerciale:<\/strong> Sono disponibili EXW\/FOB\/CFR\/CIF<\/p>","protected":false},"featured_media":143,"comment_status":"open","ping_status":"closed","template":"","meta":[],"class_list":["post-142","product","type-product","status-publish","has-post-thumbnail","hentry","product_cat-silicone-resin-powder"],"_links":{"self":[{"href":"https:\/\/wanda-chemical.com\/it\/wp-json\/wp\/v2\/product\/142","targetHints":{"allow":["GET"]}}],"collection":[{"href":"https:\/\/wanda-chemical.com\/it\/wp-json\/wp\/v2\/product"}],"about":[{"href":"https:\/\/wanda-chemical.com\/it\/wp-json\/wp\/v2\/types\/product"}],"replies":[{"embeddable":true,"href":"https:\/\/wanda-chemical.com\/it\/wp-json\/wp\/v2\/comments?post=142"}],"wp:featuredmedia":[{"embeddable":true,"href":"https:\/\/wanda-chemical.com\/it\/wp-json\/wp\/v2\/media\/143"}],"wp:attachment":[{"href":"https:\/\/wanda-chemical.com\/it\/wp-json\/wp\/v2\/media?parent=142"}],"curies":[{"name":"wp","href":"https:\/\/api.w.org\/{rel}","templated":true}]}}