{"id":136,"date":"2021-03-15T15:21:51","date_gmt":"2021-03-15T07:21:51","guid":{"rendered":"https:\/\/wanda-chemical.com\/?post_type=product&#038;p=136"},"modified":"2026-04-09T07:21:40","modified_gmt":"2026-04-08T23:21:40","slug":"for-lda-masterbatch-application","status":"publish","type":"product","link":"https:\/\/wanda-chemical.com\/it\/prodotto\/for-lda-masterbatch-application\/","title":{"rendered":"per l'applicazione di Masterbatch LDA"},"content":{"rendered":"<div class=\"textpanel\">\n<div class=\"textpanel-container clearfix\">\n<div class=\"textpanel-target\">\n<div class=\"textpanel-target-textblock\">\n<p><span class=\"text-dst\">La lampada LED \u00e8 una tendenza dello sviluppo futuro, ma la luce LED \u00e8 ancora molto forte, la luce \u00e8 molto abbagliante. <\/span><span class=\"text-dst\">Come ammorbidire la luce delle lampade a LED e la perdita di energia luminosa \u00e8 molto ridotta, questo \u00e8 il problema da risolvere con il diffusore di luce e il masterbatch di diffusione della luce.<\/span><\/p>\n<p><span class=\"text-dst\">I valori di PC e PMMA sono altamente trasparenti e la perdita di energia luminosa \u00e8 molto ridotta quando la luce passa attraverso di essi, per cui vengono spesso scelti come substrati per paralumi e altri materiali ottici.<\/span><\/p>\n<p><span class=\"text-dst\">Il paralume tradizionale consiste nell'aggiungere al PC e al PMMA un diffusore di luce inorganico, come il solfato di bario, il biossido di silicio e cos\u00ec via. <\/span><span class=\"text-dst\">Quando queste nanoparticelle inorganiche vengono aggiunte, la luce viene rifratta attraverso la superficie delle minuscole particelle per numerose volte per ottenere la diffusione della luce, che \u00e8 l'effetto della fosforescenza. <\/span><span class=\"text-dst\">Tuttavia, poich\u00e9 la luce non pu\u00f2 passare attraverso queste nanoparticelle inorganiche, si verifica una grande perdita di energia luminosa. <\/span><span class=\"text-dst\">In altre parole, sebbene l'additivo inorganico possa modificare la morbidezza, non pu\u00f2 ottenere un effetto schiarente.<\/span><\/p>\n<p><span class=\"text-dst\">Attualmente, il nostro agente organico di diffusione della luce Wanda \u00e8 in grado di attraversare la luce stessa, risolvendo cos\u00ec il problema della fosforescenza e della trasmissione della luce. <\/span><span class=\"text-dst\">Questo tipo di diffusore di luce sfrutta la differenza di indice di rifrazione tra il substrato e le microsfere; disperdendo le minuscole nano-sfere in modo uniforme nella resina, la luce in entrata passa attraverso la sfera di microsfere, si rifrange nel corpo vitreo e poi penetra, in modo che la sorgente di luce puntiforme diventi una sorgente di luce superficiale, espandendo cos\u00ec la superficie luminosa e ammorbidendo la luce. Infine, la luce viene rifratta pi\u00f9 volte per ottenere un effetto di fosforescenza morbida.\u00a0<\/span><span class=\"text-dst\">La perla stessa trasmette la luce, quindi la perdita di energia luminosa \u00e8 molto ridotta.\u00a0<\/span><span class=\"text-dst\">Pertanto, questo diffusore di luce organico pu\u00f2 ottenere l'effetto di fosforescenza e trasmissione della luce.<\/span><\/p>\n<p><span class=\"text-dst hl\">Come sappiamo, il metodo di lavorazione tradizionale prevede solo l'aggiunta diretta di un diffusore ottico, che \u00e8 costoso e difficilmente risolve il problema della dispersione, con conseguente trasmissione non uniforme della luce sulla scheda PC.<\/span><\/p>\n<\/div>\n<\/div>\n<\/div>\n<div class=\"textpanel-tool tool-voice\" data-type=\"target\" data-tips=\"\u53d1\u97f3\" data-limit=\"500\"><\/div>\n<div class=\"textpanel-container clearfix\">\n<div class=\"textpanel-target\">\n<div class=\"textpanel-tool tool-copy\" data-tips=\"\u590d\u5236\">Per questo motivo \u00e8 nato LDA Masterbatch, che<span class=\"text-dst\"> ha un eccellente effetto di dispersione e risolve efficacemente il problema del livellamento della luce; \u00e8 inoltre estremamente efficace per aumentare la diffusione e la trasmissione della luce.<\/span><\/div>\n<\/div>\n<\/div>\n<\/div>","protected":false},"excerpt":{"rendered":"<p>Il masterbatch LDA \u00e8 un additivo altamente efficiente per la diffusione della luce di LED\/LCD. Si applica principalmente a PC, PVC, PC, PMMA e resina trasparente PET.<\/p>\n<p class=\"p2\">Il nostro agente di diffusione della luce di questo tipo \u00e8 il primo dei tre prodotti in tutte le nostre applicazioni.<span class=\"s1\">Siamo certi che sarete molto soddisfatti di questo prodotto.<\/span> qualit\u00e0 eccezionale e prezzo interessante.<\/p>\n<p class=\"p2\">Possiamo personalizzare l'indice di rifrazione<span class=\"s1\">,<\/span> foschia<span class=\"s1\">,<\/span> trasmittanza secondo le vostre esigenze.<\/p>\n<p class=\"p2\"><strong>Per il prezzo<span class=\"s1\">,<\/span> <\/strong>contattateci<span class=\"s1\">,<\/span> Il preventivo dettagliato di questo agente di diffusione della luce vi sar\u00e0 inviato per riferimento.<\/p>\n<p class=\"p2\"><strong>Per il campione<\/strong><span class=\"s1\">,<\/span> fornito gratuitamente<\/p>\n<p class=\"p2\"><strong>MOQ:<\/strong> 100 kg<\/p>\n<p class=\"p2\"><strong>Codice H.S:<\/strong> 39100090<\/p>\n<p class=\"p2\"><strong>Termine commerciale:<\/strong> Sono disponibili EXW\/FOB\/CFR\/CIF<\/p>","protected":false},"featured_media":137,"comment_status":"open","ping_status":"closed","template":"","meta":[],"class_list":["post-136","product","type-product","status-publish","has-post-thumbnail","hentry","product_cat-light-diffusion-agent"],"_links":{"self":[{"href":"https:\/\/wanda-chemical.com\/it\/wp-json\/wp\/v2\/product\/136","targetHints":{"allow":["GET"]}}],"collection":[{"href":"https:\/\/wanda-chemical.com\/it\/wp-json\/wp\/v2\/product"}],"about":[{"href":"https:\/\/wanda-chemical.com\/it\/wp-json\/wp\/v2\/types\/product"}],"replies":[{"embeddable":true,"href":"https:\/\/wanda-chemical.com\/it\/wp-json\/wp\/v2\/comments?post=136"}],"wp:featuredmedia":[{"embeddable":true,"href":"https:\/\/wanda-chemical.com\/it\/wp-json\/wp\/v2\/media\/137"}],"wp:attachment":[{"href":"https:\/\/wanda-chemical.com\/it\/wp-json\/wp\/v2\/media?parent=136"}],"curies":[{"name":"wp","href":"https:\/\/api.w.org\/{rel}","templated":true}]}}