{"id":130,"date":"2021-03-13T18:21:19","date_gmt":"2021-03-13T10:21:19","guid":{"rendered":"https:\/\/wanda-chemical.com\/?post_type=product&#038;p=130"},"modified":"2026-04-08T02:38:48","modified_gmt":"2026-04-07T18:38:48","slug":"for-pp-ps-pmma-pvc-pc-diffuser-application","status":"publish","type":"product","link":"https:\/\/wanda-chemical.com\/it\/prodotto\/for-pp-ps-pmma-pvc-pc-diffuser-application\/","title":{"rendered":"Agente di diffusione della luce per diffusori in PP\/PS\/PMMA\/PVC\/PC"},"content":{"rendered":"<p>L'agente di diffusione della luce Wanda pu\u00f2 essere aggiunto direttamente ai diffusori in PP, PS, PMMA, PVC e PC. Poich\u00e9<span class=\"text-dst hl\"> \u00e8 una polvere sferica resistente alle alte temperature, sviluppata mediante reticolazione e innesto di gruppi funzionali sulla base di metacrilato e stirene con la tecnologia della polimerizzazione. L'agente di diffusione della luce di Wanda presenta diverse propriet\u00e0. Pu\u00f2 essere miscelato con materiale PP\/PS\/PMMA\/PVC\/PC mediante stampaggio a iniezione o estrusione per ottenere diversi effetti di rifrazione della luce e l'effetto di diffusione \u00e8 notevole. <\/span><span class=\"text-dst\">Vari profili ad alta trasmittanza luminosa (90-93%), come lastre di diffusione, tubi per lampade, paralumi sferici, ecc., che presentano un buon equilibrio tra trasmittanza luminosa e diffusivit\u00e0, buona disperdibilit\u00e0 e stabilit\u00e0 e il nostro agente di diffusione luminosa pu\u00f2 fornire una variet\u00e0 di scelte di dimensioni delle particelle.<\/span><\/p>\n<p><span class=\"text-dst\">Inoltre, pu\u00f2 essere utilizzato nelle plastiche ottiche e nei prodotti industriali e ha funzioni ottiche superiori ai prodotti della concorrenza. <\/span><span class=\"text-dst\">Rispetto agli stessi prodotti funzionali di altre marche, una piccola quantit\u00e0 di utilizzo pu\u00f2 ottenere lo stesso effetto e risparmiare sui costi.<\/span><\/p>","protected":false},"excerpt":{"rendered":"<p class=\"p1\">L'agente di diffusione della luce per applicazioni in PP\/PS\/PMMA\/PVC\/PC \u00e8 il nostro prodotto di partenza in tutte le applicazioni. <span class=\"text-dst\">qualit\u00e0 superiore pu\u00f2 essere paragonata a quella di un marchio famoso come <\/span>Shinetsu<span class=\"s1\">,<\/span> Samsung<span class=\"s1\">, <\/span><span class=\"text-dst\">ed \u00e8 <\/span>una piccola quantit\u00e0 di utilizzo pu\u00f2 ottenere lo stesso effetto e risparmiare sui costi.<\/p>\n<p class=\"p1\">Possiamo anche personalizzare l'indice di rifrazione<span class=\"s1\">,<\/span> foschia<span class=\"s1\">,<\/span> trasmittanza, rapporto di miscelazione secondo le vostre esigenze.<\/p>\n<p class=\"p1\"><strong>Per il prezzo<span class=\"s1\">,<\/span><\/strong> contattateci<span class=\"s1\">,<\/span> Il preventivo dettagliato di questo agente di diffusione della luce vi sar\u00e0 inviato per riferimento.<\/p>\n<p class=\"p1\"><strong>Per il campione<span class=\"s1\">,<\/span> <\/strong>fornito gratuitamente<\/p>\n<p class=\"p1\"><strong>MOQ:<\/strong> 100 kg<\/p>\n<p class=\"p1\"><strong>Codice H.S:<\/strong> 39100090<\/p>\n<p class=\"p1\"><strong>Termine commerciale:<\/strong> Sono disponibili EXW\/FOB\/CFR\/CIF<\/p>","protected":false},"featured_media":131,"comment_status":"open","ping_status":"closed","template":"","meta":[],"class_list":["post-130","product","type-product","status-publish","has-post-thumbnail","hentry","product_cat-light-diffusion-agent"],"_links":{"self":[{"href":"https:\/\/wanda-chemical.com\/it\/wp-json\/wp\/v2\/product\/130","targetHints":{"allow":["GET"]}}],"collection":[{"href":"https:\/\/wanda-chemical.com\/it\/wp-json\/wp\/v2\/product"}],"about":[{"href":"https:\/\/wanda-chemical.com\/it\/wp-json\/wp\/v2\/types\/product"}],"replies":[{"embeddable":true,"href":"https:\/\/wanda-chemical.com\/it\/wp-json\/wp\/v2\/comments?post=130"}],"wp:featuredmedia":[{"embeddable":true,"href":"https:\/\/wanda-chemical.com\/it\/wp-json\/wp\/v2\/media\/131"}],"wp:attachment":[{"href":"https:\/\/wanda-chemical.com\/it\/wp-json\/wp\/v2\/media?parent=130"}],"curies":[{"name":"wp","href":"https:\/\/api.w.org\/{rel}","templated":true}]}}