{"id":121,"date":"2021-03-06T17:52:15","date_gmt":"2021-03-06T09:52:15","guid":{"rendered":"https:\/\/wanda-chemical.com\/?post_type=product&#038;p=121"},"modified":"2021-06-26T15:12:43","modified_gmt":"2021-06-26T07:12:43","slug":"for-led-lampshadeled-tube-application","status":"publish","type":"product","link":"https:\/\/wanda-chemical.com\/it\/prodotto\/for-led-lampshadeled-tube-application\/","title":{"rendered":"per l'applicazione di paralumi e tubi LED"},"content":{"rendered":"<p class=\"p1\">Una delle applicazioni principali degli agenti di diffusione della luce \u00e8 proprio l'utilizzo per i paralumi LED, le coperture LED e i tubi LED. Perch\u00e9 sar\u00e0 sempre pi\u00f9 utilizzato nell'industria dei LED<span class=\"s1\">?<\/span><\/p>\n<p class=\"p1\">Come tutti sanno, la luce LED \u00e8 uno dei metodi di risparmio energetico e di protezione dell'ambiente.<span class=\"s1\">,<\/span> ed \u00e8 anche una delle tendenze di sviluppo future. L'energia luminosa dei LED \u00e8 molto forte<span class=\"s1\">,<\/span> ma la luce \u00e8 molto dura. quindi come pu\u00f2 la luce diventare pi\u00f9 morbida e la perdita di luce era piccola<span class=\"s1\">?<\/span> deve essere risolto.<\/p>\n<p class=\"p1\"><span style=\"color: #008000;\"><b>Quindi<\/b><span class=\"s1\">,<\/span><b> come risolvere il problema della luce LED cos\u00ec brillante<\/b><span class=\"s1\">?<\/span><\/span><\/p>\n<p class=\"p1\">Attualmente la ricerca \u00e8 partita dal paralume<span class=\"s1\">,<\/span> che utilizza materiali micrometrici riempiti di PS<span class=\"s1\">,<\/span> PC o PMMA<span class=\"s1\">,<\/span> che copre la parte superiore della lampada LED. pu\u00f2 risolvere i difetti di abbagliamento della luce LED.<span class=\"s1\">,<\/span> che le microparticelle si chiamano semplicemente \"perle\". <span style=\"color: #008000;\"><b>agente di diffusione della luce<\/b>.<\/span><\/p>\n<p class=\"p1\">Si tratta di una microparticella di resina siliconica organica <span class=\"s1\">(<\/span>contenente una particella di resina di forma sferica con un certo numero di buchi sulla superficie<span class=\"s1\">)<\/span> Un film di diffusione della luce \u00e8 in grado di bilanciare la diffusivit\u00e0 della luce dei beni e la trasmittanza totale anche quando la luce diffusa viene osservata in una certa posizione. \u00e8 un eccellente additivo per migliorare le prestazioni delle materie plastiche<span class=\"s1\">,<\/span> gomme<span class=\"s1\">,<\/span> rivestimenti, ecc. pu\u00f2 essere ampiamente utilizzato nella retroilluminazione degli LCD.<span class=\"s1\">,<\/span> schermo di tipo trasmissivo<span class=\"s1\">,<\/span> apparecchi di illuminazione<span class=\"s1\">,<\/span> dichiarazione di illuminazione, ecc.<\/p>\n<p><strong><span style=\"color: #008000;\">Qual \u00e8 il vantaggio dell'agente di diffusione della luce\/resina siliconica in polvere di Wanda?<\/span><\/strong><\/p>\n<p class=\"gmail-MsoListParagraph\">1.     Qualit\u00e0 e colore stabili<\/p>\n<p class=\"gmail-MsoListParagraph\">2.     Buon equilibrio tra foschia e trasmittanza, resistenza al calore<\/p>\n<p class=\"gmail-MsoListParagraph\">3.     La produzione annuale \u00e8 di 50.000.000 tonnellate\/anno.<\/p>\n<p class=\"gmail-MsoListParagraph\">4.     Certificazione ISO<\/p>\n<p class=\"gmail-MsoListParagraph\">5.     Campione gratuito fornito<\/p>","protected":false},"excerpt":{"rendered":"<p class=\"p1\">Questo tipo di agente di diffusione della luce \u00e8 il pi\u00f9 venduto in tutte le applicazioni.<span class=\"s1\">,<\/span> Ci\u00f2 significa che \u00e8 di qualit\u00e0 eccezionale e allo stesso tempo ha un prezzo interessante.<\/p>\n<p class=\"p1\">Possiamo personalizzare l'indice di rifrazione<span class=\"s1\">,<\/span> foschia<span class=\"s1\">,<\/span> trasmittanza secondo le vostre esigenze.<\/p>\n<p class=\"p1\">Per il prezzo<span class=\"s1\">,<\/span> contattateci<span class=\"s1\">,<\/span> Il preventivo dettagliato di questo agente di diffusione della luce vi sar\u00e0 inviato per riferimento.<\/p>\n<p class=\"p1\">Per il campione<span class=\"s1\">,<\/span> fornito gratuitamente<\/p>\n<p class=\"p1\">MOQ: 100kgs<\/p>\n<p class=\"p1\">Codice H.S: 39100090<\/p>\n<p class=\"p1\">Termine commerciale: EXW\/FOB\/CFR\/CIF sono disponibili<\/p>","protected":false},"featured_media":123,"comment_status":"open","ping_status":"closed","template":"","meta":[],"class_list":["post-121","product","type-product","status-publish","has-post-thumbnail","hentry","product_cat-light-diffusion-agent"],"_links":{"self":[{"href":"https:\/\/wanda-chemical.com\/it\/wp-json\/wp\/v2\/product\/121","targetHints":{"allow":["GET"]}}],"collection":[{"href":"https:\/\/wanda-chemical.com\/it\/wp-json\/wp\/v2\/product"}],"about":[{"href":"https:\/\/wanda-chemical.com\/it\/wp-json\/wp\/v2\/types\/product"}],"replies":[{"embeddable":true,"href":"https:\/\/wanda-chemical.com\/it\/wp-json\/wp\/v2\/comments?post=121"}],"wp:featuredmedia":[{"embeddable":true,"href":"https:\/\/wanda-chemical.com\/it\/wp-json\/wp\/v2\/media\/123"}],"wp:attachment":[{"href":"https:\/\/wanda-chemical.com\/it\/wp-json\/wp\/v2\/media?parent=121"}],"curies":[{"name":"wp","href":"https:\/\/api.w.org\/{rel}","templated":true}]}}