{"id":1152,"date":"2021-11-20T18:02:25","date_gmt":"2021-11-20T10:02:25","guid":{"rendered":"https:\/\/wanda-chemical.com\/?post_type=product&#038;p=1152"},"modified":"2021-11-20T18:14:54","modified_gmt":"2021-11-20T10:14:54","slug":"silicone-elastomer-gel","status":"publish","type":"product","link":"https:\/\/wanda-chemical.com\/it\/prodotto\/silicone-elastomer-gel\/","title":{"rendered":"Gel di elastomero di silicone"},"content":{"rendered":"<div class=\"page\" title=\"Pagina 1\">\n<div class=\"layoutArea\">\n<div class=\"column\">\n<p><strong><b>A<\/b><\/strong><strong><b>p<\/b><\/strong><strong><b>applicazione:<\/b><\/strong><\/p>\n<\/div>\n<ul>\n<li>Acqua in olio<\/li>\n<li>Formulazioni di silicone water-in<\/li>\n<li>Fluidi siliconici nella cura della pelle<\/li>\n<li>Cosmetica del colore, cura dei capelli<\/li>\n<li>Antitraspiranti e deodoranti<\/li>\n<\/ul>\n<\/div>\n<p>&nbsp;<\/p>\n<p><strong><b>F<\/b><\/strong><strong><b>e<\/b><\/strong><strong><b>ature:<\/b><\/strong><\/p>\n<p>\u2460 Elastomero siliconico reticolato ad alto peso molecolare in ciclopentasilossano.<\/p>\n<p>Pu\u00f2 assorbire il sebo per migliorare l'effetto opacizzante.<\/p>\n<p>\u2462 Agisce come addensante per formulazioni acqua-in-olio e acqua-silicone e fluidi siliconici<\/p>\n<p>\u2463 Ridurre l'appiccicosit\u00e0 della formulazione<\/p>\n<p>\u2464 Maschera le linee sottili e le rughe grazie alle piccole particelle di elastomero siliconico e alla super spalmabilit\u00e0<\/p>\n<p>\u2465 Facilit\u00e0 di formulazione con processo a freddo e buona compatibilit\u00e0 organica<\/p>\n<p>\u2466 Fornisce una sensazione di leggerezza, di polvere setosa e di non untuosit\u00e0 sulla pelle<\/p>\n<p>\u2467 Pu\u00f2 essere personalizzato in base alle esigenze del cliente per la sensazione della pelle<\/p>\n<\/div>\n<p>&nbsp;<\/p>\n<div class=\"page\" title=\"Pagina 1\">\n<p><strong><b>H<\/b><\/strong><strong><b>o<\/b><\/strong><strong><b>w per utilizzare<\/b><\/strong><strong><b>: <\/b><\/strong><\/p>\n<p><strong><b>\u00a0<\/b><\/strong>\u2776Disperdere la fase oleosa nella miscela di elastomeri siliconici WD-1040 con una semplice miscelazione. Non \u00e8 necessario il post-shearing. Pu\u00f2 essere aggiunto alla fase oleosa o alla fase siliconica in una formulazione in emulsione. Si raccomanda di omogeneizzare accuratamente la fase oleosa prima dell'emulsione o di aggiungere lentamente all'elastomero la fase oleosa o siliconica di un'emulsione.<\/p>\n<p>&nbsp;<\/p>\n<p>Per facilitare l'uso, la sua viscosit\u00e0 pu\u00f2 essere ridotta mediante miscelazione con dimeticone, ciclometicone, olio di fenile siliconico, esteri di acidi grassi, idrocarburi, ecc.<\/p>\n<p>&nbsp;<\/p>\n<p>\u2778La formulazione pu\u00f2 essere addensata con un processo a freddo e la sua operazione deve essere effettuata a una temperatura inferiore a 60\u00b0C.<\/p>\n<p>La leva di utilizzo tipica del WD-1040 va da 1% a 20% (w\/w), oppure dipende dalla formulazione finale.<\/p>\n<p>&nbsp;<\/p>\n<\/div>","protected":false},"excerpt":{"rendered":"<p>Il gel di elastomero siliconico \u00e8 una miscela di elastomero siliconico reticolato ad alto peso molecolare in ciclopentasilossano. \u00c8 caratterizzato da piccole particelle sferiche di elastomero siliconico, elevato rigonfiamento e buona spalmabilit\u00e0, offre una sensazione di pelle leggera, setosa e non grassa, oltre a contribuire a mascherare linee sottili e rughe. Ha la capacit\u00e0 di aumentare la viscosit\u00e0 della fase oleosa della formulazione e di migliorarne l'estetica.<\/p>","protected":false},"featured_media":1153,"comment_status":"open","ping_status":"closed","template":"","meta":[],"class_list":["post-1152","product","type-product","status-publish","has-post-thumbnail","hentry","product_cat-silicone-elastomer-gel"],"_links":{"self":[{"href":"https:\/\/wanda-chemical.com\/it\/wp-json\/wp\/v2\/product\/1152","targetHints":{"allow":["GET"]}}],"collection":[{"href":"https:\/\/wanda-chemical.com\/it\/wp-json\/wp\/v2\/product"}],"about":[{"href":"https:\/\/wanda-chemical.com\/it\/wp-json\/wp\/v2\/types\/product"}],"replies":[{"embeddable":true,"href":"https:\/\/wanda-chemical.com\/it\/wp-json\/wp\/v2\/comments?post=1152"}],"wp:featuredmedia":[{"embeddable":true,"href":"https:\/\/wanda-chemical.com\/it\/wp-json\/wp\/v2\/media\/1153"}],"wp:attachment":[{"href":"https:\/\/wanda-chemical.com\/it\/wp-json\/wp\/v2\/media?parent=1152"}],"curies":[{"name":"wp","href":"https:\/\/api.w.org\/{rel}","templated":true}]}}