{"id":869,"date":"2021-06-23T14:46:10","date_gmt":"2021-06-23T06:46:10","guid":{"rendered":"https:\/\/wanda-chemical.com\/?post_type=product&#038;p=869"},"modified":"2025-05-21T14:48:17","modified_gmt":"2025-05-21T06:48:17","slug":"for-lubricants","status":"publish","type":"product","link":"https:\/\/wanda-chemical.com\/fr\/produit\/for-lubricants\/","title":{"rendered":"pour les graisses et lubrifiants"},"content":{"rendered":"<p data-v-2520dd35=\"\" data-caiyun-traget-id=\"'+i+'\"><strong>Feuille de route\uff1a<\/strong><\/p>\n<p data-v-2520dd35=\"\" data-caiyun-traget-id=\"'+i+'\"><img fetchpriority=\"high\" decoding=\"async\" class=\"alignnone wp-image-1414 size-large\" src=\"https:\/\/wanda-chemical.com\/wp-content\/uploads\/2021\/06\/ptfe3-1024x249.png\" alt=\"\" width=\"800\" height=\"195\" srcset=\"https:\/\/wanda-chemical.com\/wp-content\/uploads\/2021\/06\/ptfe3-1024x249.png 1024w, https:\/\/wanda-chemical.com\/wp-content\/uploads\/2021\/06\/ptfe3-300x73.png 300w, https:\/\/wanda-chemical.com\/wp-content\/uploads\/2021\/06\/ptfe3-768x187.png 768w, https:\/\/wanda-chemical.com\/wp-content\/uploads\/2021\/06\/ptfe3-600x146.png 600w, https:\/\/wanda-chemical.com\/wp-content\/uploads\/2021\/06\/ptfe3.png 1474w\" sizes=\"(max-width: 800px) 100vw, 800px\" \/><\/p>\n<p><strong>Stockage et pr\u00e9cautions\uff1a <\/strong><\/p>\n<ul>\n<li>Il doit \u00eatre conserv\u00e9 dans un endroit propre et sec, dans son emballage d'origine non ouvert.<\/li>\n<li>Lire attentivement la fiche de s\u00e9curit\u00e9 du produit (MSDS) avant de l'utiliser, qui peut \u00eatre obtenue aupr\u00e8s du fournisseur.<\/li>\n<\/ul>","protected":false},"excerpt":{"rendered":"<p>L'ajout de poudre de PTFE dans les lubrifiants et les graisses permet de formuler des syst\u00e8mes de lubrification utilis\u00e9s respectivement sous faible charge \u00e0 bas r\u00e9gime, sous charge moyenne \u00e0 moyen r\u00e9gime et sous forte charge \u00e0 haut r\u00e9gime. L'ajout de PTFE dans les lubrifiants et les graisses permet de formuler des syst\u00e8mes de lubrification utilis\u00e9s respectivement sous une charge plus faible \u00e0 un r\u00e9gime plus faible, sous une charge moyenne \u00e0 un r\u00e9gime moyen, et sous une charge \u00e9lev\u00e9e \u00e0 un r\u00e9gime \u00e9lev\u00e9.<\/p>\n<p>Pour l'\u00e9chantillon, fourni gratuitement<\/p>\n<p>MOQ : 100kgs<\/p>","protected":false},"featured_media":1411,"comment_status":"open","ping_status":"closed","template":"","meta":[],"class_list":["post-869","product","type-product","status-publish","has-post-thumbnail","hentry","product_cat-ptfe-micro-powders"],"_links":{"self":[{"href":"https:\/\/wanda-chemical.com\/fr\/wp-json\/wp\/v2\/product\/869","targetHints":{"allow":["GET"]}}],"collection":[{"href":"https:\/\/wanda-chemical.com\/fr\/wp-json\/wp\/v2\/product"}],"about":[{"href":"https:\/\/wanda-chemical.com\/fr\/wp-json\/wp\/v2\/types\/product"}],"replies":[{"embeddable":true,"href":"https:\/\/wanda-chemical.com\/fr\/wp-json\/wp\/v2\/comments?post=869"}],"wp:featuredmedia":[{"embeddable":true,"href":"https:\/\/wanda-chemical.com\/fr\/wp-json\/wp\/v2\/media\/1411"}],"wp:attachment":[{"href":"https:\/\/wanda-chemical.com\/fr\/wp-json\/wp\/v2\/media?parent=869"}],"curies":[{"name":"wp","href":"https:\/\/api.w.org\/{rel}","templated":true}]}}