{"id":861,"date":"2021-06-22T18:10:08","date_gmt":"2021-06-22T10:10:08","guid":{"rendered":"https:\/\/wanda-chemical.com\/?post_type=product&#038;p=861"},"modified":"2021-07-01T14:54:32","modified_gmt":"2021-07-01T06:54:32","slug":"for-printing-inks","status":"publish","type":"product","link":"https:\/\/wanda-chemical.com\/fr\/produit\/for-printing-inks\/","title":{"rendered":"pour les encres d'imprimerie"},"content":{"rendered":"<p><strong>Feuille de route\uff1a<\/strong><\/p>\n<p><img fetchpriority=\"high\" decoding=\"async\" class=\"alignnone size-full wp-image-970\" src=\"https:\/\/wanda-chemical.com\/wp-content\/uploads\/2021\/06\/product2.png\" alt=\"\" width=\"942\" height=\"283\" srcset=\"https:\/\/wanda-chemical.com\/wp-content\/uploads\/2021\/06\/product2.png 942w, https:\/\/wanda-chemical.com\/wp-content\/uploads\/2021\/06\/product2-300x90.png 300w, https:\/\/wanda-chemical.com\/wp-content\/uploads\/2021\/06\/product2-768x231.png 768w, https:\/\/wanda-chemical.com\/wp-content\/uploads\/2021\/06\/product2-600x180.png 600w\" sizes=\"(max-width: 942px) 100vw, 942px\" \/><\/p>\n<p>&nbsp;<\/p>\n<p><strong>Stockage et pr\u00e9cautions\uff1a <\/strong><\/p>\n<ul>\n<li>Il doit \u00eatre conserv\u00e9 dans un endroit propre et sec, dans son emballage d'origine non ouvert.<\/li>\n<li>Lire attentivement la fiche de s\u00e9curit\u00e9 du produit (MSDS) avant de l'utiliser, qui peut \u00eatre obtenue aupr\u00e8s du fournisseur.<\/li>\n<\/ul>","protected":false},"excerpt":{"rendered":"<p>Les micro-poudres de PTFE sont un additif et un modificateur id\u00e9al pour divers types d'encres d'imprimerie qui permettent d'obtenir un effet antiadh\u00e9sif, une r\u00e9duction de l'abrasion, une am\u00e9lioration de la d\u00e9finition et de l'\u00e9clat des impressions, une durabilit\u00e9 contre la d\u00e9coloration, une bonne imperm\u00e9abilit\u00e9 \u00e0 l'eau et aux mites, etc. Son application dans les encres d'hectographie et d'h\u00e9liogravure am\u00e9liore le pouvoir glissant, la douceur de la surface, le lustre et la r\u00e9sistance \u00e0 l'abrasion, ce qui facilite l'impression \u00e0 grande vitesse.<\/p>\n<p>Pour l'\u00e9chantillon, fourni gratuitement<\/p>\n<p>MOQ : 100kgs<\/p>","protected":false},"featured_media":860,"comment_status":"open","ping_status":"closed","template":"","meta":[],"class_list":["post-861","product","type-product","status-publish","has-post-thumbnail","hentry","product_cat-ptfe-micro-powders"],"_links":{"self":[{"href":"https:\/\/wanda-chemical.com\/fr\/wp-json\/wp\/v2\/product\/861","targetHints":{"allow":["GET"]}}],"collection":[{"href":"https:\/\/wanda-chemical.com\/fr\/wp-json\/wp\/v2\/product"}],"about":[{"href":"https:\/\/wanda-chemical.com\/fr\/wp-json\/wp\/v2\/types\/product"}],"replies":[{"embeddable":true,"href":"https:\/\/wanda-chemical.com\/fr\/wp-json\/wp\/v2\/comments?post=861"}],"wp:featuredmedia":[{"embeddable":true,"href":"https:\/\/wanda-chemical.com\/fr\/wp-json\/wp\/v2\/media\/860"}],"wp:attachment":[{"href":"https:\/\/wanda-chemical.com\/fr\/wp-json\/wp\/v2\/media?parent=861"}],"curies":[{"name":"wp","href":"https:\/\/api.w.org\/{rel}","templated":true}]}}