{"id":78,"date":"2021-03-06T15:55:43","date_gmt":"2021-03-06T07:55:43","guid":{"rendered":"https:\/\/wanda-chemical.com\/?post_type=product&#038;p=78"},"modified":"2026-03-09T18:13:31","modified_gmt":"2026-03-09T10:13:31","slug":"light-diffusion-agent","status":"publish","type":"product","link":"https:\/\/wanda-chemical.com\/fr\/produit\/light-diffusion-agent\/","title":{"rendered":"Agent de diffusion de la lumi\u00e8re"},"content":{"rendered":"<p>Sur le march\u00e9 mondial des agents de diffusion de la lumi\u00e8re, Shin-Etsu, Samsung et Dow Corning sont r\u00e9put\u00e9s pour leur qualit\u00e9 exceptionnelle, mais \u00e0 un prix \u00e9lev\u00e9. Nous pr\u00e9sentons aujourd'hui une alternative r\u00e9volutionnaire : <b>Agent de diffusion de la lumi\u00e8re de Wanda<\/b>. Ce produit offre une valeur in\u00e9gal\u00e9e, combinant une qualit\u00e9 sup\u00e9rieure et un bon rapport co\u00fbt-efficacit\u00e9.<\/p>\n<p>S'il existe un produit \u00e0 co\u00fbt \u00e9lev\u00e9, qui n'est pas seulement rentable mais aussi de qualit\u00e9 sup\u00e9rieure ?<\/p>\n<p>Oui, l'agent de diffusion de la lumi\u00e8re de Wanda peut vous aider. En tant que premier et plus grand fabricant chinois d'agents de diffusion de la lumi\u00e8re, Wanda s'enorgueillit de plus de 30 ans d'expertise. Historiquement, nous nous sommes concentr\u00e9s sur le march\u00e9 int\u00e9rieur, en \u00e9tablissant des partenariats solides avec des entreprises renomm\u00e9es telles que Pak, NVC et Midea. Avec des volumes d'exportation croissants dans le monde entier, nous sommes convaincus que l'agent de diffusion de la lumi\u00e8re de Wanda d\u00e9passera vos attentes.<\/p>\n<p>Vous trouverez ci-dessous une introduction d\u00e9taill\u00e9e \u00e0 ce sujet.<\/p>\n<p>&nbsp;<\/p>\n<p><strong>Description du produit :<\/strong><\/p>\n<p>L'agent de diffusion de la lumi\u00e8re de Wanda est une fine poudre de silicone blanche. Lorsqu'il est dispers\u00e9 de mani\u00e8re homog\u00e8ne dans une matrice de r\u00e9sine, il forme d'innombrables petites sph\u00e8res de verre transparentes. Ces sph\u00e8res tirent parti de la diff\u00e9rence d'indice de r\u00e9fraction avec le substrat pour r\u00e9fracter et modifier efficacement les trajectoires de la lumi\u00e8re, ce qui permet d'obtenir une diffusion uniforme de la lumi\u00e8re et une excellente transmission de la lumi\u00e8re. Simultan\u00e9ment, il r\u00e9pond pr\u00e9cis\u00e9ment \u00e0 vos exigences strictes en mati\u00e8re de trouble et de transmission.<\/p>\n<p>&nbsp;<\/p>\n<p><strong>Application :\u00a0<\/strong><\/p>\n<ul>\n<li><b>Eclairage LED :<\/b> Abat-jour \u00e0 LED, cache-lumi\u00e8re \u00e0 LED, plaques de diffusion de la lumi\u00e8re<\/li>\n<li><b>Technologie d'affichage :<\/b> Feuilles de diffusion LCD, \u00e9crans de t\u00e9l\u00e9vision, treillis de tubes num\u00e9riques<\/li>\n<li><b>Signalisation publicitaire :<\/b> Caissons lumineux publicitaires, panneaux d'affichage, personnages lumineux<\/li>\n<li><b>Produits en plastique :<\/b> PC, PMMA, PS, ABS, PVC et autres mat\u00e9riaux<\/li>\n<li><b>Autres applications :<\/b> Flacons cosm\u00e9tiques, m\u00e9langes-ma\u00eetres, additifs pour peintures ou encres, agents anti-rayures et agents de matage pour plastiques.<\/li>\n<\/ul>\n<p>&nbsp;<\/p>\n<p><strong>Caract\u00e9ristiques :<\/strong><\/p>\n<ul>\n<li><b>Excellentes propri\u00e9t\u00e9s de diffusion de la lumi\u00e8re :<\/b> Assure une distribution uniforme de la lumi\u00e8re et \u00e9limine l'\u00e9blouissement.<\/li>\n<li><b>Haute r\u00e9sistance aux chocs :<\/b> Am\u00e9liore la durabilit\u00e9 des mat\u00e9riaux.<\/li>\n<li><b>\u00c9quilibre optimal entre le Haze et la Transmittance :<\/b> Permet une diffusion efficace tout en maintenant une grande transparence de la lumi\u00e8re.<\/li>\n<li><b>R\u00e9sistance sup\u00e9rieure aux hautes temp\u00e9ratures :<\/b> Convient \u00e0 divers environnements de travail exigeants.<\/li>\n<li><b>Qualit\u00e9 stable des couleurs :<\/b> Garantit un aspect constant pour une utilisation \u00e0 long terme.<\/li>\n<li><b>Conforme \u00e0 la FDA :<\/b> Peut \u00eatre utilis\u00e9 dans les mat\u00e9riaux d'emballage en film polyester, pour am\u00e9liorer leur performance anti-adh\u00e9sion.<\/li>\n<\/ul>\n<p>&nbsp;<\/p>\n<p><strong>Meilleur vendeur par rapport aux grandes marques :<\/strong><\/p>\n<p><img fetchpriority=\"high\" decoding=\"async\" class=\"alignnone wp-image-81 size-full\" src=\"https:\/\/wanda-chemical.com\/wp-content\/uploads\/2021\/03\/\u548c\u4e09\u661f\u4fe1\u8d8a\u5bf9\u6bd4.png\" alt=\"\" width=\"664\" height=\"240\" srcset=\"https:\/\/wanda-chemical.com\/wp-content\/uploads\/2021\/03\/\u548c\u4e09\u661f\u4fe1\u8d8a\u5bf9\u6bd4.png 664w, https:\/\/wanda-chemical.com\/wp-content\/uploads\/2021\/03\/\u548c\u4e09\u661f\u4fe1\u8d8a\u5bf9\u6bd4-300x108.png 300w, https:\/\/wanda-chemical.com\/wp-content\/uploads\/2021\/03\/\u548c\u4e09\u661f\u4fe1\u8d8a\u5bf9\u6bd4-600x217.png 600w\" sizes=\"(max-width: 664px) 100vw, 664px\" \/><\/p>\n<p>&nbsp;<\/p>\n<p><b>L'avantage de Wanda : surpasser les marques de renom\u3011<\/b> L'agent de diffusion de la lumi\u00e8re de Wanda rivalise avec les marques internationales de renom, voire les surpasse, en termes de qualit\u00e9 et de rentabilit\u00e9. Nous sommes particuli\u00e8rement fiers de la \"finition impeccable\" que notre produit permet d'obtenir.<\/p>\n<p>&nbsp;<\/p>\n<hr \/>\n<p><b>Faites-en l'exp\u00e9rience d\u00e8s maintenant :<\/b><\/p>\n<p>Nous comprenons votre double recherche de la qualit\u00e9 des produits et de la rentabilit\u00e9. Si vous \u00eates int\u00e9ress\u00e9 par l'agent de diffusion de la lumi\u00e8re de Wanda, n'h\u00e9sitez pas \u00e0 nous contacter pour obtenir des prix d\u00e9taill\u00e9s et demander un \u00e9chantillon gratuit \u00e0 des fins d'essai. Nous sommes convaincus que Wanda sera votre solution id\u00e9ale pour la diffusion de la lumi\u00e8re !<\/p>","protected":false},"excerpt":{"rendered":"<p>L'agent de diffusion de la lumi\u00e8re est \u00e9galement appel\u00e9 additif de diffusion de la lumi\u00e8re en poudre de r\u00e9sine de silicone et base de silicone. Il est principalement utilis\u00e9 pour le PC, le PMMA, le PS, l'ABS, le PVC, l'abat-jour \u00e0 LED, le couvercle de lumi\u00e8re \u00e0 LED, la plaque de diffusion de la lumi\u00e8re, le film de diffusion de la lumi\u00e8re, le LCD, la feuille de diffusion, l'\u00e9cran de t\u00e9l\u00e9vision, le treillis de tube num\u00e9rique, le caisson lumineux et le panneau publicitaire, les caract\u00e8res lumineux, les flacons cosm\u00e9tiques, les m\u00e9langes ma\u00eetres, les additifs de peinture ou d'encre, l'agent anti-rayures et l'agent de matage pour le plastique, etc.<\/p>\n<p>&nbsp;<\/p>","protected":false},"featured_media":129,"comment_status":"open","ping_status":"closed","template":"","meta":[],"class_list":["post-78","product","type-product","status-publish","has-post-thumbnail","hentry","product_cat-light-diffusion-agent"],"_links":{"self":[{"href":"https:\/\/wanda-chemical.com\/fr\/wp-json\/wp\/v2\/product\/78","targetHints":{"allow":["GET"]}}],"collection":[{"href":"https:\/\/wanda-chemical.com\/fr\/wp-json\/wp\/v2\/product"}],"about":[{"href":"https:\/\/wanda-chemical.com\/fr\/wp-json\/wp\/v2\/types\/product"}],"replies":[{"embeddable":true,"href":"https:\/\/wanda-chemical.com\/fr\/wp-json\/wp\/v2\/comments?post=78"}],"wp:featuredmedia":[{"embeddable":true,"href":"https:\/\/wanda-chemical.com\/fr\/wp-json\/wp\/v2\/media\/129"}],"wp:attachment":[{"href":"https:\/\/wanda-chemical.com\/fr\/wp-json\/wp\/v2\/media?parent=78"}],"curies":[{"name":"wp","href":"https:\/\/api.w.org\/{rel}","templated":true}]}}