{"id":1600,"date":"2025-05-21T15:14:24","date_gmt":"2025-05-21T07:14:24","guid":{"rendered":"https:\/\/wanda-chemical.com\/?post_type=product&#038;p=1600"},"modified":"2025-05-21T15:14:24","modified_gmt":"2025-05-21T07:14:24","slug":"enhance-cosmetic-personal-care-products-with-polymethylsilsesquioxane-pmsq","status":"publish","type":"product","link":"https:\/\/wanda-chemical.com\/fr\/produit\/enhance-cosmetic-personal-care-products-with-polymethylsilsesquioxane-pmsq\/","title":{"rendered":"Am\u00e9liorer les produits cosm\u00e9tiques et de soins personnels avec le Polymethylsilsesquioxane (PMSQ)"},"content":{"rendered":"<p>Poudre de r\u00e9sine de silicone de qualit\u00e9 sup\u00e9rieure pour des formulations parfaites<\/p>\n<figure id=\"attachment_1452\" aria-describedby=\"caption-attachment-1452\" style=\"width: 800px\" class=\"wp-caption aligncenter\"><img fetchpriority=\"high\" decoding=\"async\" class=\"wp-image-1452 size-large\" src=\"https:\/\/wanda-chemical.com\/wp-content\/uploads\/2023\/07\/6-1024x680.jpeg\" alt=\"\" width=\"800\" height=\"531\" srcset=\"https:\/\/wanda-chemical.com\/wp-content\/uploads\/2023\/07\/6-1024x680.jpeg 1024w, https:\/\/wanda-chemical.com\/wp-content\/uploads\/2023\/07\/6-300x199.jpeg 300w, https:\/\/wanda-chemical.com\/wp-content\/uploads\/2023\/07\/6-768x510.jpeg 768w, https:\/\/wanda-chemical.com\/wp-content\/uploads\/2023\/07\/6-1536x1020.jpeg 1536w, https:\/\/wanda-chemical.com\/wp-content\/uploads\/2023\/07\/6-2048x1361.jpeg 2048w, https:\/\/wanda-chemical.com\/wp-content\/uploads\/2023\/07\/6-600x399.jpeg 600w\" sizes=\"(max-width: 800px) 100vw, 800px\" \/><figcaption id=\"caption-attachment-1452\" class=\"wp-caption-text\">Poudre blanche de PMSQ avec effet de diffusion de la lumi\u00e8re<\/figcaption><\/figure>\n<div class=\"mceTemp\"><\/div>\n<p>&nbsp;<\/p>\n<p>En tant qu'usine de fabrication de polym\u00e9thylsilsesquioxane de confiance, nous fournissons des solutions transformatrices pour les marques de cosm\u00e9tiques et de soins personnels. Notre PMSQ de haute puret\u00e9, une poudre de r\u00e9sine de silicone polyvalente, \u00e9l\u00e8ve les exp\u00e9riences sensorielles et les performances optiques. Nous vous proposons des polym\u00e9thylsilsesquioxane en vrac adapt\u00e9s aux s\u00e9rums anti-\u00e2ge, aux fonds de teint mats, aux \u00e9crans solaires et aux produits de soins capillaires avanc\u00e9s.<\/p>\n<p>&nbsp;<\/p>\n<h2><\/h2>\n<h2><strong>Pourquoi le Polym\u00e9thylsilsesquioxane (PMSQ) ?<\/strong><\/h2>\n<h3>Ingr\u00e9dient cosm\u00e9tique multifonctionnel<\/h3>\n<p>D\u00e9riv\u00e9e du m\u00e9thyltrim\u00e9thoxysilane par hydrolyse et condensation, la structure sph\u00e9rique de la poudre de silicone du PMSQ est tr\u00e8s performante :<\/p>\n<ul>\n<li>Optique \u00e0 focale douce pour estomper les ridules, les rides et les pores.<\/li>\n<li>Finition mate avec une absorption sup\u00e9rieure du s\u00e9bum (60-90 g\/100g)<\/li>\n<li>Indice de r\u00e9fraction de diffusion de la lumi\u00e8re (~1,42-1,45)<\/li>\n<li>Texture soyeuse et non grasse renforc\u00e9e par des particules sph\u00e9riques (3-8 \u00b5m)<\/li>\n<li>Am\u00e9lioration de l'\u00e9talement et de la stabilit\u00e9 dans les lotions, les cr\u00e8mes solaires et les poudres<\/li>\n<\/ul>\n<p>&nbsp;<\/p>\n<h2><\/h2>\n<h2>Des avantages scientifiques pour les formulateurs<\/h2>\n<h3>Applications cl\u00e9s<\/h3>\n<table>\n<tbody>\n<tr>\n<td>Cat\u00e9gorie<\/td>\n<td>Cas d'utilisation<\/td>\n<td>Principaux avantages<\/td>\n<\/tr>\n<tr>\n<td>Soins de la peau<\/td>\n<td>S\u00e9rums, Primers, Hydratants<\/td>\n<td>Estompe les imperfections, contr\u00f4le l'huile<\/td>\n<\/tr>\n<tr>\n<td>Cosm\u00e9tique de couleur<\/td>\n<td>Fonds de teint, poudres, correcteurs<\/td>\n<td>Finition mate en apesanteur<\/td>\n<\/tr>\n<tr>\n<td>Cr\u00e8mes solaires<\/td>\n<td>Formulations de protection UV<\/td>\n<td>Renforce l'efficacit\u00e9 du SPF, r\u00e9duit la graisse<\/td>\n<\/tr>\n<tr>\n<td>Soins capillaires<\/td>\n<td>Produits de coiffage, shampooings secs<\/td>\n<td>Sensation soyeuse non grasse<\/td>\n<\/tr>\n<\/tbody>\n<\/table>\n<p><em><i>(Encadr\u00e9 sugg\u00e9r\u00e9 : \"Le saviez-vous ? La forme sph\u00e9rique de PMSQ minimise l'agglom\u00e9ration pour une application plus douce.)<\/i><\/em><\/p>\n<p>&nbsp;<\/p>\n<h2><img decoding=\"async\" class=\"aligncenter wp-image-1499 size-full\" src=\"https:\/\/wanda-chemical.com\/wp-content\/uploads\/2023\/12\/2.webp\" alt=\"\" width=\"800\" height=\"800\" srcset=\"https:\/\/wanda-chemical.com\/wp-content\/uploads\/2023\/12\/2.webp 800w, https:\/\/wanda-chemical.com\/wp-content\/uploads\/2023\/12\/2-300x300.webp 300w, https:\/\/wanda-chemical.com\/wp-content\/uploads\/2023\/12\/2-150x150.webp 150w, https:\/\/wanda-chemical.com\/wp-content\/uploads\/2023\/12\/2-768x768.webp 768w, https:\/\/wanda-chemical.com\/wp-content\/uploads\/2023\/12\/2-600x600.webp 600w, https:\/\/wanda-chemical.com\/wp-content\/uploads\/2023\/12\/2-100x100.webp 100w\" sizes=\"(max-width: 800px) 100vw, 800px\" \/><\/h2>\n<h2>Sp\u00e9cifications techniques<\/h2>\n<table>\n<tbody>\n<tr>\n<td>Propri\u00e9t\u00e9<\/td>\n<td>Valeur<\/td>\n<td>Avantage de la formulation<\/td>\n<\/tr>\n<tr>\n<td>Nom INCI<\/td>\n<td>Polym\u00e9thylsilsesquioxane<\/td>\n<td>Conformit\u00e9 reconnue au niveau mondial<\/td>\n<\/tr>\n<tr>\n<td>Apparence<\/td>\n<td>Poudre blanche fluide<\/td>\n<td>M\u00e9lange facile dans les phases huileuses\/anhydres<\/td>\n<\/tr>\n<tr>\n<td>Taille des particules<\/td>\n<td>3-8 \u00b5m<\/td>\n<td>\u00c9quilibre tactile et optique optimal<\/td>\n<\/tr>\n<tr>\n<td>Absorption de l'huile<\/td>\n<td>60-90 g\/100g<\/td>\n<td>Contr\u00f4le de la brillance longue dur\u00e9e<\/td>\n<\/tr>\n<tr>\n<td>Densit\u00e9 en vrac<\/td>\n<td>0,20-0,40 g\/cm\u00b3<\/td>\n<td>Texture homog\u00e8ne du produit<\/td>\n<\/tr>\n<\/tbody>\n<\/table>\n<p>&nbsp;<\/p>\n<h2><\/h2>\n<h2>Guide d'utilisation<\/h2>\n<ul>\n<li>Dosage :\n<ul>\n<li>1-5% : Am\u00e9lioration de la finition mate<\/li>\n<li>5-10% : Estompement des rides et des pores<\/li>\n<li>Jusqu'\u00e0 20% : Poudres \u00e0 haute performance<\/li>\n<\/ul>\n<\/li>\n<li>Compatibilit\u00e9 : Fonctionne parfaitement avec les silicones, les esters et les filtres UV organiques.<\/li>\n<li>S\u00e9curit\u00e9 : Particules non irritantes et non p\u00e9n\u00e9trantes convenant aux peaux sensibles.<\/li>\n<\/ul>\n<h2><img decoding=\"async\" class=\"aligncenter wp-image-1456 size-full\" src=\"https:\/\/wanda-chemical.com\/wp-content\/uploads\/2023\/07\/8.png\" alt=\"\" width=\"670\" height=\"457\" srcset=\"https:\/\/wanda-chemical.com\/wp-content\/uploads\/2023\/07\/8.png 670w, https:\/\/wanda-chemical.com\/wp-content\/uploads\/2023\/07\/8-300x205.png 300w, https:\/\/wanda-chemical.com\/wp-content\/uploads\/2023\/07\/8-600x409.png 600w\" sizes=\"(max-width: 670px) 100vw, 670px\" \/><\/h2>\n<h2>Ce que disent les clients<\/h2>\n<p><em><i>\"PMSQ a r\u00e9volutionn\u00e9 notre gamme de fonds de teint mats. Le toucher soyeux et l'effet de brouillage des pores ont d\u00e9pass\u00e9 toutes les attentes.\"<\/i><\/em><br \/>\n- Formulateur principal, marque de cosm\u00e9tiques de prestige<\/p>\n<p><em><i>\"Nous avons obtenu des r\u00e9sultats exceptionnels en mati\u00e8re de focalisation douce dans les s\u00e9rums anti-\u00e2ge avec PMSQ. L'assistance technique a \u00e9t\u00e9 remarquable.<\/i><\/em><br \/>\n- Responsable R&amp;D, Boutique Skincare Lab<\/p>\n<p>&nbsp;<\/p>\n<h2><\/h2>\n<h2>Pourquoi choisir notre PMSQ ?<\/h2>\n<ul>\n<li>Haute puret\u00e9 : &gt;99% polym\u00e9thylsilsesquioxane consistance<\/li>\n<li>Chimie responsable : Faible persistance dans l'environnement par rapport aux polym\u00e8res traditionnels<\/li>\n<li>Soutien d'un expert : Tirer parti de notre expertise en mati\u00e8re de silicone et de diffusion de la lumi\u00e8re<\/li>\n<\/ul>\n<p>&nbsp;<\/p>\n<p>&nbsp;<\/p>\n<p>Pr\u00eat \u00e0 innover ?<br \/>\nAm\u00e9liorez votre gamme de produits cosm\u00e9tiques et de soins personnels avec notre poudre de polym\u00e9thylsilsesquioxane de qualit\u00e9 sup\u00e9rieure.<br \/>\n\ud83d\udce9 Contactez-nous d\u00e8s aujourd'hui pour :<\/p>\n<ul>\n<li>\u00c9chantillons gratuits de PMSQ<\/li>\n<li>Conseils en mati\u00e8re de formulation personnalis\u00e9e<\/li>\n<li>Consultations sur les commandes en gros<\/li>\n<\/ul>\n<p>&nbsp;<\/p>","protected":false},"excerpt":{"rendered":"<h2>Pourquoi choisir notre PMSQ ?<\/h2>\n<ul>\n<li>Haute puret\u00e9 : &gt;99% polym\u00e9thylsilsesquioxane consistance<\/li>\n<li>Chimie responsable : Faible persistance dans l'environnement par rapport aux polym\u00e8res traditionnels<\/li>\n<li>Soutien d'un expert : Tirer parti de notre expertise en mati\u00e8re de silicone et de diffusion de la lumi\u00e8re<\/li>\n<\/ul>\n<p>&nbsp;<\/p>\n<p class=\"p1\"><strong>Pour le prix<span class=\"s1\">,<\/span><\/strong>\u00a0veuillez nous contacter<span class=\"s1\">,<\/span>\u00a0Le devis d\u00e9taill\u00e9 de cette poudre de r\u00e9sine de silicone vous sera envoy\u00e9 pour r\u00e9f\u00e9rence.<\/p>\n<p class=\"p1\"><strong>Pour l'\u00e9chantillon<\/strong><span class=\"s1\">,<\/span>\u00a0gratuit fourni<\/p>\n<p class=\"p1\"><strong>MOQ :<\/strong> 120 kg<\/p>\n<p class=\"p1\"><strong>Code H.S :<\/strong>\u00a039100090<\/p>\n<p class=\"p1\"><strong>Terme du commerce :<\/strong>\u00a0EXW\/FOB\/CFR\/CIF sont disponibles.<\/p>","protected":false},"featured_media":1456,"comment_status":"open","ping_status":"closed","template":"","meta":[],"class_list":["post-1600","product","type-product","status-publish","has-post-thumbnail","hentry","product_cat-silicone-resin-powder"],"_links":{"self":[{"href":"https:\/\/wanda-chemical.com\/fr\/wp-json\/wp\/v2\/product\/1600","targetHints":{"allow":["GET"]}}],"collection":[{"href":"https:\/\/wanda-chemical.com\/fr\/wp-json\/wp\/v2\/product"}],"about":[{"href":"https:\/\/wanda-chemical.com\/fr\/wp-json\/wp\/v2\/types\/product"}],"replies":[{"embeddable":true,"href":"https:\/\/wanda-chemical.com\/fr\/wp-json\/wp\/v2\/comments?post=1600"}],"wp:featuredmedia":[{"embeddable":true,"href":"https:\/\/wanda-chemical.com\/fr\/wp-json\/wp\/v2\/media\/1456"}],"wp:attachment":[{"href":"https:\/\/wanda-chemical.com\/fr\/wp-json\/wp\/v2\/media?parent=1600"}],"curies":[{"name":"wp","href":"https:\/\/api.w.org\/{rel}","templated":true}]}}