{"id":147,"date":"2021-03-15T18:10:03","date_gmt":"2021-03-15T10:10:03","guid":{"rendered":"https:\/\/wanda-chemical.com\/?post_type=product&#038;p=147"},"modified":"2023-07-03T14:48:28","modified_gmt":"2023-07-03T06:48:28","slug":"for-cosmetics-application","status":"publish","type":"product","link":"https:\/\/wanda-chemical.com\/fr\/produit\/for-cosmetics-application\/","title":{"rendered":"pour l'application cosm\u00e9tique"},"content":{"rendered":"<p><span style=\"color: #008000;\"><strong><span class=\"text-dst\">Autre nom : <\/span><\/strong><\/span>Poudre de r\u00e9sine de silicone sph\u00e9rique, poudre de r\u00e9sine de silicone microsph\u00e9rique, poudre de r\u00e9sine de silicone, Polymethlsilsesquioxane, poudre PMSQ, Dimethysiloxane<\/p>\n<p>&nbsp;<\/p>\n<div class=\"page\" title=\"Page 1\">\n<div class=\"layoutArea\">\n<div class=\"column\">\n<p><span style=\"color: #008000;\"><strong><span class=\"text-dst\">Application :<\/span><\/strong><\/span><\/p>\n<\/div>\n<\/div>\n<div class=\"section\">\n<div class=\"layoutArea\">\n<div class=\"column\">\n<ul>\n<li>Produits solaires : \u00e9cran solaire, \u00e9mulsion de blocage<\/li>\n<li>Cosm\u00e9tiques de couleur : rouges \u00e0 l\u00e8vres, fonds de teint, ombres \u00e0 paupi\u00e8res, poudre compacte, poudre libre<\/li>\n<li>Produits de soins de la peau : cr\u00e8me de nuit, cr\u00e8me anti-\u00e2ge et anti-rides, BB cream<\/li>\n<li>Soins personnels : lotions de soins corporels<\/li>\n<\/ul>\n<\/div>\n<\/div>\n<\/div>\n<\/div>\n<p>&nbsp;<\/p>\n<p><span style=\"color: #008000;\"><strong><span class=\"text-dst\">Quels sont ses avantages pour les cosm\u00e9tiques ?\u00a0<\/span><\/strong><\/span><\/p>\n<p><span class=\"text-dst\">1.)<\/span>Absorbe l'huile non polaire&amp; facile \u00e0 disperser dans l'eau et l'huile<\/p>\n<p>2.) La structure sph\u00e9rique conf\u00e8re aux produits cosm\u00e9tiques une bonne douceur et un meilleur toucher soyeux, ce qui facilite l'\u00e9talement.<\/p>\n<p>3.) Il peut \u00eatre utilis\u00e9 dans la poudre press\u00e9e pour am\u00e9liorer sa r\u00e9sistance \u00e0 la rupture.<\/p>\n<p>4.) Les propri\u00e9t\u00e9s organiques peuvent am\u00e9liorer l'adh\u00e9rence du produit \u00e0 la peau et \u00e9viter efficacement la perte de maquillage.<\/p>\n<p>5.) La caract\u00e9ristique d'un indice de r\u00e9fraction \u00e9lev\u00e9 provoque la dispersion de la lumi\u00e8re incidente, affaiblit le contraste de la lumi\u00e8re et de l'ombre du visage et produit l'effet de \"flou optique\" ou de \"mise au point douce\".<\/p>\n<p>6.) Combler les rides fines et rendre la peau lisse et lubrifi\u00e9e.<\/p>\n<p>&nbsp;<\/p>\n<p><span style=\"color: #008000;\"><strong><span class=\"text-dst\">Conseils sur la chaleur :<\/span><\/strong><\/span><\/p>\n<p>Le rapport de m\u00e9lange g\u00e9n\u00e9ral de ce type de caoutchouc silicone est de 0,5-0,8%. Les clients peuvent l'ajuster en fonction du mat\u00e9riau de la matrice, de l'utilisation r\u00e9elle, de l'\u00e9paisseur du mat\u00e9riau, du traitement de surface et d'autres besoins.<\/p>","protected":false},"excerpt":{"rendered":"<p>La poudre de r\u00e9sine de silicone peut \u00eatre utilis\u00e9e dans les cosm\u00e9tiques. Elle peut am\u00e9liorer le toucher, la r\u00e9sistance \u00e0 la transpiration et la capacit\u00e9 de masquage des cosm\u00e9tiques tels que les fonds de teint et les produits de soin de la peau.<\/p>\n<p class=\"p1\"><strong>Pour le prix<span class=\"s1\">,<\/span><\/strong>\u00a0veuillez nous contacter<span class=\"s1\">,<\/span> Le devis d\u00e9taill\u00e9 de cette poudre de r\u00e9sine de silicone vous sera envoy\u00e9 pour r\u00e9f\u00e9rence.<\/p>\n<p class=\"p1\"><strong>Pour l'\u00e9chantillon<\/strong><span class=\"s1\">,<\/span>\u00a0gratuit fourni<\/p>\n<p class=\"p1\"><strong>MOQ :<\/strong>\u00a0100 kg<\/p>\n<p class=\"p1\"><strong>Code H.S :<\/strong>\u00a039100090<\/p>\n<p class=\"p1\"><strong>Terme du commerce :<\/strong>\u00a0EXW\/FOB\/CFR\/CIF sont disponibles.<\/p>","protected":false},"featured_media":148,"comment_status":"open","ping_status":"closed","template":"","meta":[],"class_list":["post-147","product","type-product","status-publish","has-post-thumbnail","hentry","product_cat-silicone-resin-powder"],"_links":{"self":[{"href":"https:\/\/wanda-chemical.com\/fr\/wp-json\/wp\/v2\/product\/147","targetHints":{"allow":["GET"]}}],"collection":[{"href":"https:\/\/wanda-chemical.com\/fr\/wp-json\/wp\/v2\/product"}],"about":[{"href":"https:\/\/wanda-chemical.com\/fr\/wp-json\/wp\/v2\/types\/product"}],"replies":[{"embeddable":true,"href":"https:\/\/wanda-chemical.com\/fr\/wp-json\/wp\/v2\/comments?post=147"}],"wp:featuredmedia":[{"embeddable":true,"href":"https:\/\/wanda-chemical.com\/fr\/wp-json\/wp\/v2\/media\/148"}],"wp:attachment":[{"href":"https:\/\/wanda-chemical.com\/fr\/wp-json\/wp\/v2\/media?parent=147"}],"curies":[{"name":"wp","href":"https:\/\/api.w.org\/{rel}","templated":true}]}}