{"id":1424,"date":"2023-06-09T10:03:04","date_gmt":"2023-06-09T02:03:04","guid":{"rendered":"https:\/\/wanda-chemical.com\/?post_type=product&#038;p=1424"},"modified":"2023-06-09T10:04:25","modified_gmt":"2023-06-09T02:04:25","slug":"anti-dripping-additive-pfoa-free-wd-9450","status":"publish","type":"product","link":"https:\/\/wanda-chemical.com\/fr\/produit\/anti-dripping-additive-pfoa-free-wd-9450\/","title":{"rendered":"Additif anti-goutte - Sans PFOA WD-9450"},"content":{"rendered":"<p><strong><b>Application :<\/b><\/strong><\/p>\n<p>Convient aux thermoplastiques, tels que le nylon et le PP, qui doivent r\u00e9pondre \u00e0 la norme UL94 V0.<\/p>\n<p>Emp\u00eache les plastiques de couler lorsqu'ils sont br\u00fbl\u00e9s.<\/p>\n<p>&nbsp;<\/p>\n<p><strong><b>Propri\u00e9t\u00e9s physiques : <\/b><\/strong><\/p>\n<table>\n<tbody>\n<tr>\n<td width=\"170\">\n<p style=\"text-align: center;\"><strong><b>D<\/b><\/strong><strong><b>ata<\/b><\/strong><\/p>\n<\/td>\n<td width=\"224\">\n<p style=\"text-align: center;\"><strong><b>WD-9450<\/b><\/strong><\/p>\n<\/td>\n<\/tr>\n<tr>\n<td width=\"170\">\n<p style=\"text-align: center;\"><strong><b>En vrac<\/b><\/strong>\u00a0<strong><b>densit\u00e9<\/b><\/strong><\/p>\n<\/td>\n<td width=\"224\">\n<p style=\"text-align: center;\"><strong><b>~700<\/b><\/strong><strong><b>g<\/b><\/strong><strong><b>\/<\/b><\/strong><strong><b>L<\/b><\/strong><\/p>\n<\/td>\n<\/tr>\n<tr>\n<td width=\"170\">\n<p style=\"text-align: center;\"><strong><b>A<\/b><\/strong><strong><b>ppearance<\/b><\/strong><\/p>\n<\/td>\n<td width=\"224\">\n<p style=\"text-align: center;\"><strong><b>W<\/b><\/strong><strong><b>h<\/b><\/strong><strong><b>ite<\/b><\/strong>\u00a0<strong><b>poudre<\/b><\/strong><\/p>\n<\/td>\n<\/tr>\n<tr>\n<td width=\"170\">\n<p style=\"text-align: center;\"><strong><b>PTFE<\/b><\/strong>\u00a0<strong><b>contenu<\/b><\/strong><\/p>\n<\/td>\n<td width=\"224\">\n<p style=\"text-align: center;\"><strong><b>\u226599.99%<\/b><\/strong><\/p>\n<\/td>\n<\/tr>\n<\/tbody>\n<\/table>\n<p>&nbsp;<\/p>\n<p><strong><b>Taux de dosage typique :<\/b><\/strong><\/p>\n<table>\n<tbody>\n<tr>\n<td width=\"255\">\n<p style=\"text-align: center;\"><strong><b>M<\/b><\/strong><strong><b>a<\/b><\/strong><strong><b>t\u00e9riel<\/b><\/strong><\/p>\n<\/td>\n<td width=\"253\">\n<p style=\"text-align: center;\"><strong><b>Dos<\/b><\/strong><strong><b>\u00e2ge<\/b><\/strong>\u00a0<strong><b>Ratio<\/b><\/strong><\/p>\n<\/td>\n<\/tr>\n<tr>\n<td width=\"255\">\n<p style=\"text-align: center;\"><strong><b>PC\/ABS<\/b><\/strong><\/p>\n<\/td>\n<td width=\"253\">\n<p style=\"text-align: center;\">0.20% &#8211; 0.30%<\/p>\n<\/td>\n<\/tr>\n<tr>\n<td width=\"255\">\n<p style=\"text-align: center;\"><strong><b>P<\/b><\/strong><strong><b>C<\/b><\/strong><\/p>\n<\/td>\n<td width=\"253\">\n<p style=\"text-align: center;\">0.40% -0.50%<\/p>\n<\/td>\n<\/tr>\n<tr>\n<td width=\"255\">\n<p style=\"text-align: center;\"><strong><b>A<\/b><\/strong><strong><b>BS<\/b><\/strong><\/p>\n<\/td>\n<td width=\"253\">\n<p style=\"text-align: center;\">0.10%- 0.20%<\/p>\n<\/td>\n<\/tr>\n<\/tbody>\n<\/table>\n<p>&nbsp;<\/p>\n<p><strong><b>S<\/b><\/strong><strong><b>h<\/b><\/strong><strong><b>elfe L<\/b><\/strong><strong><b>i<\/b><\/strong><strong><b>fe : <\/b><\/strong><\/p>\n<p>Lorsqu'il est stock\u00e9 \u00e0 une temp\u00e9rature inf\u00e9rieure ou \u00e9gale \u00e0 25\u00b0C dans son emballage d'origine non ouvert, sa dur\u00e9e de conservation est de 3 ans \u00e0 compter de la date de production.<\/p>\n<p>&nbsp;<\/p>\n<p><strong><b>Stockage et pr\u00e9cautions\uff1a<\/b><\/strong><\/p>\n<p>*Il doit \u00eatre conserv\u00e9 dans un endroit propre et sec, dans son emballage d'origine non ouvert.<\/p>\n<p>*Lire attentivement la fiche de s\u00e9curit\u00e9 du produit (MSDS) avant utilisation, qui peut \u00eatre obtenue aupr\u00e8s du fournisseur.<\/p>","protected":false},"excerpt":{"rendered":"<p>L'agent anti-goutte WD-9450 est une poudre de PTFE pur.<\/p>\n<p>Le WD-9450 est conforme aux exigences de la r\u00e9glementation UL 94.<\/p>","protected":false},"featured_media":875,"comment_status":"open","ping_status":"closed","template":"","meta":[],"class_list":["post-1424","product","type-product","status-publish","has-post-thumbnail","hentry","product_cat-antidripping-agent","product_tag-antidripping-agent"],"_links":{"self":[{"href":"https:\/\/wanda-chemical.com\/fr\/wp-json\/wp\/v2\/product\/1424","targetHints":{"allow":["GET"]}}],"collection":[{"href":"https:\/\/wanda-chemical.com\/fr\/wp-json\/wp\/v2\/product"}],"about":[{"href":"https:\/\/wanda-chemical.com\/fr\/wp-json\/wp\/v2\/types\/product"}],"replies":[{"embeddable":true,"href":"https:\/\/wanda-chemical.com\/fr\/wp-json\/wp\/v2\/comments?post=1424"}],"wp:featuredmedia":[{"embeddable":true,"href":"https:\/\/wanda-chemical.com\/fr\/wp-json\/wp\/v2\/media\/875"}],"wp:attachment":[{"href":"https:\/\/wanda-chemical.com\/fr\/wp-json\/wp\/v2\/media?parent=1424"}],"curies":[{"name":"wp","href":"https:\/\/api.w.org\/{rel}","templated":true}]}}