{"id":142,"date":"2021-03-15T16:22:56","date_gmt":"2021-03-15T08:22:56","guid":{"rendered":"https:\/\/wanda-chemical.com\/?post_type=product&#038;p=142"},"modified":"2023-07-03T14:50:06","modified_gmt":"2023-07-03T06:50:06","slug":"for-paint-coating-ink-applications","status":"publish","type":"product","link":"https:\/\/wanda-chemical.com\/fr\/produit\/for-paint-coating-ink-applications\/","title":{"rendered":"pour les applications de peinture, de rev\u00eatement et d'encre"},"content":{"rendered":"<p><span class=\"text-dst\">La poudre de r\u00e9sine de silicone est une sorte de poudre sph\u00e9rique multifonctionnelle de r\u00e9sine de silicone micron, qui est insoluble dans l'eau, ininflammable et pr\u00e9sente une excellente r\u00e9sistance \u00e0 la chaleur. Utilis\u00e9e dans les encres et les rev\u00eatements, elle peut donc am\u00e9liorer la matit\u00e9, la douceur et l'hydrophobie de la surface et conf\u00e9rer \u00e0 la surface du produit une excellente sensation de toucher. <\/span><span class=\"text-dst hl\">Il convient aux rev\u00eatements et aux additifs d'encre pr\u00e9sentant une r\u00e9sistance \u00e9lev\u00e9e \u00e0 la chaleur et aux solvants et peut \u00eatre utilis\u00e9 pour les peintures pour bois de qualit\u00e9 sup\u00e9rieure.<\/span><\/p>\n<div class=\"page\" title=\"Page 1\">\n<div class=\"section\">\n<div class=\"layoutArea\">\n<div class=\"column\">\n<p>Par ailleurs, il peut \u00eatre utilis\u00e9 comme dispersant et additif anti-floculation des pigments, am\u00e9liorer le contr\u00f4le de l'\u00e9lectrification et la fluidit\u00e9 des toners et am\u00e9liorer l'aptitude au traitement de toutes sortes de d\u00e9tergents et de produits \u00e0 base de cire.<\/p>\n<p>L'addition g\u00e9n\u00e9rale est de 0,5-2,0%. Les clients peuvent l'ajuster de mani\u00e8re flexible en fonction du mat\u00e9riau de la matrice, de l'utilisation r\u00e9elle, de l'\u00e9paisseur du mat\u00e9riau, du traitement de surface et d'autres besoins.<\/p>\n<\/div>\n<\/div>\n<\/div>\n<\/div>","protected":false},"excerpt":{"rendered":"<p>La poudre de r\u00e9sine de silicone est utilis\u00e9e dans les peintures, les rev\u00eatements et les encres. Elle peut am\u00e9liorer la dispersibilit\u00e9 des pigments et des poudres dans la formule et am\u00e9liorer efficacement le pouvoir lubrifiant et le toucher des produits.<\/p>\n<p class=\"p1\">Nous pouvons personnaliser l'indice de r\u00e9fraction<span class=\"s1\">,<\/span> brume<span class=\"s1\">,<\/span> selon vos besoins.<\/p>\n<p class=\"p1\"><strong>Pour le prix<span class=\"s1\">,<\/span><\/strong> veuillez nous contacter<span class=\"s1\">,<\/span> Le devis d\u00e9taill\u00e9 de cette poudre de r\u00e9sine de silicone vous sera envoy\u00e9 pour r\u00e9f\u00e9rence.<\/p>\n<p class=\"p1\"><strong>Pour l'\u00e9chantillon<\/strong><span class=\"s1\">,<\/span> gratuit fourni<\/p>\n<p class=\"p1\"><strong>MOQ :<\/strong> 100 kg<\/p>\n<p class=\"p1\"><strong>Code H.S :<\/strong> 39100090<\/p>\n<p class=\"p1\"><strong>Terme du commerce :<\/strong> EXW\/FOB\/CFR\/CIF sont disponibles.<\/p>","protected":false},"featured_media":143,"comment_status":"open","ping_status":"closed","template":"","meta":[],"class_list":["post-142","product","type-product","status-publish","has-post-thumbnail","hentry","product_cat-silicone-resin-powder"],"_links":{"self":[{"href":"https:\/\/wanda-chemical.com\/fr\/wp-json\/wp\/v2\/product\/142","targetHints":{"allow":["GET"]}}],"collection":[{"href":"https:\/\/wanda-chemical.com\/fr\/wp-json\/wp\/v2\/product"}],"about":[{"href":"https:\/\/wanda-chemical.com\/fr\/wp-json\/wp\/v2\/types\/product"}],"replies":[{"embeddable":true,"href":"https:\/\/wanda-chemical.com\/fr\/wp-json\/wp\/v2\/comments?post=142"}],"wp:featuredmedia":[{"embeddable":true,"href":"https:\/\/wanda-chemical.com\/fr\/wp-json\/wp\/v2\/media\/143"}],"wp:attachment":[{"href":"https:\/\/wanda-chemical.com\/fr\/wp-json\/wp\/v2\/media?parent=142"}],"curies":[{"name":"wp","href":"https:\/\/api.w.org\/{rel}","templated":true}]}}