{"id":136,"date":"2021-03-15T15:21:51","date_gmt":"2021-03-15T07:21:51","guid":{"rendered":"https:\/\/wanda-chemical.com\/?post_type=product&#038;p=136"},"modified":"2026-04-09T07:21:40","modified_gmt":"2026-04-08T23:21:40","slug":"for-lda-masterbatch-application","status":"publish","type":"product","link":"https:\/\/wanda-chemical.com\/fr\/produit\/for-lda-masterbatch-application\/","title":{"rendered":"pour l'application des m\u00e9langes-ma\u00eetres LDA"},"content":{"rendered":"<div class=\"textpanel\">\n<div class=\"textpanel-container clearfix\">\n<div class=\"textpanel-target\">\n<div class=\"textpanel-target-textblock\">\n<p><span class=\"text-dst\">La lampe LED est une tendance de d\u00e9veloppement futur, mais la lumi\u00e8re LED est encore tr\u00e8s forte, la lumi\u00e8re est tr\u00e8s \u00e9blouissante. <\/span><span class=\"text-dst\">Comment adoucir la lumi\u00e8re des lampes LED, et la perte d'\u00e9nergie lumineuse est tr\u00e8s faible, c'est le probl\u00e8me qui doit \u00eatre r\u00e9solu par le diffuseur de lumi\u00e8re et le m\u00e9lange ma\u00eetre de diffusion de la lumi\u00e8re.<\/span><\/p>\n<p><span class=\"text-dst\">Les valeurs du PC et du PMMA sont tr\u00e8s transparentes et la perte d'\u00e9nergie lumineuse est tr\u00e8s faible lorsque la lumi\u00e8re passe \u00e0 travers, c'est pourquoi ils sont souvent choisis comme substrats pour les abat-jour et autres mat\u00e9riaux optiques.<\/span><\/p>\n<p><span class=\"text-dst\">L'abat-jour traditionnel consiste \u00e0 ajouter un diffuseur de lumi\u00e8re inorganique au PC et au PMMA, tel que le sulfate de baryum, le dioxyde de silicium, etc. <\/span><span class=\"text-dst\">Lorsque ces nanoparticules inorganiques sont ajout\u00e9es, la lumi\u00e8re est r\u00e9fract\u00e9e \u00e0 travers la surface des minuscules particules pendant de nombreuses fois pour obtenir une diffusion de la lumi\u00e8re, ce qui constitue l'effet de la phosphorescence. <\/span><span class=\"text-dst\">Cependant, comme la lumi\u00e8re ne peut pas traverser ces nanoparticules inorganiques, il y a une grande perte d'\u00e9nergie lumineuse. <\/span><span class=\"text-dst\">En d'autres termes, bien que l'additif inorganique puisse modifier la douceur, il ne peut pas avoir d'effet \u00e9claircissant.<\/span><\/p>\n<p><span class=\"text-dst\">Actuellement, notre agent organique de diffusion de la lumi\u00e8re Wanda peut traverser la lumi\u00e8re elle-m\u00eame, ce qui permet de r\u00e9soudre le probl\u00e8me de la phosphorescence et de la transmission de la lumi\u00e8re. <\/span><span class=\"text-dst\">Ce type de diffuseur de lumi\u00e8re utilise la diff\u00e9rence d'indice de r\u00e9fraction entre le substrat et les billes. En dispersant uniform\u00e9ment les minuscules nanobilles dans la r\u00e9sine, la lumi\u00e8re entrante traverse la sph\u00e8re de billes, se r\u00e9fracte dans le corps vitreux, puis p\u00e9n\u00e8tre, de sorte que la source de lumi\u00e8re ponctuelle devient une source de lumi\u00e8re superficielle, \u00e9largissant ainsi la surface lumineuse et adoucissant la lumi\u00e8re. Enfin, la lumi\u00e8re est r\u00e9fract\u00e9e plusieurs fois pour obtenir un effet de phosphorescence douce.\u00a0<\/span><span class=\"text-dst\">La perle elle-m\u00eame transmet la lumi\u00e8re, de sorte que la perte d'\u00e9nergie lumineuse est tr\u00e8s faible.\u00a0<\/span><span class=\"text-dst\">Par cons\u00e9quent, ce diffuseur de lumi\u00e8re organique peut atteindre l'effet de phosphorescence et de transmission de la lumi\u00e8re.<\/span><\/p>\n<p><span class=\"text-dst hl\">Comme nous le savons, la m\u00e9thode de traitement traditionnelle se limite \u00e0 l'ajout direct d'un diffuseur optique, qui est co\u00fbteux et difficile \u00e0 r\u00e9soudre le probl\u00e8me de la dispersion, ce qui se traduit par une transmission in\u00e9gale de la lumi\u00e8re sur la carte PC.<\/span><\/p>\n<\/div>\n<\/div>\n<\/div>\n<div class=\"textpanel-tool tool-voice\" data-type=\"target\" data-tips=\"\u53d1\u97f3\" data-limit=\"500\"><\/div>\n<div class=\"textpanel-container clearfix\">\n<div class=\"textpanel-target\">\n<div class=\"textpanel-tool tool-copy\" data-tips=\"\u590d\u5236\">C'est pourquoi LDA Masterbatch a vu le jour.<span class=\"text-dst\"> a un excellent effet de dispersion et r\u00e9sout efficacement le probl\u00e8me du nivellement de la lumi\u00e8re. Il est extr\u00eamement efficace pour augmenter la diffusion et la transmission de la lumi\u00e8re.<\/span><\/div>\n<\/div>\n<\/div>\n<\/div>","protected":false},"excerpt":{"rendered":"<p>Le m\u00e9lange ma\u00eetre LDA est un additif de diffusion de la lumi\u00e8re tr\u00e8s efficace pour les LED\/LCD. Il est principalement utilis\u00e9 dans les r\u00e9sines transparentes PC, PVC, PC, PMMA et PET.<\/p>\n<p class=\"p2\">Notre agent de diffusion de la lumi\u00e8re de ce type est le troisi\u00e8me produit le plus utilis\u00e9 dans toutes nos applications.<span class=\"s1\">Nous sommes convaincus que vous serez satisfaits de sa qualit\u00e9.<\/span> une qualit\u00e9 exceptionnelle et un prix attractif.<\/p>\n<p class=\"p2\">Nous pouvons personnaliser l'indice de r\u00e9fraction<span class=\"s1\">,<\/span> brume<span class=\"s1\">,<\/span> selon vos besoins.<\/p>\n<p class=\"p2\"><strong>Pour le prix<span class=\"s1\">,<\/span> <\/strong>veuillez nous contacter<span class=\"s1\">,<\/span> Le devis d\u00e9taill\u00e9 de cet agent de diffusion de la lumi\u00e8re vous sera envoy\u00e9 \u00e0 titre de r\u00e9f\u00e9rence.<\/p>\n<p class=\"p2\"><strong>Pour l'\u00e9chantillon<\/strong><span class=\"s1\">,<\/span> gratuit fourni<\/p>\n<p class=\"p2\"><strong>MOQ :<\/strong> 100 kg<\/p>\n<p class=\"p2\"><strong>Code H.S :<\/strong> 39100090<\/p>\n<p class=\"p2\"><strong>Terme du commerce :<\/strong> EXW\/FOB\/CFR\/CIF sont disponibles.<\/p>","protected":false},"featured_media":137,"comment_status":"open","ping_status":"closed","template":"","meta":[],"class_list":["post-136","product","type-product","status-publish","has-post-thumbnail","hentry","product_cat-light-diffusion-agent"],"_links":{"self":[{"href":"https:\/\/wanda-chemical.com\/fr\/wp-json\/wp\/v2\/product\/136","targetHints":{"allow":["GET"]}}],"collection":[{"href":"https:\/\/wanda-chemical.com\/fr\/wp-json\/wp\/v2\/product"}],"about":[{"href":"https:\/\/wanda-chemical.com\/fr\/wp-json\/wp\/v2\/types\/product"}],"replies":[{"embeddable":true,"href":"https:\/\/wanda-chemical.com\/fr\/wp-json\/wp\/v2\/comments?post=136"}],"wp:featuredmedia":[{"embeddable":true,"href":"https:\/\/wanda-chemical.com\/fr\/wp-json\/wp\/v2\/media\/137"}],"wp:attachment":[{"href":"https:\/\/wanda-chemical.com\/fr\/wp-json\/wp\/v2\/media?parent=136"}],"curies":[{"name":"wp","href":"https:\/\/api.w.org\/{rel}","templated":true}]}}