{"id":130,"date":"2021-03-13T18:21:19","date_gmt":"2021-03-13T10:21:19","guid":{"rendered":"https:\/\/wanda-chemical.com\/?post_type=product&#038;p=130"},"modified":"2026-04-08T02:38:48","modified_gmt":"2026-04-07T18:38:48","slug":"for-pp-ps-pmma-pvc-pc-diffuser-application","status":"publish","type":"product","link":"https:\/\/wanda-chemical.com\/fr\/produit\/for-pp-ps-pmma-pvc-pc-diffuser-application\/","title":{"rendered":"Agent de diffusion de la lumi\u00e8re pour les diffuseurs PP\/PS\/PMMA\/PVC\/PC"},"content":{"rendered":"<p>L'agent de diffusion de la lumi\u00e8re de Wanda peut \u00eatre ajout\u00e9 directement aux diffuseurs en PP, PS, PMMA, PVC et PC. Puisqu'il<span class=\"text-dst hl\"> est une sorte de poudre sph\u00e9rique r\u00e9sistante aux hautes temp\u00e9ratures, d\u00e9velopp\u00e9e par r\u00e9ticulation et greffage de groupes fonctionnels sur la base de m\u00e9thacrylate et de styr\u00e8ne par la technologie de polym\u00e9risation. L'agent de diffusion de la lumi\u00e8re de Wanda pr\u00e9sente diverses propri\u00e9t\u00e9s. Il peut \u00eatre m\u00e9lang\u00e9 \u00e0 des mat\u00e9riaux PP\/PS\/PMMA\/PVC\/PC par moulage par injection ou par extrusion pour obtenir diff\u00e9rents effets de diffusion de la lumi\u00e8re par r\u00e9fraction, et l'effet de diffusion est important. <\/span><span class=\"text-dst\">Divers profils \u00e0 haute transmission lumineuse (90-93%), tels que plaque de diffusion, tube de lampe, abat-jour sph\u00e9rique, etc., qui pr\u00e9sentent un bon \u00e9quilibre entre transmission lumineuse et diffusivit\u00e9, une bonne dispersibilit\u00e9 et une bonne stabilit\u00e9, et notre agent de diffusion lumineuse peut fournir une vari\u00e9t\u00e9 de choix de taille de particules.<\/span><\/p>\n<p><span class=\"text-dst\">En outre, il peut \u00eatre utilis\u00e9 dans les plastiques optiques et les produits industriels et pr\u00e9sente des fonctions optiques sup\u00e9rieures \u00e0 celles des produits concurrents. <\/span><span class=\"text-dst\">Par rapport aux produits fonctionnels identiques d'autres marques, une petite quantit\u00e9 d'utilisation permet d'obtenir le m\u00eame effet et d'\u00e9conomiser des co\u00fbts.<\/span><\/p>","protected":false},"excerpt":{"rendered":"<p class=\"p1\">Application diffuseur PP\/PS\/PMMA\/PVC\/PC L'agent de diffusion de la lumi\u00e8re est notre produit de d\u00e9part dans toutes les applications. <span class=\"text-dst\">La qualit\u00e9 sup\u00e9rieure peut \u00eatre compar\u00e9e \u00e0 celle d'une marque c\u00e9l\u00e8bre comme <\/span>Shinetsu<span class=\"s1\">,<\/span> Samsung<span class=\"s1\">, <\/span><span class=\"text-dst\">et c'est <\/span>une petite quantit\u00e9 d'utilisation permet d'obtenir le m\u00eame effet et d'\u00e9conomiser de l'argent.<\/p>\n<p class=\"p1\">Nous pouvons \u00e9galement personnaliser l'indice de r\u00e9fraction<span class=\"s1\">,<\/span> brume<span class=\"s1\">,<\/span> transmittance, rapport de m\u00e9lange selon vos besoins.<\/p>\n<p class=\"p1\"><strong>Pour le prix<span class=\"s1\">,<\/span><\/strong> veuillez nous contacter<span class=\"s1\">,<\/span> Le devis d\u00e9taill\u00e9 de cet agent de diffusion de la lumi\u00e8re vous sera envoy\u00e9 \u00e0 titre de r\u00e9f\u00e9rence.<\/p>\n<p class=\"p1\"><strong>Pour l'\u00e9chantillon<span class=\"s1\">,<\/span> <\/strong>gratuit fourni<\/p>\n<p class=\"p1\"><strong>MOQ :<\/strong> 100 kg<\/p>\n<p class=\"p1\"><strong>Code H.S :<\/strong> 39100090<\/p>\n<p class=\"p1\"><strong>Terme du commerce :<\/strong> EXW\/FOB\/CFR\/CIF sont disponibles.<\/p>","protected":false},"featured_media":131,"comment_status":"open","ping_status":"closed","template":"","meta":[],"class_list":["post-130","product","type-product","status-publish","has-post-thumbnail","hentry","product_cat-light-diffusion-agent"],"_links":{"self":[{"href":"https:\/\/wanda-chemical.com\/fr\/wp-json\/wp\/v2\/product\/130","targetHints":{"allow":["GET"]}}],"collection":[{"href":"https:\/\/wanda-chemical.com\/fr\/wp-json\/wp\/v2\/product"}],"about":[{"href":"https:\/\/wanda-chemical.com\/fr\/wp-json\/wp\/v2\/types\/product"}],"replies":[{"embeddable":true,"href":"https:\/\/wanda-chemical.com\/fr\/wp-json\/wp\/v2\/comments?post=130"}],"wp:featuredmedia":[{"embeddable":true,"href":"https:\/\/wanda-chemical.com\/fr\/wp-json\/wp\/v2\/media\/131"}],"wp:attachment":[{"href":"https:\/\/wanda-chemical.com\/fr\/wp-json\/wp\/v2\/media?parent=130"}],"curies":[{"name":"wp","href":"https:\/\/api.w.org\/{rel}","templated":true}]}}