{"id":121,"date":"2021-03-06T17:52:15","date_gmt":"2021-03-06T09:52:15","guid":{"rendered":"https:\/\/wanda-chemical.com\/?post_type=product&#038;p=121"},"modified":"2021-06-26T15:12:43","modified_gmt":"2021-06-26T07:12:43","slug":"for-led-lampshadeled-tube-application","status":"publish","type":"product","link":"https:\/\/wanda-chemical.com\/fr\/produit\/for-led-lampshadeled-tube-application\/","title":{"rendered":"pour les applications d'abat-jour et de tube LED"},"content":{"rendered":"<p class=\"p1\">L'une des principales applications des agents de diffusion de la lumi\u00e8re est utilis\u00e9e pour les abat-jour LED, les couvercles LED et les tubes LED. C'est pourquoi il sera de plus en plus utilis\u00e9 dans l'industrie des LED.<span class=\"s1\">?<\/span><\/p>\n<p class=\"p1\">Comme chacun sait, la lumi\u00e8re LED est l'une des m\u00e9thodes d'\u00e9conomie d'\u00e9nergie et de protection de l'environnement.<span class=\"s1\">,<\/span> et c'est aussi l'une des futures tendances de d\u00e9veloppement. L'\u00e9nergie lumineuse des LED est tr\u00e8s forte<span class=\"s1\">,<\/span> mais la lumi\u00e8re est tr\u00e8s dure. comment se fait-il que la lumi\u00e8re devienne plus douce et que la perte de lumi\u00e8re soit faible ?<span class=\"s1\">?<\/span> il doit \u00eatre r\u00e9solu.<\/p>\n<p class=\"p1\"><span style=\"color: #008000;\"><b>Donc<\/b><span class=\"s1\">,<\/span><b> Comment r\u00e9soudre un probl\u00e8me de lumi\u00e8re LED aussi brillant ?<\/b><span class=\"s1\">?<\/span><\/span><\/p>\n<p class=\"p1\">Actuellement, la recherche est partie de l'abat-jour<span class=\"s1\">,<\/span> qui utilise des mat\u00e9riaux microniques remplis de PS<span class=\"s1\">,<\/span> PC, ou PMMA<span class=\"s1\">,<\/span> recouvre la partie sup\u00e9rieure de la lampe LED, ce qui permet de r\u00e9soudre les probl\u00e8mes d'\u00e9blouissement de la lumi\u00e8re LED<span class=\"s1\">,<\/span> dont les billes de microparticules sont simplement appel\u00e9es <span style=\"color: #008000;\"><b>agent de diffusion de la lumi\u00e8re<\/b>.<\/span><\/p>\n<p class=\"p1\">Il s'agit d'une microparticule de r\u00e9sine de silicone organique. <span class=\"s1\">(<\/span>contenant une particule de r\u00e9sine sph\u00e9rique avec un certain nombre de piq\u00fbres \u00e0 la surface<span class=\"s1\">)<\/span> avec une excellente transparence et d'excellentes propri\u00e9t\u00e9s optiques. un film de diffusion de la lumi\u00e8re peut \u00e9quilibrer la diffusivit\u00e9 de la lumi\u00e8re et la transmittance totale m\u00eame lorsque la lumi\u00e8re diffus\u00e9e est observ\u00e9e dans une certaine position. c'est un excellent additif pour am\u00e9liorer les performances des plastiques.<span class=\"s1\">,<\/span> caoutchoucs<span class=\"s1\">,<\/span> Il peut \u00eatre largement utilis\u00e9 dans le r\u00e9tro\u00e9clairage des \u00e9crans LCD.<span class=\"s1\">,<\/span> \u00e9cran de type transmission<span class=\"s1\">,<\/span> appareils d'\u00e9clairage<span class=\"s1\">,<\/span> d\u00e9claration d'\u00e9clairage, etc.<\/p>\n<p><strong><span style=\"color: #008000;\">Quel est l'avantage de l'agent de diffusion de la lumi\u00e8re\/de la poudre de r\u00e9sine de silicone de Wanda ?<\/span><\/strong><\/p>\n<p class=\"gmail-MsoListParagraph\">1.     Qualit\u00e9 et couleur stables<\/p>\n<p class=\"gmail-MsoListParagraph\">2.     Bon \u00e9quilibre entre le voile et la transmission, r\u00e9sistance \u00e0 la chaleur<\/p>\n<p class=\"gmail-MsoListParagraph\">3.     La production annuelle est de 50 000 000 tonnes\/an.<\/p>\n<p class=\"gmail-MsoListParagraph\">4.     Certifi\u00e9 ISO<\/p>\n<p class=\"gmail-MsoListParagraph\">5.     \u00c9chantillon gratuit fourni<\/p>","protected":false},"excerpt":{"rendered":"<p class=\"p1\">Ce type d'agent de diffusion de la lumi\u00e8re est notre meilleur vendeur dans toutes les applications.<span class=\"s1\">,<\/span> Cela signifie qu'il s'agit d'une qualit\u00e9 exceptionnelle et d'un prix attractif.<\/p>\n<p class=\"p1\">Nous pouvons personnaliser l'indice de r\u00e9fraction<span class=\"s1\">,<\/span> brume<span class=\"s1\">,<\/span> selon vos besoins.<\/p>\n<p class=\"p1\">Pour le prix<span class=\"s1\">,<\/span> veuillez nous contacter<span class=\"s1\">,<\/span> Le devis d\u00e9taill\u00e9 de cet agent de diffusion de la lumi\u00e8re vous sera envoy\u00e9 \u00e0 titre de r\u00e9f\u00e9rence.<\/p>\n<p class=\"p1\">Pour l'\u00e9chantillon<span class=\"s1\">,<\/span> gratuit fourni<\/p>\n<p class=\"p1\">MOQ : 100kgs<\/p>\n<p class=\"p1\">Code H.S : 39100090<\/p>\n<p class=\"p1\">Conditions commerciales : EXW\/FOB\/CFR\/CIF sont disponibles.<\/p>","protected":false},"featured_media":123,"comment_status":"open","ping_status":"closed","template":"","meta":[],"class_list":["post-121","product","type-product","status-publish","has-post-thumbnail","hentry","product_cat-light-diffusion-agent"],"_links":{"self":[{"href":"https:\/\/wanda-chemical.com\/fr\/wp-json\/wp\/v2\/product\/121","targetHints":{"allow":["GET"]}}],"collection":[{"href":"https:\/\/wanda-chemical.com\/fr\/wp-json\/wp\/v2\/product"}],"about":[{"href":"https:\/\/wanda-chemical.com\/fr\/wp-json\/wp\/v2\/types\/product"}],"replies":[{"embeddable":true,"href":"https:\/\/wanda-chemical.com\/fr\/wp-json\/wp\/v2\/comments?post=121"}],"wp:featuredmedia":[{"embeddable":true,"href":"https:\/\/wanda-chemical.com\/fr\/wp-json\/wp\/v2\/media\/123"}],"wp:attachment":[{"href":"https:\/\/wanda-chemical.com\/fr\/wp-json\/wp\/v2\/media?parent=121"}],"curies":[{"name":"wp","href":"https:\/\/api.w.org\/{rel}","templated":true}]}}