{"id":1152,"date":"2021-11-20T18:02:25","date_gmt":"2021-11-20T10:02:25","guid":{"rendered":"https:\/\/wanda-chemical.com\/?post_type=product&#038;p=1152"},"modified":"2021-11-20T18:14:54","modified_gmt":"2021-11-20T10:14:54","slug":"silicone-elastomer-gel","status":"publish","type":"product","link":"https:\/\/wanda-chemical.com\/fr\/produit\/silicone-elastomer-gel\/","title":{"rendered":"Gel \u00e9lastom\u00e8re de silicone"},"content":{"rendered":"<div class=\"page\" title=\"Page 1\">\n<div class=\"layoutArea\">\n<div class=\"column\">\n<p><strong><b>A<\/b><\/strong><strong><b>p<\/b><\/strong><strong><b>plication :<\/b><\/strong><\/p>\n<\/div>\n<ul>\n<li>Eau dans l'huile<\/li>\n<li>Formulations de silicones en phase aqueuse<\/li>\n<li>Les fluides silicones dans les soins de la peau<\/li>\n<li>Cosm\u00e9tique couleur, soins capillaires<\/li>\n<li>Antitranspirants et d\u00e9odorants<\/li>\n<\/ul>\n<\/div>\n<p>&nbsp;<\/p>\n<p><strong><b>F<\/b><\/strong><strong><b>e<\/b><\/strong><strong><b>atures :<\/b><\/strong><\/p>\n<p>\u2460 Elastom\u00e8re de silicone r\u00e9ticul\u00e9 de haut poids mol\u00e9culaire en cyclopentasiloxane.<\/p>\n<p>\u2461 Peut absorber le s\u00e9bum pour am\u00e9liorer l'effet matifiant<\/p>\n<p>\u2462 Agit comme \u00e9paississant pour les formulations eau dans l'huile et eau dans le silicone et les fluides silicones<\/p>\n<p>\u2463 R\u00e9duire l'adh\u00e9sivit\u00e9 de la formulation<\/p>\n<p>\u2464 Masque les rides et ridules gr\u00e2ce aux petites particules d'\u00e9lastom\u00e8re de silicone et \u00e0 l'excellente capacit\u00e9 d'\u00e9talement.<\/p>\n<p>\u2465 Facilit\u00e9 de formulation par proc\u00e9d\u00e9 \u00e0 froid et bonne compatibilit\u00e9 organique<\/p>\n<p>\u2466 Procure une sensation de l\u00e9g\u00e8ret\u00e9, de poudre soyeuse et de non-gras sur la peau.<\/p>\n<p>\u2467 Peut \u00eatre personnalis\u00e9 en fonction des besoins du client en ce qui concerne le toucher de la peau.<\/p>\n<\/div>\n<p>&nbsp;<\/p>\n<div class=\"page\" title=\"Page 1\">\n<p><strong><b>H<\/b><\/strong><strong><b>o<\/b><\/strong><strong><b>w \u00e0 utiliser<\/b><\/strong><strong><b>: <\/b><\/strong><\/p>\n<p><strong><b>\u00a0<\/b><\/strong>\u2776Disperser la phase huileuse dans le m\u00e9lange d'\u00e9lastom\u00e8res silicones WD-1040 par simple m\u00e9lange. Il n'est pas n\u00e9cessaire de proc\u00e9der \u00e0 un post-cisaillement. Il peut \u00eatre ajout\u00e9 \u00e0 la phase huileuse ou \u00e0 la phase silicone dans une formulation en \u00e9mulsion. Il est recommand\u00e9 d'homog\u00e9n\u00e9iser soigneusement la phase huileuse avant l'\u00e9mulsification ou d'ajouter lentement la phase huileuse ou silicon\u00e9e d'une \u00e9mulsion \u00e0 l'\u00e9lastom\u00e8re.<\/p>\n<p>&nbsp;<\/p>\n<p>\u2777Pour faciliter son utilisation, sa viscosit\u00e9 peut \u00eatre r\u00e9duite en la m\u00e9langeant avec de la dim\u00e9thicone, de la cyclom\u00e9thicone, de l'huile de ph\u00e9nyl-silicone, des esters d'acides gras, des hydrocarbures, etc.<\/p>\n<p>&nbsp;<\/p>\n<p>\u2778La formulation peut \u00eatre \u00e9paissie par un proc\u00e9d\u00e9 \u00e0 froid, et cette op\u00e9ration doit \u00eatre effectu\u00e9e \u00e0 une temp\u00e9rature inf\u00e9rieure \u00e0 60\u00b0C.<\/p>\n<p>Le levier d'utilisation typique du WD-1040 est de 1% \u00e0 20% (w\/w), ou d\u00e9pend de la formulation finale.<\/p>\n<p>&nbsp;<\/p>\n<\/div>","protected":false},"excerpt":{"rendered":"<p>Le gel d'\u00e9lastom\u00e8re de silicone est un m\u00e9lange d'\u00e9lastom\u00e8re de silicone r\u00e9ticul\u00e9 de haut poids mol\u00e9culaire et de cyclopentasiloxane. Il se caract\u00e9rise par de petites particules sph\u00e9riques d'\u00e9lastom\u00e8re de silicone, un gonflement \u00e9lev\u00e9 et une bonne capacit\u00e9 d'\u00e9talement. Il offre un toucher l\u00e9ger, soyeux et poudr\u00e9, non gras, et aide \u00e0 masquer les rides et ridules. Il a la capacit\u00e9 d'augmenter la viscosit\u00e9 de la phase huileuse de la formulation et d'am\u00e9liorer l'esth\u00e9tique de votre formulation.<\/p>","protected":false},"featured_media":1153,"comment_status":"open","ping_status":"closed","template":"","meta":[],"class_list":["post-1152","product","type-product","status-publish","has-post-thumbnail","hentry","product_cat-silicone-elastomer-gel"],"_links":{"self":[{"href":"https:\/\/wanda-chemical.com\/fr\/wp-json\/wp\/v2\/product\/1152","targetHints":{"allow":["GET"]}}],"collection":[{"href":"https:\/\/wanda-chemical.com\/fr\/wp-json\/wp\/v2\/product"}],"about":[{"href":"https:\/\/wanda-chemical.com\/fr\/wp-json\/wp\/v2\/types\/product"}],"replies":[{"embeddable":true,"href":"https:\/\/wanda-chemical.com\/fr\/wp-json\/wp\/v2\/comments?post=1152"}],"wp:featuredmedia":[{"embeddable":true,"href":"https:\/\/wanda-chemical.com\/fr\/wp-json\/wp\/v2\/media\/1153"}],"wp:attachment":[{"href":"https:\/\/wanda-chemical.com\/fr\/wp-json\/wp\/v2\/media?parent=1152"}],"curies":[{"name":"wp","href":"https:\/\/api.w.org\/{rel}","templated":true}]}}