{"id":1104,"date":"2021-09-02T11:46:07","date_gmt":"2021-09-02T03:46:07","guid":{"rendered":"https:\/\/wanda-chemical.com\/?post_type=product&#038;p=1104"},"modified":"2023-06-09T10:02:51","modified_gmt":"2023-06-09T02:02:51","slug":"anti-dripping-agent","status":"publish","type":"product","link":"https:\/\/wanda-chemical.com\/fr\/produit\/anti-dripping-agent\/","title":{"rendered":"Agent anti-goutte WD-9500N"},"content":{"rendered":"<p><strong><b>Application :<\/b><\/strong><\/p>\n<p>Convient aux thermoplastiques, tels que le PC, l'ABS, le PC\/ABS ou les alliages plastiques qui doivent r\u00e9pondre \u00e0 la norme UL94 V0. Emp\u00eache les plastiques de couler lorsqu'ils sont br\u00fbl\u00e9s.<\/p>\n<p>&nbsp;<\/p>\n<p><strong><b>Propri\u00e9t\u00e9s physiques : <\/b><\/strong><\/p>\n<table>\n<tbody>\n<tr>\n<td width=\"170\">\n<p style=\"text-align: center;\"><strong><b>D<\/b><\/strong><strong><b>ata<\/b><\/strong><\/p>\n<\/td>\n<td width=\"224\">\n<p style=\"text-align: center;\"><strong><b>WD-<\/b><\/strong><strong><b>9<\/b><\/strong><strong><b>500<\/b><\/strong><strong><b>N<\/b><\/strong><\/p>\n<\/td>\n<\/tr>\n<tr>\n<td width=\"170\">\n<p style=\"text-align: center;\"><strong><b>En vrac<\/b><\/strong>\u00a0<strong><b>densit\u00e9<\/b><\/strong><\/p>\n<\/td>\n<td width=\"224\">\n<p style=\"text-align: center;\"><strong><b>~<\/b><\/strong><strong><b>350<\/b><\/strong><strong><b>g<\/b><\/strong><strong><b>\/<\/b><\/strong><strong><b>L<\/b><\/strong><\/p>\n<\/td>\n<\/tr>\n<tr>\n<td width=\"170\">\n<p style=\"text-align: center;\"><strong><b>A<\/b><\/strong><strong><b>ppearance<\/b><\/strong><\/p>\n<\/td>\n<td width=\"224\">\n<p style=\"text-align: center;\"><strong><b>W<\/b><\/strong><strong><b>h<\/b><\/strong><strong><b>ite<\/b><\/strong>\u00a0<strong><b>poudre<\/b><\/strong><\/p>\n<\/td>\n<\/tr>\n<tr>\n<td width=\"170\">\n<p style=\"text-align: center;\"><strong><b>PTFE<\/b><\/strong>\u00a0<strong><b>contenu<\/b><\/strong><\/p>\n<\/td>\n<td width=\"224\">\n<p style=\"text-align: center;\"><strong><b>50%<\/b><\/strong><\/p>\n<\/td>\n<\/tr>\n<\/tbody>\n<\/table>\n<p>&nbsp;<\/p>\n<p><strong><b>Taux de dosage typique :<\/b><\/strong><\/p>\n<table>\n<tbody>\n<tr>\n<td width=\"255\">\n<p style=\"text-align: center;\"><strong><b>M<\/b><\/strong><strong><b>a<\/b><\/strong><strong><b>t\u00e9riel<\/b><\/strong><\/p>\n<\/td>\n<td width=\"253\">\n<p style=\"text-align: center;\"><strong><b>Dos<\/b><\/strong><strong><b>\u00e2ge<\/b><\/strong>\u00a0<strong><b>Ratio<\/b><\/strong><\/p>\n<\/td>\n<\/tr>\n<tr>\n<td width=\"255\">\n<p style=\"text-align: center;\"><strong><b>PC\/ABS<\/b><\/strong><\/p>\n<\/td>\n<td width=\"253\">\n<p style=\"text-align: center;\">0.20% &#8211; 0.30%<\/p>\n<\/td>\n<\/tr>\n<tr>\n<td width=\"255\">\n<p style=\"text-align: center;\"><strong><b>P<\/b><\/strong><strong><b>C<\/b><\/strong><\/p>\n<\/td>\n<td width=\"253\">\n<p style=\"text-align: center;\">0.40% -0.50%<\/p>\n<\/td>\n<\/tr>\n<tr>\n<td width=\"255\">\n<p style=\"text-align: center;\"><strong><b>A<\/b><\/strong><strong><b>BS<\/b><\/strong><\/p>\n<\/td>\n<td width=\"253\">\n<p style=\"text-align: center;\">0.10%- 0.20%<\/p>\n<\/td>\n<\/tr>\n<\/tbody>\n<\/table>\n<p>&nbsp;<\/p>\n<p><strong><b>S<\/b><\/strong><strong><b>h<\/b><\/strong><strong><b>elfe L<\/b><\/strong><strong><b>i<\/b><\/strong><strong><b>fe : <\/b><\/strong><\/p>\n<p>Lorsqu'il est stock\u00e9 \u00e0 une temp\u00e9rature inf\u00e9rieure ou \u00e9gale \u00e0 25\u00b0C dans son emballage d'origine non ouvert, sa dur\u00e9e de conservation est de 3 ans \u00e0 compter de la date de production.<\/p>\n<p>&nbsp;<\/p>\n<p><strong><b>Stockage et pr\u00e9cautions\uff1a<\/b><\/strong><\/p>\n<p>* Il doit \u00eatre conserv\u00e9 dans un endroit propre et sec, dans son emballage d'origine non ouvert.<\/p>","protected":false},"excerpt":{"rendered":"<p>Le WD-9500N a \u00e9t\u00e9 d\u00e9velopp\u00e9 en tant qu'additif anti-goutte pour le plastique, compos\u00e9 d'une poudre de PTFE de poids mol\u00e9culaire \u00e9lev\u00e9.<\/p>\n<p>Peut augmenter la viscosit\u00e9 de la mati\u00e8re fondue en raison du PTFE \u00e0 haut poids mol\u00e9culaire qui se fibrise sous l'effet de la pression sur les particules.            G\u00e9n\u00e9ralement utilis\u00e9 en combinaison avec un retardateur de flamme.<\/p>\n<p>Le WD-9500N est conforme aux exigences de la r\u00e9glementation UL 94.<\/p>","protected":false},"featured_media":875,"comment_status":"open","ping_status":"closed","template":"","meta":[],"class_list":["post-1104","product","type-product","status-publish","has-post-thumbnail","hentry","product_cat-antidripping-agent","product_tag-antidripping-agent"],"_links":{"self":[{"href":"https:\/\/wanda-chemical.com\/fr\/wp-json\/wp\/v2\/product\/1104","targetHints":{"allow":["GET"]}}],"collection":[{"href":"https:\/\/wanda-chemical.com\/fr\/wp-json\/wp\/v2\/product"}],"about":[{"href":"https:\/\/wanda-chemical.com\/fr\/wp-json\/wp\/v2\/types\/product"}],"replies":[{"embeddable":true,"href":"https:\/\/wanda-chemical.com\/fr\/wp-json\/wp\/v2\/comments?post=1104"}],"wp:featuredmedia":[{"embeddable":true,"href":"https:\/\/wanda-chemical.com\/fr\/wp-json\/wp\/v2\/media\/875"}],"wp:attachment":[{"href":"https:\/\/wanda-chemical.com\/fr\/wp-json\/wp\/v2\/media?parent=1104"}],"curies":[{"name":"wp","href":"https:\/\/api.w.org\/{rel}","templated":true}]}}