{"id":869,"date":"2021-06-23T14:46:10","date_gmt":"2021-06-23T06:46:10","guid":{"rendered":"https:\/\/wanda-chemical.com\/?post_type=product&#038;p=869"},"modified":"2025-05-21T14:48:17","modified_gmt":"2025-05-21T06:48:17","slug":"for-lubricants","status":"publish","type":"product","link":"https:\/\/wanda-chemical.com\/es\/producto\/for-lubricants\/","title":{"rendered":"para grasas y lubricantes"},"content":{"rendered":"<p data-v-2520dd35=\"\" data-caiyun-traget-id=\"'+i+'\"><strong>Ficha de datos\uff1a<\/strong><\/p>\n<p data-v-2520dd35=\"\" data-caiyun-traget-id=\"'+i+'\"><img fetchpriority=\"high\" decoding=\"async\" class=\"alignnone wp-image-1414 size-large\" src=\"https:\/\/wanda-chemical.com\/wp-content\/uploads\/2021\/06\/ptfe3-1024x249.png\" alt=\"\" width=\"800\" height=\"195\" srcset=\"https:\/\/wanda-chemical.com\/wp-content\/uploads\/2021\/06\/ptfe3-1024x249.png 1024w, https:\/\/wanda-chemical.com\/wp-content\/uploads\/2021\/06\/ptfe3-300x73.png 300w, https:\/\/wanda-chemical.com\/wp-content\/uploads\/2021\/06\/ptfe3-768x187.png 768w, https:\/\/wanda-chemical.com\/wp-content\/uploads\/2021\/06\/ptfe3-600x146.png 600w, https:\/\/wanda-chemical.com\/wp-content\/uploads\/2021\/06\/ptfe3.png 1474w\" sizes=\"(max-width: 800px) 100vw, 800px\" \/><\/p>\n<p><strong>Almacenamiento y precauciones\uff1a <\/strong><\/p>\n<ul>\n<li>Debe conservarse en un lugar limpio y seco, en su envase original sin abrir.<\/li>\n<li>Lea atentamente la ficha de datos de seguridad del producto (MSDS) antes de utilizarlo, que puede solicitar al proveedor.<\/li>\n<\/ul>","protected":false},"excerpt":{"rendered":"<p>La adici\u00f3n de polvo de PTFE a los lubricantes y grasas permite formular sistemas lubricantes que se utilizan respectivamente con poca carga a bajas revoluciones, con carga media a revoluciones medias y con carga pesada a altas revoluciones. Para mejorar el rendimiento de lubricaci\u00f3n a alta presi\u00f3n, y tambi\u00e9n para aumentar la viscosidad de los aceites base.<\/p>\n<p>Para la muestra, gratuita<\/p>\n<p>MOQ: 100kgs<\/p>","protected":false},"featured_media":1411,"comment_status":"open","ping_status":"closed","template":"","meta":[],"class_list":["post-869","product","type-product","status-publish","has-post-thumbnail","hentry","product_cat-ptfe-micro-powders"],"_links":{"self":[{"href":"https:\/\/wanda-chemical.com\/es\/wp-json\/wp\/v2\/product\/869","targetHints":{"allow":["GET"]}}],"collection":[{"href":"https:\/\/wanda-chemical.com\/es\/wp-json\/wp\/v2\/product"}],"about":[{"href":"https:\/\/wanda-chemical.com\/es\/wp-json\/wp\/v2\/types\/product"}],"replies":[{"embeddable":true,"href":"https:\/\/wanda-chemical.com\/es\/wp-json\/wp\/v2\/comments?post=869"}],"wp:featuredmedia":[{"embeddable":true,"href":"https:\/\/wanda-chemical.com\/es\/wp-json\/wp\/v2\/media\/1411"}],"wp:attachment":[{"href":"https:\/\/wanda-chemical.com\/es\/wp-json\/wp\/v2\/media?parent=869"}],"curies":[{"name":"wp","href":"https:\/\/api.w.org\/{rel}","templated":true}]}}