{"id":861,"date":"2021-06-22T18:10:08","date_gmt":"2021-06-22T10:10:08","guid":{"rendered":"https:\/\/wanda-chemical.com\/?post_type=product&#038;p=861"},"modified":"2021-07-01T14:54:32","modified_gmt":"2021-07-01T06:54:32","slug":"for-printing-inks","status":"publish","type":"product","link":"https:\/\/wanda-chemical.com\/es\/producto\/for-printing-inks\/","title":{"rendered":"para tintas de impresi\u00f3n"},"content":{"rendered":"<p><strong>Ficha de datos\uff1a<\/strong><\/p>\n<p><img fetchpriority=\"high\" decoding=\"async\" class=\"alignnone size-full wp-image-970\" src=\"https:\/\/wanda-chemical.com\/wp-content\/uploads\/2021\/06\/product2.png\" alt=\"\" width=\"942\" height=\"283\" srcset=\"https:\/\/wanda-chemical.com\/wp-content\/uploads\/2021\/06\/product2.png 942w, https:\/\/wanda-chemical.com\/wp-content\/uploads\/2021\/06\/product2-300x90.png 300w, https:\/\/wanda-chemical.com\/wp-content\/uploads\/2021\/06\/product2-768x231.png 768w, https:\/\/wanda-chemical.com\/wp-content\/uploads\/2021\/06\/product2-600x180.png 600w\" sizes=\"(max-width: 942px) 100vw, 942px\" \/><\/p>\n<p>&nbsp;<\/p>\n<p><strong>Almacenamiento y precauciones\uff1a <\/strong><\/p>\n<ul>\n<li>Debe conservarse en un lugar limpio y seco, en su envase original sin abrir.<\/li>\n<li>Lea atentamente la ficha de datos de seguridad del producto (MSDS) antes de utilizarlo, que puede solicitar al proveedor.<\/li>\n<\/ul>","protected":false},"excerpt":{"rendered":"<p>Los micropolvos de PTFE son un aditivo y modificador ideal para varios tipos de tintas de impresi\u00f3n que consiguen antiadherencia, menos abrasi\u00f3n, mejor definici\u00f3n y brillo de las impresiones, durabilidad frente a la decoloraci\u00f3n, buena impermeabilidad y resistencia al apolillado, etc. Su aplicaci\u00f3n en tintas para hectograf\u00eda\/grabado mejora el deslizamiento, la suavidad de la superficie, el brillo y la resistencia a la abrasi\u00f3n, lo que facilita la impresi\u00f3n a alta velocidad.<\/p>\n<p>Para la muestra, gratuita<\/p>\n<p>MOQ: 100kgs<\/p>","protected":false},"featured_media":860,"comment_status":"open","ping_status":"closed","template":"","meta":[],"class_list":["post-861","product","type-product","status-publish","has-post-thumbnail","hentry","product_cat-ptfe-micro-powders"],"_links":{"self":[{"href":"https:\/\/wanda-chemical.com\/es\/wp-json\/wp\/v2\/product\/861","targetHints":{"allow":["GET"]}}],"collection":[{"href":"https:\/\/wanda-chemical.com\/es\/wp-json\/wp\/v2\/product"}],"about":[{"href":"https:\/\/wanda-chemical.com\/es\/wp-json\/wp\/v2\/types\/product"}],"replies":[{"embeddable":true,"href":"https:\/\/wanda-chemical.com\/es\/wp-json\/wp\/v2\/comments?post=861"}],"wp:featuredmedia":[{"embeddable":true,"href":"https:\/\/wanda-chemical.com\/es\/wp-json\/wp\/v2\/media\/860"}],"wp:attachment":[{"href":"https:\/\/wanda-chemical.com\/es\/wp-json\/wp\/v2\/media?parent=861"}],"curies":[{"name":"wp","href":"https:\/\/api.w.org\/{rel}","templated":true}]}}