{"id":838,"date":"2021-06-19T18:03:55","date_gmt":"2021-06-19T10:03:55","guid":{"rendered":"https:\/\/wanda-chemical.com\/?post_type=product&#038;p=838"},"modified":"2025-03-18T16:30:07","modified_gmt":"2025-03-18T08:30:07","slug":"for-engineering-plastics","status":"publish","type":"product","link":"https:\/\/wanda-chemical.com\/es\/producto\/for-engineering-plastics\/","title":{"rendered":"Micropolvos de PTFE para pl\u00e1sticos t\u00e9cnicos"},"content":{"rendered":"<p><strong>Ficha de datos\uff1a<\/strong><\/p>\n<p><img fetchpriority=\"high\" decoding=\"async\" class=\"wp-image-1413 size-large alignnone\" src=\"https:\/\/wanda-chemical.com\/wp-content\/uploads\/2021\/06\/PTFE1-1024x360.png\" alt=\"\" width=\"800\" height=\"281\" srcset=\"https:\/\/wanda-chemical.com\/wp-content\/uploads\/2021\/06\/PTFE1-1024x360.png 1024w, https:\/\/wanda-chemical.com\/wp-content\/uploads\/2021\/06\/PTFE1-300x105.png 300w, https:\/\/wanda-chemical.com\/wp-content\/uploads\/2021\/06\/PTFE1-768x270.png 768w, https:\/\/wanda-chemical.com\/wp-content\/uploads\/2021\/06\/PTFE1-600x211.png 600w, https:\/\/wanda-chemical.com\/wp-content\/uploads\/2021\/06\/PTFE1.png 1310w\" sizes=\"(max-width: 800px) 100vw, 800px\" \/><\/p>\n<p><strong>Almacenamiento y precauciones\uff1a <\/strong><\/p>\n<ul>\n<li>Debe conservarse en un lugar limpio y seco, en su envase original sin abrir.<\/li>\n<li>Lea atentamente la ficha de datos de seguridad del producto (MSDS) antes de utilizarlo, que puede solicitar al proveedor.<\/li>\n<\/ul>","protected":false},"excerpt":{"rendered":"<p>Los micropolvos de PTFE pueden a\u00f1adirse al policarbonato y la poliamida, as\u00ed como a otros pl\u00e1sticos, para mejorar el desgaste y reducir el coeficiente de fricci\u00f3n.<\/p>\n<p>Para la muestra, gratuita<\/p>\n<p>MOQ: 100kgs<\/p>","protected":false},"featured_media":846,"comment_status":"open","ping_status":"closed","template":"","meta":[],"class_list":["post-838","product","type-product","status-publish","has-post-thumbnail","hentry","product_cat-ptfe-micro-powders"],"_links":{"self":[{"href":"https:\/\/wanda-chemical.com\/es\/wp-json\/wp\/v2\/product\/838","targetHints":{"allow":["GET"]}}],"collection":[{"href":"https:\/\/wanda-chemical.com\/es\/wp-json\/wp\/v2\/product"}],"about":[{"href":"https:\/\/wanda-chemical.com\/es\/wp-json\/wp\/v2\/types\/product"}],"replies":[{"embeddable":true,"href":"https:\/\/wanda-chemical.com\/es\/wp-json\/wp\/v2\/comments?post=838"}],"wp:featuredmedia":[{"embeddable":true,"href":"https:\/\/wanda-chemical.com\/es\/wp-json\/wp\/v2\/media\/846"}],"wp:attachment":[{"href":"https:\/\/wanda-chemical.com\/es\/wp-json\/wp\/v2\/media?parent=838"}],"curies":[{"name":"wp","href":"https:\/\/api.w.org\/{rel}","templated":true}]}}