{"id":78,"date":"2021-03-06T15:55:43","date_gmt":"2021-03-06T07:55:43","guid":{"rendered":"https:\/\/wanda-chemical.com\/?post_type=product&#038;p=78"},"modified":"2026-03-09T18:13:31","modified_gmt":"2026-03-09T10:13:31","slug":"light-diffusion-agent","status":"publish","type":"product","link":"https:\/\/wanda-chemical.com\/es\/producto\/light-diffusion-agent\/","title":{"rendered":"Agente de difusi\u00f3n de la luz"},"content":{"rendered":"<p>En el mercado mundial de agentes difusores de luz, Shin-Etsu, Samsung y Dow Corning son conocidas por su calidad excepcional, aunque a un precio elevado. Ahora presentamos una alternativa innovadora: <b>Agente difusor de luz de Wanda<\/b>. Este producto ofrece un valor inigualable, combinando calidad superior y rentabilidad.<\/p>\n<p>Si existe un producto de coste elevado, que no s\u00f3lo sea rentable, sino tambi\u00e9n de calidad superior...<\/p>\n<p>S\u00ed, el agente difusor de luz de Wanda puede ayudarle. Como principal y mayor fabricante de agentes difusores de luz de China, Wanda cuenta con m\u00e1s de 30 a\u00f1os de experiencia. Hist\u00f3ricamente nos hemos centrado en el mercado nacional, estableciendo s\u00f3lidas alianzas con empresas de renombre como Pak, NVC y Midea. Con unos vol\u00famenes de exportaci\u00f3n cada vez mayores en todo el mundo, estamos seguros de que el agente difusor de luz de Wanda superar\u00e1 sus expectativas.<\/p>\n<p>A continuaci\u00f3n encontrar\u00e1 una introducci\u00f3n detallada.<\/p>\n<p>&nbsp;<\/p>\n<p><strong>Descripci\u00f3n del producto:<\/strong><\/p>\n<p>El agente difusor de luz de Wanda es un polvo fino de silicona blanca. Cuando se dispersa homog\u00e9neamente en una matriz de resina, forma innumerables esferas de vidrio diminutas y transparentes. Estas esferas aprovechan la diferencia de \u00edndice de refracci\u00f3n con el sustrato para refractar y alterar eficazmente las trayectorias de la luz, logrando una difusi\u00f3n uniforme de la luz y una excelente transmisi\u00f3n de la luz. Al mismo tiempo, satisface con precisi\u00f3n sus estrictos requisitos tanto de difuminaci\u00f3n como de transmisi\u00f3n.<\/p>\n<p>&nbsp;<\/p>\n<p><strong>Aplicaci\u00f3n:\u00a0<\/strong><\/p>\n<ul>\n<li><b>Iluminaci\u00f3n LED:<\/b> Pantallas para l\u00e1mparas LED, cubiertas para l\u00e1mparas LED, placas difusoras de luz<\/li>\n<li><b>Tecnolog\u00eda de visualizaci\u00f3n:<\/b> L\u00e1minas difusoras LCD, pantallas de TV, celos\u00edas de tubos digitales<\/li>\n<li><b>Se\u00f1alizaci\u00f3n publicitaria:<\/b> Cajas de luz publicitarias, vallas publicitarias, personajes luminosos<\/li>\n<li><b>Productos de pl\u00e1stico:<\/b> PC, PMMA, PS, ABS, PVC y otros materiales<\/li>\n<li><b>Otras aplicaciones:<\/b> Frascos de cosm\u00e9ticos, masterbatches, aditivos para pinturas o tintas, antiara\u00f1azos y agentes mateantes para pl\u00e1sticos.<\/li>\n<\/ul>\n<p>&nbsp;<\/p>\n<p><strong>Caracter\u00edsticas:<\/strong><\/p>\n<ul>\n<li><b>Excelentes propiedades de difusi\u00f3n de la luz:<\/b> Garantiza una distribuci\u00f3n uniforme de la luz y elimina el deslumbramiento.<\/li>\n<li><b>Alta resistencia al impacto:<\/b> Aumenta la durabilidad del material.<\/li>\n<li><b>Equilibrio \u00f3ptimo de neblina y transmitancia:<\/b> Consigue una difusi\u00f3n eficaz manteniendo una elevada transparencia luminosa.<\/li>\n<li><b>Resistencia superior a altas temperaturas:<\/b> Adecuado para diversos entornos operativos exigentes.<\/li>\n<li><b>Calidad de color estable:<\/b> Garantiza un aspecto uniforme a largo plazo.<\/li>\n<li><b>Conforme a la FDA:<\/b> Puede utilizarse en materiales de envasado de pel\u00edcula de poli\u00e9ster, mejorando sus prestaciones antiadherentes.<\/li>\n<\/ul>\n<p>&nbsp;<\/p>\n<p><strong>El m\u00e1s vendido en comparaci\u00f3n con marcas famosas:<\/strong><\/p>\n<p><img fetchpriority=\"high\" decoding=\"async\" class=\"alignnone wp-image-81 size-full\" src=\"https:\/\/wanda-chemical.com\/wp-content\/uploads\/2021\/03\/\u548c\u4e09\u661f\u4fe1\u8d8a\u5bf9\u6bd4.png\" alt=\"\" width=\"664\" height=\"240\" srcset=\"https:\/\/wanda-chemical.com\/wp-content\/uploads\/2021\/03\/\u548c\u4e09\u661f\u4fe1\u8d8a\u5bf9\u6bd4.png 664w, https:\/\/wanda-chemical.com\/wp-content\/uploads\/2021\/03\/\u548c\u4e09\u661f\u4fe1\u8d8a\u5bf9\u6bd4-300x108.png 300w, https:\/\/wanda-chemical.com\/wp-content\/uploads\/2021\/03\/\u548c\u4e09\u661f\u4fe1\u8d8a\u5bf9\u6bd4-600x217.png 600w\" sizes=\"(max-width: 664px) 100vw, 664px\" \/><\/p>\n<p>&nbsp;<\/p>\n<p><b>La ventaja de Wanda: superar a las marcas de renombre\u3011<\/b> El agente difusor de luz de Wanda rivaliza e incluso supera a marcas internacionales de renombre tanto en calidad como en rentabilidad. Estamos especialmente orgullosos del \"acabado impecable\" que ofrece nuestro producto.<\/p>\n<p>&nbsp;<\/p>\n<hr \/>\n<p><b>Experim\u00e9ntelo ahora:<\/b><\/p>\n<p>Comprendemos su doble b\u00fasqueda de la calidad del producto y la rentabilidad. Si est\u00e1 interesado en el agente difusor de luz de Wanda, no dude en ponerse en contacto con nosotros para obtener precios detallados y solicitar una muestra gratuita para probarla. Creemos que Wanda ser\u00e1 su soluci\u00f3n ideal para la difusi\u00f3n de la luz.<\/p>","protected":false},"excerpt":{"rendered":"<p>El agente de difusi\u00f3n de luz, tambi\u00e9n llamado aditivo de difusi\u00f3n de luz en polvo de resina de silicona y base de silicona, se utiliza principalmente para PC, PMMA, PS, ABS, PVC, pantallas LED, cubiertas de luces LED, placas de difusi\u00f3n de luz, pel\u00edculas difusoras de luz, LCD, l\u00e1minas difusoras, pantallas de TV, celos\u00edas de tubos digitales, paneles y cajas de luz publicitarias, caracteres emisores de luz, botellas de cosm\u00e9ticos, masterbatches, aditivos para pinturas o tintas, agentes antiara\u00f1azos y mateantes para pl\u00e1sticos, etc.<\/p>\n<p>&nbsp;<\/p>","protected":false},"featured_media":129,"comment_status":"open","ping_status":"closed","template":"","meta":[],"class_list":["post-78","product","type-product","status-publish","has-post-thumbnail","hentry","product_cat-light-diffusion-agent"],"_links":{"self":[{"href":"https:\/\/wanda-chemical.com\/es\/wp-json\/wp\/v2\/product\/78","targetHints":{"allow":["GET"]}}],"collection":[{"href":"https:\/\/wanda-chemical.com\/es\/wp-json\/wp\/v2\/product"}],"about":[{"href":"https:\/\/wanda-chemical.com\/es\/wp-json\/wp\/v2\/types\/product"}],"replies":[{"embeddable":true,"href":"https:\/\/wanda-chemical.com\/es\/wp-json\/wp\/v2\/comments?post=78"}],"wp:featuredmedia":[{"embeddable":true,"href":"https:\/\/wanda-chemical.com\/es\/wp-json\/wp\/v2\/media\/129"}],"wp:attachment":[{"href":"https:\/\/wanda-chemical.com\/es\/wp-json\/wp\/v2\/media?parent=78"}],"curies":[{"name":"wp","href":"https:\/\/api.w.org\/{rel}","templated":true}]}}