{"id":147,"date":"2021-03-15T18:10:03","date_gmt":"2021-03-15T10:10:03","guid":{"rendered":"https:\/\/wanda-chemical.com\/?post_type=product&#038;p=147"},"modified":"2023-07-03T14:48:28","modified_gmt":"2023-07-03T06:48:28","slug":"for-cosmetics-application","status":"publish","type":"product","link":"https:\/\/wanda-chemical.com\/es\/producto\/for-cosmetics-application\/","title":{"rendered":"para aplicaci\u00f3n cosm\u00e9tica"},"content":{"rendered":"<p><span style=\"color: #008000;\"><strong><span class=\"text-dst\">Otros nombres: <\/span><\/strong><\/span>Resina de silicona esf\u00e9rica en polvo, resina de silicona microesf\u00e9rica en polvo, resina de silicona en polvo, polimetilsilsesquioxano, PMSQ en polvo, dimetisiloxano<\/p>\n<p>&nbsp;<\/p>\n<div class=\"page\" title=\"P\u00e1gina 1\">\n<div class=\"layoutArea\">\n<div class=\"column\">\n<p><span style=\"color: #008000;\"><strong><span class=\"text-dst\">Aplicaci\u00f3n:<\/span><\/strong><\/span><\/p>\n<\/div>\n<\/div>\n<div class=\"section\">\n<div class=\"layoutArea\">\n<div class=\"column\">\n<ul>\n<li>Productos solares: pantalla solar, emulsi\u00f3n bloqueadora<\/li>\n<li>Cosm\u00e9ticos de color: barras de labios, bases, sombras de ojos, polvos compactos, polvos sueltos<\/li>\n<li>Productos para el cuidado de la piel: crema de noche, crema antiedad y antiarrugas, BB cream<\/li>\n<li>Cuidado personal: lociones corporales<\/li>\n<\/ul>\n<\/div>\n<\/div>\n<\/div>\n<\/div>\n<p>&nbsp;<\/p>\n<p><span style=\"color: #008000;\"><strong><span class=\"text-dst\">\u00bfQu\u00e9 ventajas tiene para los cosm\u00e9ticos?\u00a0<\/span><\/strong><\/span><\/p>\n<p><span class=\"text-dst\">1.)<\/span>absorbente de aceite no polar&amp; f\u00e1cil de dispersar tanto en agua como en aceite<\/p>\n<p>2.) La estructura esf\u00e9rica proporciona a los cosm\u00e9ticos una buena suavidad y un mejor tacto sedoso, lo que facilita su aplicaci\u00f3n.<\/p>\n<p>3.) Puede utilizarse en polvo prensado para mejorar su resistencia a la fractura.<\/p>\n<p>4.) Las propiedades org\u00e1nicas pueden mejorar la adherencia del producto a la piel y evitar eficazmente la p\u00e9rdida de maquillaje.<\/p>\n<p>5.) La caracter\u00edstica de alto \u00edndice de refracci\u00f3n provoca la dispersi\u00f3n de la luz incidente, debilita el contraste de luz y sombra facial y realiza el efecto de \"desenfoque \u00f3ptico\" o \"enfoque suave\".<\/p>\n<p>6.)Rellena las arrugas finas y aporta suavidad y lubricidad a la piel<\/p>\n<p>&nbsp;<\/p>\n<p><span style=\"color: #008000;\"><strong><span class=\"text-dst\">Consejos c\u00e1lidos:<\/span><\/strong><\/span><\/p>\n<p>La proporci\u00f3n general de mezcla de este tipo de caucho de silicona es de 0,5-0,8%. Los clientes pueden ajustarla de forma flexible seg\u00fan el material de la matriz, el uso real, el grosor del material, el tratamiento de la superficie y otras necesidades.<\/p>","protected":false},"excerpt":{"rendered":"<p>El polvo de resina de silicona puede utilizarse en cosm\u00e9ticos. Puede mejorar el tacto, la resistencia al sudor y la capacidad de enmascaramiento de cosm\u00e9ticos como bases de maquillaje y productos para el cuidado de la piel.<\/p>\n<p class=\"p1\"><strong>Por el precio<span class=\"s1\">,<\/span><\/strong>\u00a0p\u00f3ngase en contacto con nosotros<span class=\"s1\">,<\/span> cotizaci\u00f3n detallada de este polvo de resina de silicona le enviar\u00e1 para su referencia.<\/p>\n<p class=\"p1\"><strong>Para muestra<\/strong><span class=\"s1\">,<\/span>\u00a0gratuito<\/p>\n<p class=\"p1\"><strong>MOQ:<\/strong>\u00a0100kgs<\/p>\n<p class=\"p1\"><strong>C\u00f3digo H.S:<\/strong>\u00a039100090<\/p>\n<p class=\"p1\"><strong>T\u00e9rmino comercial:<\/strong>\u00a0EXW\/FOB\/CFR\/CIF disponibles<\/p>","protected":false},"featured_media":148,"comment_status":"open","ping_status":"closed","template":"","meta":[],"class_list":["post-147","product","type-product","status-publish","has-post-thumbnail","hentry","product_cat-silicone-resin-powder"],"_links":{"self":[{"href":"https:\/\/wanda-chemical.com\/es\/wp-json\/wp\/v2\/product\/147","targetHints":{"allow":["GET"]}}],"collection":[{"href":"https:\/\/wanda-chemical.com\/es\/wp-json\/wp\/v2\/product"}],"about":[{"href":"https:\/\/wanda-chemical.com\/es\/wp-json\/wp\/v2\/types\/product"}],"replies":[{"embeddable":true,"href":"https:\/\/wanda-chemical.com\/es\/wp-json\/wp\/v2\/comments?post=147"}],"wp:featuredmedia":[{"embeddable":true,"href":"https:\/\/wanda-chemical.com\/es\/wp-json\/wp\/v2\/media\/148"}],"wp:attachment":[{"href":"https:\/\/wanda-chemical.com\/es\/wp-json\/wp\/v2\/media?parent=147"}],"curies":[{"name":"wp","href":"https:\/\/api.w.org\/{rel}","templated":true}]}}