{"id":1423,"date":"2023-06-09T09:56:41","date_gmt":"2023-06-09T01:56:41","guid":{"rendered":"https:\/\/wanda-chemical.com\/?post_type=product&#038;p=1423"},"modified":"2023-06-09T10:01:03","modified_gmt":"2023-06-09T02:01:03","slug":"anti-dripping-additive-pfoa-free-wd-6260","status":"publish","type":"product","link":"https:\/\/wanda-chemical.com\/es\/producto\/anti-dripping-additive-pfoa-free-wd-6260\/","title":{"rendered":"Aditivo antigoteo sin PFOA WD-6260"},"content":{"rendered":"<p><strong><b>Aplicaci\u00f3n:<\/b><\/strong><\/p>\n<p>Adecuado para termopl\u00e1sticos, como el nailon y el PP, que deben cumplir la norma UL94 V0.<\/p>\n<p>Evita el goteo de los pl\u00e1sticos cuando se queman.<\/p>\n<p>&nbsp;<\/p>\n<p><strong><b>Propiedades f\u00edsicas: <\/b><\/strong><\/p>\n<table>\n<tbody>\n<tr>\n<td width=\"170\">\n<p style=\"text-align: center;\"><strong><b>D<\/b><\/strong><strong><b>ata<\/b><\/strong><\/p>\n<\/td>\n<td width=\"224\">\n<p style=\"text-align: center;\"><strong><b>WD-6260<\/b><\/strong><\/p>\n<\/td>\n<\/tr>\n<tr>\n<td width=\"170\">\n<p style=\"text-align: center;\"><strong><b>A granel<\/b><\/strong>\u00a0<strong><b>densidad<\/b><\/strong><\/p>\n<\/td>\n<td width=\"224\">\n<p style=\"text-align: center;\"><strong><b>~700<\/b><\/strong><strong><b>g<\/b><\/strong><strong><b>\/<\/b><\/strong><strong><b>L<\/b><\/strong><\/p>\n<\/td>\n<\/tr>\n<tr>\n<td width=\"170\">\n<p style=\"text-align: center;\"><strong><b>A<\/b><\/strong><strong><b>ppearance<\/b><\/strong><\/p>\n<\/td>\n<td width=\"224\">\n<p style=\"text-align: center;\"><strong><b>W<\/b><\/strong><strong><b>h<\/b><\/strong><strong><b>ite<\/b><\/strong>\u00a0<strong><b>polvo<\/b><\/strong><\/p>\n<\/td>\n<\/tr>\n<tr>\n<td width=\"170\">\n<p style=\"text-align: center;\"><strong><b>PTFE<\/b><\/strong>\u00a0<strong><b>contenido<\/b><\/strong><\/p>\n<\/td>\n<td width=\"224\">\n<p style=\"text-align: center;\"><strong><b>\u226598%<\/b><\/strong><\/p>\n<\/td>\n<\/tr>\n<\/tbody>\n<\/table>\n<p>&nbsp;<\/p>\n<p><strong><b>Dosis t\u00edpica:<\/b><\/strong><\/p>\n<table>\n<tbody>\n<tr>\n<td width=\"255\">\n<p style=\"text-align: center;\"><strong><b>M<\/b><\/strong><strong><b>a<\/b><\/strong><strong><b>terial<\/b><\/strong><\/p>\n<\/td>\n<td width=\"253\">\n<p style=\"text-align: center;\"><strong><b>Dos<\/b><\/strong><strong><b>edad<\/b><\/strong>\u00a0<strong><b>Ratio<\/b><\/strong><\/p>\n<\/td>\n<\/tr>\n<tr>\n<td width=\"255\">\n<p style=\"text-align: center;\"><strong><b>PC\/ABS<\/b><\/strong><\/p>\n<\/td>\n<td width=\"253\">\n<p style=\"text-align: center;\">0.20% &#8211; 0.30%<\/p>\n<\/td>\n<\/tr>\n<tr>\n<td width=\"255\">\n<p style=\"text-align: center;\"><strong><b>P<\/b><\/strong><strong><b>C<\/b><\/strong><\/p>\n<\/td>\n<td width=\"253\">\n<p style=\"text-align: center;\">0.40% -0.50%<\/p>\n<\/td>\n<\/tr>\n<tr>\n<td width=\"255\">\n<p style=\"text-align: center;\"><strong><b>A<\/b><\/strong><strong><b>BS<\/b><\/strong><\/p>\n<\/td>\n<td width=\"253\">\n<p style=\"text-align: center;\">0.10%- 0.20%<\/p>\n<\/td>\n<\/tr>\n<\/tbody>\n<\/table>\n<p>&nbsp;<\/p>\n<p><strong><b>S<\/b><\/strong><strong><b>h<\/b><\/strong><strong><b>elfo L<\/b><\/strong><strong><b>i<\/b><\/strong><strong><b>fe: <\/b><\/strong><\/p>\n<p>Si se almacena a una temperatura igual o inferior a 25\u00b0C en los envases originales sin abrir, su vida \u00fatil es de 3 a\u00f1os a partir de la fecha de producci\u00f3n.<\/p>\n<p>&nbsp;<\/p>\n<p><strong><b>Almacenamiento y precauciones\uff1a<\/b><\/strong><\/p>\n<p>*Debe conservarse en un lugar limpio y seco, en su envase original sin abrir.<\/p>\n<p>*Lea atentamente la ficha de datos de seguridad del producto (MSDS) antes de utilizarlo, que puede solicitar al proveedor.<\/p>","protected":false},"excerpt":{"rendered":"<p>El agente antigoteo WD-6260 es polvo de PTFE puro.<\/p>\n<p>WD-6260 cumple los requisitos de la normativa UL 94.<\/p>","protected":false},"featured_media":875,"comment_status":"open","ping_status":"closed","template":"","meta":[],"class_list":["post-1423","product","type-product","status-publish","has-post-thumbnail","hentry","product_cat-antidripping-agent","product_tag-antidripping-agent"],"_links":{"self":[{"href":"https:\/\/wanda-chemical.com\/es\/wp-json\/wp\/v2\/product\/1423","targetHints":{"allow":["GET"]}}],"collection":[{"href":"https:\/\/wanda-chemical.com\/es\/wp-json\/wp\/v2\/product"}],"about":[{"href":"https:\/\/wanda-chemical.com\/es\/wp-json\/wp\/v2\/types\/product"}],"replies":[{"embeddable":true,"href":"https:\/\/wanda-chemical.com\/es\/wp-json\/wp\/v2\/comments?post=1423"}],"wp:featuredmedia":[{"embeddable":true,"href":"https:\/\/wanda-chemical.com\/es\/wp-json\/wp\/v2\/media\/875"}],"wp:attachment":[{"href":"https:\/\/wanda-chemical.com\/es\/wp-json\/wp\/v2\/media?parent=1423"}],"curies":[{"name":"wp","href":"https:\/\/api.w.org\/{rel}","templated":true}]}}